{"id":11104,"date":"2025-12-16T10:49:33","date_gmt":"2025-12-16T10:49:33","guid":{"rendered":"https:\/\/chocolate-rook-941503.hostingersite.com\/?page_id=11104"},"modified":"2026-03-24T14:44:13","modified_gmt":"2026-03-24T14:44:13","slug":"market-information-and-surveillance","status":"publish","type":"page","link":"https:\/\/anmopyc.es\/en\/internacionalizacion-y-mercados\/informacion-y-vigilancia-de-mercados\/","title":{"rendered":"Market information and surveillance"},"content":{"rendered":"<div data-elementor-type=\"wp-page\" data-elementor-id=\"11104\" class=\"elementor elementor-11104\" data-elementor-post-type=\"page\">\n\t\t\t\t<div class=\"elementor-element elementor-element-d33f4ff e-flex e-con-boxed e-con e-parent\" data-id=\"d33f4ff\" data-element_type=\"container\" data-e-type=\"container\" data-settings=\"{&quot;background_background&quot;:&quot;classic&quot;}\">\n\t\t\t\t\t<div class=\"e-con-inner\">\n\t\t\t\t<div class=\"elementor-element elementor-element-1749f7b elementor-widget elementor-widget-heading\" data-id=\"1749f7b\" data-element_type=\"widget\" data-e-type=\"widget\" data-widget_type=\"heading.default\">\n\t\t\t\t\t<h1 class=\"elementor-heading-title elementor-size-default\">Market information and surveillance\n\n\n<\/h1>\t\t\t\t<\/div>\n\t\t\t\t<div class=\"elementor-element elementor-element-c5624d4 elementor-widget elementor-widget-text-editor\" data-id=\"c5624d4\" data-element_type=\"widget\" data-e-type=\"widget\" data-widget_type=\"text-editor.default\">\n\t\t\t\t\t\t\t\t\t<p><span style=\"font-weight: 400;\">From <strong>ANMOPYC<\/strong> we offer personalized support on demand, providing our associates with the necessary information to operate in the international markets of their interest.<\/span><\/p><p><span style=\"font-weight: 400;\">We provide information and advice for market analysis, including data on imports, exports and tariffs, as well as applicable procedures and regulations in each country.<\/span><\/p>\t\t\t\t\t\t\t\t<\/div>\n\t\t\t\t\t<\/div>\n\t\t\t\t<\/div>\n\t\t<div class=\"elementor-element elementor-element-7522641 e-con-full e-flex e-con e-parent\" data-id=\"7522641\" data-element_type=\"container\" data-e-type=\"container\">\n\t\t\t\t<div class=\"elementor-element elementor-element-3ee41c8 elementor-widget elementor-widget-image\" data-id=\"3ee41c8\" data-element_type=\"widget\" data-e-type=\"widget\" data-widget_type=\"image.default\">\n\t\t\t\t\t\t\t\t\t\t\t\t\t\t\t<img fetchpriority=\"high\" decoding=\"async\" width=\"1200\" height=\"400\" src=\"https:\/\/anmopyc.es\/wp-content\/uploads\/2025\/12\/mercados-internacionales.webp\" class=\"attachment-full size-full wp-image-11275\" alt=\"Vista a\u00e9rea de colada volc\u00e1nica con lava incandescente avanzando hacia zona costera\" srcset=\"https:\/\/anmopyc.es\/wp-content\/uploads\/2025\/12\/mercados-internacionales.webp 1200w, https:\/\/anmopyc.es\/wp-content\/uploads\/2025\/12\/mercados-internacionales-300x100.webp 300w, https:\/\/anmopyc.es\/wp-content\/uploads\/2025\/12\/mercados-internacionales-1024x341.webp 1024w, https:\/\/anmopyc.es\/wp-content\/uploads\/2025\/12\/mercados-internacionales-768x256.webp 768w\" sizes=\"(max-width: 1200px) 100vw, 1200px\" \/>\t\t\t\t\t\t\t\t\t\t\t\t\t\t\t<\/div>\n\t\t\t\t<\/div>\n\t\t<div class=\"elementor-element elementor-element-ec5a8b6 e-flex e-con-boxed e-con e-parent\" data-id=\"ec5a8b6\" data-element_type=\"container\" data-e-type=\"container\" data-settings=\"{&quot;background_background&quot;:&quot;classic&quot;}\">\n\t\t\t\t\t<div class=\"e-con-inner\">\n\t\t\t\t<div class=\"elementor-element elementor-element-ab3436d elementor-widget elementor-widget-text-editor\" data-id=\"ab3436d\" data-element_type=\"widget\" data-e-type=\"widget\" data-widget_type=\"text-editor.default\">\n\t\t\t\t\t\t\t\t\t<p><span style=\"font-weight: 400;\">Like <strong>specialized industry association<\/strong>, We understand the needs of our companies and the key profiles to be contacted in each market, which allows us to support in the identification of partners and potential clients.\u00a0<\/span><\/p><p><span style=\"font-weight: 400;\">Through this service, we offer tailor-made information on importers, <strong>distributors, manufacturers, competitors<\/strong> and other relevant aspects in key markets.<\/span><\/p>\t\t\t\t\t\t\t\t<\/div>\n\t\t\t\t\t<\/div>\n\t\t\t\t<\/div>\n\t\t<div class=\"elementor-element elementor-element-6cbf85d e-flex e-con-boxed e-con e-parent\" data-id=\"6cbf85d\" data-element_type=\"container\" data-e-type=\"container\" data-settings=\"{&quot;background_background&quot;:&quot;classic&quot;}\">\n\t\t\t\t\t<div class=\"e-con-inner\">\n\t\t\t\t<div class=\"elementor-element elementor-element-15cd3b8 elementor-widget elementor-widget-heading\" data-id=\"15cd3b8\" data-element_type=\"widget\" data-e-type=\"widget\" data-widget_type=\"heading.default\">\n\t\t\t\t\t<h2 class=\"elementor-heading-title elementor-size-default\">It is part of the cluster that <span style=\"color: #FACB00\">drives the industry <\/span><\/h2>\t\t\t\t<\/div>\n\t\t\t\t<div class=\"elementor-element elementor-element-62c7943 elementor-widget elementor-widget-button\" data-id=\"62c7943\" data-element_type=\"widget\" data-e-type=\"widget\" data-widget_type=\"button.default\">\n\t\t\t\t\t\t\t\t\t\t<a class=\"elementor-button elementor-button-link elementor-size-sm\" href=\"#\">\n\t\t\t\t\t\t<span class=\"elementor-button-content-wrapper\">\n\t\t\t\t\t\t\t\t\t<span class=\"elementor-button-text\">Join Anmopyc<\/span>\n\t\t\t\t\t<\/span>\n\t\t\t\t\t<\/a>\n\t\t\t\t\t\t\t\t<\/div>\n\t\t\t\t\t<\/div>\n\t\t\t\t<\/div>\n\t\t\t\t<\/div>","protected":false},"excerpt":{"rendered":"<p>Informaci\u00f3n y vigilancia de mercados Desde ANMOPYC ofrecemos apoyo personalizado bajo demanda, facilitando a nuestros asociados la informaci\u00f3n necesaria para operar en los mercados internacionales de su inter\u00e9s. Proporcionamos informaci\u00f3n y asesoramiento para el an\u00e1lisis de mercados, incluyendo datos sobre importaciones, exportaciones y aranceles, as\u00ed como sobre tr\u00e1mites y regulaciones aplicables en cada pa\u00eds. Como [&hellip;]<\/p>\n","protected":false},"author":1,"featured_media":0,"parent":11048,"menu_order":28,"comment_status":"closed","ping_status":"closed","template":"elementor_header_footer","meta":{"_acf_changed":false,"_joinchat":[],"footnotes":""},"class_list":["post-11104","page","type-page","status-publish","hentry"],"acf":[],"yoast_head":"<!-- This site is optimized with the Yoast SEO plugin v27.2 - https:\/\/yoast.com\/product\/yoast-seo-wordpress\/ -->\n<title>Informaci\u00f3n y vigilancia de mercados - Anmopyc<\/title>\n<meta name=\"description\" content=\"Obt\u00e9n informaci\u00f3n y vigilancia de mercados internacionales para anticipar oportunidades y tendencias en el sector de maquinaria.\" \/>\n<meta name=\"robots\" content=\"index, follow, max-snippet:-1, max-image-preview:large, max-video-preview:-1\" \/>\n<link rel=\"canonical\" href=\"https:\/\/anmopyc.es\/en\/internationalization-and-markets\/market-information-and-surveillance\/\" \/>\n<meta property=\"og:locale\" content=\"en_US\" \/>\n<meta property=\"og:type\" content=\"article\" \/>\n<meta property=\"og:title\" content=\"Informaci\u00f3n y vigilancia de mercados - Anmopyc\" \/>\n<meta property=\"og:description\" content=\"Obt\u00e9n informaci\u00f3n y vigilancia de mercados internacionales para anticipar oportunidades y tendencias en el sector de maquinaria.\" \/>\n<meta property=\"og:url\" content=\"https:\/\/anmopyc.es\/en\/internationalization-and-markets\/market-information-and-surveillance\/\" \/>\n<meta property=\"og:site_name\" content=\"Anmopyc\" \/>\n<meta property=\"article:publisher\" content=\"https:\/\/www.facebook.com\/anmopyc.red\" \/>\n<meta property=\"article:modified_time\" content=\"2026-03-24T14:44:13+00:00\" \/>\n<meta property=\"og:image\" content=\"https:\/\/anmopyc.es\/wp-content\/uploads\/2025\/12\/mercados-internacionales.webp\" \/>\n<meta name=\"twitter:card\" content=\"summary_large_image\" \/>\n<meta name=\"twitter:label1\" content=\"Est. reading time\" \/>\n\t<meta name=\"twitter:data1\" content=\"1 minute\" \/>\n<script type=\"application\/ld+json\" class=\"yoast-schema-graph\">{\"@context\":\"https:\/\/schema.org\",\"@graph\":[{\"@type\":\"WebPage\",\"@id\":\"https:\/\/anmopyc.es\/internacionalizacion-y-mercados\/informacion-y-vigilancia-de-mercados\/\",\"url\":\"https:\/\/anmopyc.es\/internacionalizacion-y-mercados\/informacion-y-vigilancia-de-mercados\/\",\"name\":\"Informaci\u00f3n y vigilancia de mercados - Anmopyc\",\"isPartOf\":{\"@id\":\"https:\/\/anmopyc.es\/#website\"},\"primaryImageOfPage\":{\"@id\":\"https:\/\/anmopyc.es\/internacionalizacion-y-mercados\/informacion-y-vigilancia-de-mercados\/#primaryimage\"},\"image\":{\"@id\":\"https:\/\/anmopyc.es\/internacionalizacion-y-mercados\/informacion-y-vigilancia-de-mercados\/#primaryimage\"},\"thumbnailUrl\":\"https:\/\/anmopyc.es\/wp-content\/uploads\/2025\/12\/mercados-internacionales.webp\",\"datePublished\":\"2025-12-16T10:49:33+00:00\",\"dateModified\":\"2026-03-24T14:44:13+00:00\",\"description\":\"Obt\u00e9n informaci\u00f3n y vigilancia de mercados internacionales para anticipar oportunidades y tendencias en el sector de maquinaria.\",\"breadcrumb\":{\"@id\":\"https:\/\/anmopyc.es\/internacionalizacion-y-mercados\/informacion-y-vigilancia-de-mercados\/#breadcrumb\"},\"inLanguage\":\"en-US\",\"potentialAction\":[{\"@type\":\"ReadAction\",\"target\":[\"https:\/\/anmopyc.es\/internacionalizacion-y-mercados\/informacion-y-vigilancia-de-mercados\/\"]}]},{\"@type\":\"ImageObject\",\"inLanguage\":\"en-US\",\"@id\":\"https:\/\/anmopyc.es\/internacionalizacion-y-mercados\/informacion-y-vigilancia-de-mercados\/#primaryimage\",\"url\":\"https:\/\/anmopyc.es\/wp-content\/uploads\/2025\/12\/mercados-internacionales.webp\",\"contentUrl\":\"https:\/\/anmopyc.es\/wp-content\/uploads\/2025\/12\/mercados-internacionales.webp\"},{\"@type\":\"BreadcrumbList\",\"@id\":\"https:\/\/anmopyc.es\/internacionalizacion-y-mercados\/informacion-y-vigilancia-de-mercados\/#breadcrumb\",\"itemListElement\":[{\"@type\":\"ListItem\",\"position\":1,\"name\":\"Home\",\"item\":\"https:\/\/anmopyc.es\/\"},{\"@type\":\"ListItem\",\"position\":2,\"name\":\"Internacionalizaci\u00f3n y mercados\",\"item\":\"https:\/\/anmopyc.es\/internacionalizacion-y-mercados\/\"},{\"@type\":\"ListItem\",\"position\":3,\"name\":\"Informaci\u00f3n y vigilancia de mercados\"}]},{\"@type\":\"WebSite\",\"@id\":\"https:\/\/anmopyc.es\/#website\",\"url\":\"https:\/\/anmopyc.es\/\",\"name\":\"Anmopyc\",\"description\":\"\",\"publisher\":{\"@id\":\"https:\/\/anmopyc.es\/#organization\"},\"potentialAction\":[{\"@type\":\"SearchAction\",\"target\":{\"@type\":\"EntryPoint\",\"urlTemplate\":\"https:\/\/anmopyc.es\/?s={search_term_string}\"},\"query-input\":{\"@type\":\"PropertyValueSpecification\",\"valueRequired\":true,\"valueName\":\"search_term_string\"}}],\"inLanguage\":\"en-US\"},{\"@type\":\"Organization\",\"@id\":\"https:\/\/anmopyc.es\/#organization\",\"name\":\"Anmopyc\",\"url\":\"https:\/\/anmopyc.es\/\",\"logo\":{\"@type\":\"ImageObject\",\"inLanguage\":\"en-US\",\"@id\":\"https:\/\/anmopyc.es\/#\/schema\/logo\/image\/\",\"url\":\"https:\/\/anmopyc.es\/wp-content\/uploads\/2025\/10\/anmopyc-correctoAZUL.svg\",\"contentUrl\":\"https:\/\/anmopyc.es\/wp-content\/uploads\/2025\/10\/anmopyc-correctoAZUL.svg\",\"width\":372,\"height\":129,\"caption\":\"Anmopyc\"},\"image\":{\"@id\":\"https:\/\/anmopyc.es\/#\/schema\/logo\/image\/\"},\"sameAs\":[\"https:\/\/www.facebook.com\/anmopyc.red\"]}]}<\/script>\n<!-- \/ Yoast SEO plugin. -->","yoast_head_json":{"title":"Market information and surveillance - Anmopyc","description":"Obt\u00e9n informaci\u00f3n y vigilancia de mercados internacionales para anticipar oportunidades y tendencias en el sector de maquinaria.","robots":{"index":"index","follow":"follow","max-snippet":"max-snippet:-1","max-image-preview":"max-image-preview:large","max-video-preview":"max-video-preview:-1"},"canonical":"https:\/\/anmopyc.es\/en\/internationalization-and-markets\/market-information-and-surveillance\/","og_locale":"en_US","og_type":"article","og_title":"Informaci\u00f3n y vigilancia de mercados - Anmopyc","og_description":"Obt\u00e9n informaci\u00f3n y vigilancia de mercados internacionales para anticipar oportunidades y tendencias en el sector de maquinaria.","og_url":"https:\/\/anmopyc.es\/en\/internationalization-and-markets\/market-information-and-surveillance\/","og_site_name":"Anmopyc","article_publisher":"https:\/\/www.facebook.com\/anmopyc.red","article_modified_time":"2026-03-24T14:44:13+00:00","og_image":[{"url":"https:\/\/anmopyc.es\/wp-content\/uploads\/2025\/12\/mercados-internacionales.webp","type":"","width":"","height":""}],"twitter_card":"summary_large_image","twitter_misc":{"Est. reading time":"1 minute"},"schema":{"@context":"https:\/\/schema.org","@graph":[{"@type":"WebPage","@id":"https:\/\/anmopyc.es\/internacionalizacion-y-mercados\/informacion-y-vigilancia-de-mercados\/","url":"https:\/\/anmopyc.es\/internacionalizacion-y-mercados\/informacion-y-vigilancia-de-mercados\/","name":"Market information and surveillance - Anmopyc","isPartOf":{"@id":"https:\/\/anmopyc.es\/#website"},"primaryImageOfPage":{"@id":"https:\/\/anmopyc.es\/internacionalizacion-y-mercados\/informacion-y-vigilancia-de-mercados\/#primaryimage"},"image":{"@id":"https:\/\/anmopyc.es\/internacionalizacion-y-mercados\/informacion-y-vigilancia-de-mercados\/#primaryimage"},"thumbnailUrl":"https:\/\/anmopyc.es\/wp-content\/uploads\/2025\/12\/mercados-internacionales.webp","datePublished":"2025-12-16T10:49:33+00:00","dateModified":"2026-03-24T14:44:13+00:00","description":"Obt\u00e9n informaci\u00f3n y vigilancia de mercados internacionales para anticipar oportunidades y tendencias en el sector de maquinaria.","breadcrumb":{"@id":"https:\/\/anmopyc.es\/internacionalizacion-y-mercados\/informacion-y-vigilancia-de-mercados\/#breadcrumb"},"inLanguage":"en-US","potentialAction":[{"@type":"ReadAction","target":["https:\/\/anmopyc.es\/internacionalizacion-y-mercados\/informacion-y-vigilancia-de-mercados\/"]}]},{"@type":"ImageObject","inLanguage":"en-US","@id":"https:\/\/anmopyc.es\/internacionalizacion-y-mercados\/informacion-y-vigilancia-de-mercados\/#primaryimage","url":"https:\/\/anmopyc.es\/wp-content\/uploads\/2025\/12\/mercados-internacionales.webp","contentUrl":"https:\/\/anmopyc.es\/wp-content\/uploads\/2025\/12\/mercados-internacionales.webp"},{"@type":"BreadcrumbList","@id":"https:\/\/anmopyc.es\/internacionalizacion-y-mercados\/informacion-y-vigilancia-de-mercados\/#breadcrumb","itemListElement":[{"@type":"ListItem","position":1,"name":"Home","item":"https:\/\/anmopyc.es\/"},{"@type":"ListItem","position":2,"name":"Internacionalizaci\u00f3n y mercados","item":"https:\/\/anmopyc.es\/internacionalizacion-y-mercados\/"},{"@type":"ListItem","position":3,"name":"Informaci\u00f3n y vigilancia de mercados"}]},{"@type":"WebSite","@id":"https:\/\/anmopyc.es\/#website","url":"https:\/\/anmopyc.es\/","name":"Anmopyc","description":"","publisher":{"@id":"https:\/\/anmopyc.es\/#organization"},"potentialAction":[{"@type":"SearchAction","target":{"@type":"EntryPoint","urlTemplate":"https:\/\/anmopyc.es\/?s={search_term_string}"},"query-input":{"@type":"PropertyValueSpecification","valueRequired":true,"valueName":"search_term_string"}}],"inLanguage":"en-US"},{"@type":"Organization","@id":"https:\/\/anmopyc.es\/#organization","name":"Anmopyc","url":"https:\/\/anmopyc.es\/","logo":{"@type":"ImageObject","inLanguage":"en-US","@id":"https:\/\/anmopyc.es\/#\/schema\/logo\/image\/","url":"https:\/\/anmopyc.es\/wp-content\/uploads\/2025\/10\/anmopyc-correctoAZUL.svg","contentUrl":"https:\/\/anmopyc.es\/wp-content\/uploads\/2025\/10\/anmopyc-correctoAZUL.svg","width":372,"height":129,"caption":"Anmopyc"},"image":{"@id":"https:\/\/anmopyc.es\/#\/schema\/logo\/image\/"},"sameAs":["https:\/\/www.facebook.com\/anmopyc.red"]}]}},"_links":{"self":[{"href":"https:\/\/anmopyc.es\/en\/wp-json\/wp\/v2\/pages\/11104","targetHints":{"allow":["GET"]}}],"collection":[{"href":"https:\/\/anmopyc.es\/en\/wp-json\/wp\/v2\/pages"}],"about":[{"href":"https:\/\/anmopyc.es\/en\/wp-json\/wp\/v2\/types\/page"}],"author":[{"embeddable":true,"href":"https:\/\/anmopyc.es\/en\/wp-json\/wp\/v2\/users\/1"}],"replies":[{"embeddable":true,"href":"https:\/\/anmopyc.es\/en\/wp-json\/wp\/v2\/comments?post=11104"}],"version-history":[{"count":22,"href":"https:\/\/anmopyc.es\/en\/wp-json\/wp\/v2\/pages\/11104\/revisions"}],"predecessor-version":[{"id":13287,"href":"https:\/\/anmopyc.es\/en\/wp-json\/wp\/v2\/pages\/11104\/revisions\/13287"}],"up":[{"embeddable":true,"href":"https:\/\/anmopyc.es\/en\/wp-json\/wp\/v2\/pages\/11048"}],"wp:attachment":[{"href":"https:\/\/anmopyc.es\/en\/wp-json\/wp\/v2\/media?parent=11104"}],"curies":[{"name":"wp","href":"https:\/\/api.w.org\/{rel}","templated":true}]}}