{"id":12417,"date":"2025-12-18T18:05:09","date_gmt":"2025-12-18T18:05:09","guid":{"rendered":"https:\/\/chocolate-rook-941503.hostingersite.com\/?page_id=12417"},"modified":"2026-03-24T14:41:10","modified_gmt":"2026-03-24T14:41:10","slug":"cookies-policy","status":"publish","type":"page","link":"https:\/\/anmopyc.es\/en\/politica-de-cookies\/","title":{"rendered":"Cookies Policy"},"content":{"rendered":"<p>What are cookies?<\/p>\n\n\n\n<p>These are text files that are stored on the user's computer when accessing certain websites. When you visit the same site again, the cookie allows the web page to recognize your browser, storing user preferences and other information.<\/p>\n\n\n\n<p>Your browser settings can be changed to refuse all cookies or to indicate when cookies should be sent. Some of the website's functions or services may not work properly without cookies.<\/p>\n\n\n\n<p>Identification of cookies used<\/p>\n\n\n\n<p>Taking into account the guidelines established by the Spanish Data Protection Agency, the cookies used on the ANMOPYC website are classified as follows:<\/p>\n\n\n\n<ul class=\"wp-block-list\">\n<li>Own Cookies: these are those that are sent to the user's terminal equipment from a computer or domain managed by the editor itself and from which the service requested by the user is provided.<\/li>\n\n\n\n<li>Third-party cookies: are those that are sent to the user's terminal equipment from a computer or domain that is not managed by the editor, but by another entity that processes the data obtained through cookies.<\/li>\n<\/ul>\n\n\n\n<p>Depending on the length of time they remain activated in the terminal equipment, we can distinguish:<\/p>\n\n\n\n<ul class=\"wp-block-list\">\n<li>Session cookies: these are a type of cookie designed to collect and store data while the user accesses a web page, they remain on the user's computer during the visit.<\/li>\n\n\n\n<li>Persistent cookies: these are a type of cookie in which the data remains stored in the terminal and can be accessed and processed for a period defined by the party responsible for the cookie, which can range from a few minutes to several years.<\/li>\n<\/ul>\n\n\n\n<p>Depending on the purpose for which the data obtained through cookies are processed, we can distinguish between:<\/p>\n\n\n\n<ul class=\"wp-block-list\">\n<li>Technical Cookies: these are those that allow the user to navigate through a website, platform or application and the use of the different options or services that exist in it (identify session, make the purchase process of an order ...). Personalization Cookies: these are those that allow the user to access the service with some general characteristics predefined according to a series of criteria in the user's terminal (language, type of browser...). Analysis cookies: these cookies allow the party responsible for them to monitor and analyze the behavior of the users of the websites to which they are linked. The information collected through this type of cookies is used to measure the activity of the websites, application or platform and for the elaboration of browsing profiles of the users of these sites, applications and platforms in order to introduce improvements based on the analysis of the usage data of the users of the service.<\/li>\n\n\n\n<li>Personalization Cookies: these are those that allow the user to access the service with some general characteristics predefined according to a series of criteria in the user's terminal (language, type of browser...).<\/li>\n\n\n\n<li>Analysis cookies: are those that allow the party responsible for them to monitor and analyze the behavior of users of the websites to which they are linked. The information collected through this type of cookies is used to measure the activity of the websites, application or platform and for the elaboration of browsing profiles of the users of these sites, applications and platforms in order to introduce improvements based on the analysis of the data on the use made by the users of the service.<\/li>\n<\/ul>\n\n\n\n<figure class=\"wp-block-table\"><table class=\"has-fixed-layout\"><thead><tr><th>NAME<\/th><th>&nbsp;<\/th><th>PURPOSE<\/th><th>DEADLINE<\/th><\/tr><\/thead><tbody><tr><td>_ga<\/td><td>Third parties<\/td><td>Google Cookie, necessary to identify users<\/td><td>2 years<\/td><\/tr><tr><td>_gid<\/td><td>Third parties<\/td><td>Google Cookie, necessary to identify users<\/td><td>24 hours<\/td><\/tr><tr><td>_gat<\/td><td>Third parties<\/td><td>Google Cookie, controls the amount of requests to Google APIs.<\/td><td>1 minute<\/td><\/tr><tr><td>XSRF_TOKEN<\/td><td>Own<\/td><td>System core cookie, necessary for authentication and security in requests.<\/td><td>8 hours<\/td><\/tr><tr><td>noticeCookies-ok<\/td><td>Own<\/td><td>Controls the display of the cookie usage notice<\/td><td>2 years<\/td><\/tr><\/tbody><\/table><\/figure>\n\n\n\n<figure class=\"wp-block-image size-full\"><img decoding=\"async\" width=\"356\" height=\"58\" src=\"https:\/\/anmopyc.es\/wp-content\/uploads\/2025\/12\/image.png\" alt=\"\" class=\"wp-image-12418\" srcset=\"https:\/\/anmopyc.es\/wp-content\/uploads\/2025\/12\/image.png 356w, https:\/\/anmopyc.es\/wp-content\/uploads\/2025\/12\/image-300x49.png 300w\" sizes=\"(max-width: 356px) 100vw, 356px\" \/><\/figure>\n\n\n\n<figure class=\"wp-block-image size-full is-resized\"><img fetchpriority=\"high\" decoding=\"async\" width=\"796\" height=\"535\" src=\"https:\/\/anmopyc.es\/wp-content\/uploads\/2025\/12\/image-1.png\" alt=\"\" class=\"wp-image-12419\" style=\"width:529px;height:auto\" srcset=\"https:\/\/anmopyc.es\/wp-content\/uploads\/2025\/12\/image-1.png 796w, https:\/\/anmopyc.es\/wp-content\/uploads\/2025\/12\/image-1-300x202.png 300w, https:\/\/anmopyc.es\/wp-content\/uploads\/2025\/12\/image-1-768x516.png 768w\" sizes=\"(max-width: 796px) 100vw, 796px\" \/><\/figure>","protected":false},"excerpt":{"rendered":"<p>\u00bfQu\u00e9 son las cookies? Son ficheros de texto que se almacenan en el ordenador del usuario al acceder a determinados sitios web. Cuando vuelve a visitar el mismo sitio, la cookie permite a la p\u00e1gina web reconocer su navegador, almacenando las preferencias del usuario y otro tipo de informaci\u00f3n. La configuraci\u00f3n del navegador se puede [&hellip;]<\/p>\n","protected":false},"author":1,"featured_media":0,"parent":0,"menu_order":44,"comment_status":"closed","ping_status":"closed","template":"","meta":{"_acf_changed":false,"_joinchat":[],"footnotes":""},"class_list":["post-12417","page","type-page","status-publish","hentry"],"acf":[],"yoast_head":"<!-- This site is optimized with the Yoast SEO plugin v27.2 - https:\/\/yoast.com\/product\/yoast-seo-wordpress\/ -->\n<title>Pol\u00edtica de Cookies - Anmopyc<\/title>\n<meta name=\"description\" content=\"Consulta la pol\u00edtica de cookies de ANMOPYC y conoce c\u00f3mo las utilizamos para mejorar la experiencia de usuario y el funcionamiento del sitio.\" \/>\n<meta name=\"robots\" content=\"index, follow, max-snippet:-1, max-image-preview:large, max-video-preview:-1\" \/>\n<link rel=\"canonical\" href=\"https:\/\/anmopyc.es\/en\/cookies-policy\/\" \/>\n<meta property=\"og:locale\" content=\"en_US\" \/>\n<meta property=\"og:type\" content=\"article\" \/>\n<meta property=\"og:title\" content=\"Pol\u00edtica de Cookies - Anmopyc\" \/>\n<meta property=\"og:description\" content=\"Consulta la pol\u00edtica de cookies de ANMOPYC y conoce c\u00f3mo las utilizamos para mejorar la experiencia de usuario y el funcionamiento del sitio.\" \/>\n<meta property=\"og:url\" content=\"https:\/\/anmopyc.es\/en\/cookies-policy\/\" \/>\n<meta property=\"og:site_name\" content=\"Anmopyc\" \/>\n<meta property=\"article:publisher\" content=\"https:\/\/www.facebook.com\/anmopyc.red\" \/>\n<meta property=\"article:modified_time\" content=\"2026-03-24T14:41:10+00:00\" \/>\n<meta property=\"og:image\" content=\"https:\/\/anmopyc.es\/wp-content\/uploads\/2025\/12\/image.png\" \/>\n\t<meta property=\"og:image:width\" content=\"356\" \/>\n\t<meta property=\"og:image:height\" content=\"58\" \/>\n\t<meta property=\"og:image:type\" content=\"image\/png\" \/>\n<meta name=\"twitter:card\" content=\"summary_large_image\" \/>\n<meta name=\"twitter:label1\" content=\"Est. reading time\" \/>\n\t<meta name=\"twitter:data1\" content=\"4 minutes\" \/>\n<script type=\"application\/ld+json\" class=\"yoast-schema-graph\">{\"@context\":\"https:\/\/schema.org\",\"@graph\":[{\"@type\":\"WebPage\",\"@id\":\"https:\/\/anmopyc.es\/politica-de-cookies\/\",\"url\":\"https:\/\/anmopyc.es\/politica-de-cookies\/\",\"name\":\"Pol\u00edtica de Cookies - Anmopyc\",\"isPartOf\":{\"@id\":\"https:\/\/anmopyc.es\/#website\"},\"primaryImageOfPage\":{\"@id\":\"https:\/\/anmopyc.es\/politica-de-cookies\/#primaryimage\"},\"image\":{\"@id\":\"https:\/\/anmopyc.es\/politica-de-cookies\/#primaryimage\"},\"thumbnailUrl\":\"https:\/\/anmopyc.es\/wp-content\/uploads\/2025\/12\/image.png\",\"datePublished\":\"2025-12-18T18:05:09+00:00\",\"dateModified\":\"2026-03-24T14:41:10+00:00\",\"description\":\"Consulta la pol\u00edtica de cookies de ANMOPYC y conoce c\u00f3mo las utilizamos para mejorar la experiencia de usuario y el funcionamiento del sitio.\",\"breadcrumb\":{\"@id\":\"https:\/\/anmopyc.es\/politica-de-cookies\/#breadcrumb\"},\"inLanguage\":\"en-US\",\"potentialAction\":[{\"@type\":\"ReadAction\",\"target\":[\"https:\/\/anmopyc.es\/politica-de-cookies\/\"]}]},{\"@type\":\"ImageObject\",\"inLanguage\":\"en-US\",\"@id\":\"https:\/\/anmopyc.es\/politica-de-cookies\/#primaryimage\",\"url\":\"https:\/\/anmopyc.es\/wp-content\/uploads\/2025\/12\/image.png\",\"contentUrl\":\"https:\/\/anmopyc.es\/wp-content\/uploads\/2025\/12\/image.png\"},{\"@type\":\"BreadcrumbList\",\"@id\":\"https:\/\/anmopyc.es\/politica-de-cookies\/#breadcrumb\",\"itemListElement\":[{\"@type\":\"ListItem\",\"position\":1,\"name\":\"Home\",\"item\":\"https:\/\/anmopyc.es\/\"},{\"@type\":\"ListItem\",\"position\":2,\"name\":\"Pol\u00edtica de Cookies\"}]},{\"@type\":\"WebSite\",\"@id\":\"https:\/\/anmopyc.es\/#website\",\"url\":\"https:\/\/anmopyc.es\/\",\"name\":\"Anmopyc\",\"description\":\"\",\"publisher\":{\"@id\":\"https:\/\/anmopyc.es\/#organization\"},\"potentialAction\":[{\"@type\":\"SearchAction\",\"target\":{\"@type\":\"EntryPoint\",\"urlTemplate\":\"https:\/\/anmopyc.es\/?s={search_term_string}\"},\"query-input\":{\"@type\":\"PropertyValueSpecification\",\"valueRequired\":true,\"valueName\":\"search_term_string\"}}],\"inLanguage\":\"en-US\"},{\"@type\":\"Organization\",\"@id\":\"https:\/\/anmopyc.es\/#organization\",\"name\":\"Anmopyc\",\"url\":\"https:\/\/anmopyc.es\/\",\"logo\":{\"@type\":\"ImageObject\",\"inLanguage\":\"en-US\",\"@id\":\"https:\/\/anmopyc.es\/#\/schema\/logo\/image\/\",\"url\":\"https:\/\/anmopyc.es\/wp-content\/uploads\/2025\/10\/anmopyc-correctoAZUL.svg\",\"contentUrl\":\"https:\/\/anmopyc.es\/wp-content\/uploads\/2025\/10\/anmopyc-correctoAZUL.svg\",\"width\":372,\"height\":129,\"caption\":\"Anmopyc\"},\"image\":{\"@id\":\"https:\/\/anmopyc.es\/#\/schema\/logo\/image\/\"},\"sameAs\":[\"https:\/\/www.facebook.com\/anmopyc.red\"]}]}<\/script>\n<!-- \/ Yoast SEO plugin. -->","yoast_head_json":{"title":"Cookies Policy - Anmopyc","description":"Consulta la pol\u00edtica de cookies de ANMOPYC y conoce c\u00f3mo las utilizamos para mejorar la experiencia de usuario y el funcionamiento del sitio.","robots":{"index":"index","follow":"follow","max-snippet":"max-snippet:-1","max-image-preview":"max-image-preview:large","max-video-preview":"max-video-preview:-1"},"canonical":"https:\/\/anmopyc.es\/en\/cookies-policy\/","og_locale":"en_US","og_type":"article","og_title":"Pol\u00edtica de Cookies - Anmopyc","og_description":"Consulta la pol\u00edtica de cookies de ANMOPYC y conoce c\u00f3mo las utilizamos para mejorar la experiencia de usuario y el funcionamiento del sitio.","og_url":"https:\/\/anmopyc.es\/en\/cookies-policy\/","og_site_name":"Anmopyc","article_publisher":"https:\/\/www.facebook.com\/anmopyc.red","article_modified_time":"2026-03-24T14:41:10+00:00","og_image":[{"width":356,"height":58,"url":"https:\/\/anmopyc.es\/wp-content\/uploads\/2025\/12\/image.png","type":"image\/png"}],"twitter_card":"summary_large_image","twitter_misc":{"Est. reading time":"4 minutes"},"schema":{"@context":"https:\/\/schema.org","@graph":[{"@type":"WebPage","@id":"https:\/\/anmopyc.es\/politica-de-cookies\/","url":"https:\/\/anmopyc.es\/politica-de-cookies\/","name":"Cookies Policy - Anmopyc","isPartOf":{"@id":"https:\/\/anmopyc.es\/#website"},"primaryImageOfPage":{"@id":"https:\/\/anmopyc.es\/politica-de-cookies\/#primaryimage"},"image":{"@id":"https:\/\/anmopyc.es\/politica-de-cookies\/#primaryimage"},"thumbnailUrl":"https:\/\/anmopyc.es\/wp-content\/uploads\/2025\/12\/image.png","datePublished":"2025-12-18T18:05:09+00:00","dateModified":"2026-03-24T14:41:10+00:00","description":"Consulta la pol\u00edtica de cookies de ANMOPYC y conoce c\u00f3mo las utilizamos para mejorar la experiencia de usuario y el funcionamiento del sitio.","breadcrumb":{"@id":"https:\/\/anmopyc.es\/politica-de-cookies\/#breadcrumb"},"inLanguage":"en-US","potentialAction":[{"@type":"ReadAction","target":["https:\/\/anmopyc.es\/politica-de-cookies\/"]}]},{"@type":"ImageObject","inLanguage":"en-US","@id":"https:\/\/anmopyc.es\/politica-de-cookies\/#primaryimage","url":"https:\/\/anmopyc.es\/wp-content\/uploads\/2025\/12\/image.png","contentUrl":"https:\/\/anmopyc.es\/wp-content\/uploads\/2025\/12\/image.png"},{"@type":"BreadcrumbList","@id":"https:\/\/anmopyc.es\/politica-de-cookies\/#breadcrumb","itemListElement":[{"@type":"ListItem","position":1,"name":"Home","item":"https:\/\/anmopyc.es\/"},{"@type":"ListItem","position":2,"name":"Pol\u00edtica de Cookies"}]},{"@type":"WebSite","@id":"https:\/\/anmopyc.es\/#website","url":"https:\/\/anmopyc.es\/","name":"Anmopyc","description":"","publisher":{"@id":"https:\/\/anmopyc.es\/#organization"},"potentialAction":[{"@type":"SearchAction","target":{"@type":"EntryPoint","urlTemplate":"https:\/\/anmopyc.es\/?s={search_term_string}"},"query-input":{"@type":"PropertyValueSpecification","valueRequired":true,"valueName":"search_term_string"}}],"inLanguage":"en-US"},{"@type":"Organization","@id":"https:\/\/anmopyc.es\/#organization","name":"Anmopyc","url":"https:\/\/anmopyc.es\/","logo":{"@type":"ImageObject","inLanguage":"en-US","@id":"https:\/\/anmopyc.es\/#\/schema\/logo\/image\/","url":"https:\/\/anmopyc.es\/wp-content\/uploads\/2025\/10\/anmopyc-correctoAZUL.svg","contentUrl":"https:\/\/anmopyc.es\/wp-content\/uploads\/2025\/10\/anmopyc-correctoAZUL.svg","width":372,"height":129,"caption":"Anmopyc"},"image":{"@id":"https:\/\/anmopyc.es\/#\/schema\/logo\/image\/"},"sameAs":["https:\/\/www.facebook.com\/anmopyc.red"]}]}},"_links":{"self":[{"href":"https:\/\/anmopyc.es\/en\/wp-json\/wp\/v2\/pages\/12417","targetHints":{"allow":["GET"]}}],"collection":[{"href":"https:\/\/anmopyc.es\/en\/wp-json\/wp\/v2\/pages"}],"about":[{"href":"https:\/\/anmopyc.es\/en\/wp-json\/wp\/v2\/types\/page"}],"author":[{"embeddable":true,"href":"https:\/\/anmopyc.es\/en\/wp-json\/wp\/v2\/users\/1"}],"replies":[{"embeddable":true,"href":"https:\/\/anmopyc.es\/en\/wp-json\/wp\/v2\/comments?post=12417"}],"version-history":[{"count":1,"href":"https:\/\/anmopyc.es\/en\/wp-json\/wp\/v2\/pages\/12417\/revisions"}],"predecessor-version":[{"id":12420,"href":"https:\/\/anmopyc.es\/en\/wp-json\/wp\/v2\/pages\/12417\/revisions\/12420"}],"wp:attachment":[{"href":"https:\/\/anmopyc.es\/en\/wp-json\/wp\/v2\/media?parent=12417"}],"curies":[{"name":"wp","href":"https:\/\/api.w.org\/{rel}","templated":true}]}}