{"id":1598,"date":"2025-11-14T10:10:54","date_gmt":"2025-11-14T10:10:54","guid":{"rendered":"https:\/\/chocolate-rook-941503.hostingersite.com\/?page_id=1598"},"modified":"2026-01-27T09:32:02","modified_gmt":"2026-01-27T09:32:02","slug":"services","status":"publish","type":"page","link":"https:\/\/anmopyc.es\/en\/servicios\/","title":{"rendered":"Services"},"content":{"rendered":"<div data-elementor-type=\"wp-page\" data-elementor-id=\"1598\" class=\"elementor elementor-1598\" data-elementor-post-type=\"page\">\n\t\t\t\t<div class=\"elementor-element elementor-element-cdd4a34 e-flex e-con-boxed e-con e-parent\" data-id=\"cdd4a34\" data-element_type=\"container\" data-e-type=\"container\" data-settings=\"{&quot;background_background&quot;:&quot;classic&quot;}\">\n\t\t\t\t\t<div class=\"e-con-inner\">\n\t\t\t\t<div class=\"elementor-element elementor-element-aa1e727 elementor-widget elementor-widget-heading\" data-id=\"aa1e727\" data-element_type=\"widget\" data-e-type=\"widget\" data-widget_type=\"heading.default\">\n\t\t\t\t\t<h1 class=\"elementor-heading-title elementor-size-default\">ANMOPYC Services<\/h1>\t\t\t\t<\/div>\n\t\t\t\t<div class=\"elementor-element elementor-element-33f6eea elementor-widget elementor-widget-text-editor\" data-id=\"33f6eea\" data-element_type=\"widget\" data-e-type=\"widget\" data-widget_type=\"text-editor.default\">\n\t\t\t\t\t\t\t\t\t<p><span style=\"font-weight: 400;\">At\u00a0<\/span><b>ANMOPYC<\/b><span style=\"font-weight: 400;\"> we work to boost the competitiveness of the Spanish construction, public works and mining machinery industry.\u00a0<\/span><span style=\"font-weight: 400;\">We represent, manage and defend the interests of companies in the Construction and Mining Machinery Sector at the regional, national and international level.<\/span><\/p><p><span style=\"font-weight: 400;\">Our services are designed to <\/span><b>defend the interests<\/b><span style=\"font-weight: 400;\"> y\u00a0<\/span><b>accompanying companies in the sector at every stage of their growth<\/b><span style=\"font-weight: 400;\">The company's activities range from legislation and regulation, innovation and institutional representation, to promotion, internationalization and talent attraction.\u00a0<\/span><\/p><p><span style=\"font-weight: 400;\">Find out how we can\u00a0<\/span><b>help you strengthen your business<\/b><span style=\"font-weight: 400;\">\u00a0y\u00a0<\/span><b>expand your business.<\/b><\/p>\t\t\t\t\t\t\t\t<\/div>\n\t\t\t\t\t<\/div>\n\t\t\t\t<\/div>\n\t\t<div class=\"elementor-element elementor-element-9d8117e e-con-full e-flex e-con e-parent\" data-id=\"9d8117e\" data-element_type=\"container\" data-e-type=\"container\">\n\t\t\t\t<div class=\"elementor-element elementor-element-9696d38 elementor-widget elementor-widget-image\" data-id=\"9696d38\" data-element_type=\"widget\" data-e-type=\"widget\" data-widget_type=\"image.default\">\n\t\t\t\t\t\t\t\t\t\t\t\t\t\t\t<img fetchpriority=\"high\" decoding=\"async\" width=\"1200\" height=\"400\" src=\"https:\/\/anmopyc.es\/wp-content\/uploads\/2025\/12\/servicios-1.webp\" class=\"attachment-full size-full wp-image-12597\" alt=\"\" srcset=\"https:\/\/anmopyc.es\/wp-content\/uploads\/2025\/12\/servicios-1.webp 1200w, https:\/\/anmopyc.es\/wp-content\/uploads\/2025\/12\/servicios-1-300x100.webp 300w, https:\/\/anmopyc.es\/wp-content\/uploads\/2025\/12\/servicios-1-1024x341.webp 1024w, https:\/\/anmopyc.es\/wp-content\/uploads\/2025\/12\/servicios-1-768x256.webp 768w\" sizes=\"(max-width: 1200px) 100vw, 1200px\" \/>\t\t\t\t\t\t\t\t\t\t\t\t\t\t\t<\/div>\n\t\t\t\t<\/div>\n\t\t<div class=\"elementor-element elementor-element-96c79b9 e-flex e-con-boxed e-con e-parent\" data-id=\"96c79b9\" data-element_type=\"container\" data-e-type=\"container\">\n\t\t\t\t\t<div class=\"e-con-inner\">\n\t\t\t\t<div class=\"elementor-element elementor-element-99f08be elementor-widget elementor-widget-heading\" data-id=\"99f08be\" data-element_type=\"widget\" data-e-type=\"widget\" data-widget_type=\"heading.default\">\n\t\t\t\t\t<h2 class=\"elementor-heading-title elementor-size-default\">Strengthen your company <\/h2>\t\t\t\t<\/div>\n\t\t\t\t<div class=\"elementor-element elementor-element-82d3260 elementor-widget elementor-widget-text-editor\" data-id=\"82d3260\" data-element_type=\"widget\" data-e-type=\"widget\" data-widget_type=\"text-editor.default\">\n\t\t\t\t\t\t\t\t\t<p>We offer tools and specialized support to improve management, comply with regulations and anticipate market changes.<\/p>\t\t\t\t\t\t\t\t<\/div>\n\t\t\t\t\t<\/div>\n\t\t\t\t<\/div>\n\t\t<div class=\"elementor-element elementor-element-889f969 e-flex e-con-boxed e-con e-parent\" data-id=\"889f969\" data-element_type=\"container\" data-e-type=\"container\">\n\t\t\t\t\t<div class=\"e-con-inner\">\n\t\t<div class=\"elementor-element elementor-element-ac07c68 e-con-full e-flex e-con e-child\" data-id=\"ac07c68\" data-element_type=\"container\" data-e-type=\"container\" data-settings=\"{&quot;background_background&quot;:&quot;classic&quot;}\">\n\t\t\t\t<div class=\"elementor-element elementor-element-5e88f84 elementor-widget elementor-widget-heading\" data-id=\"5e88f84\" data-element_type=\"widget\" data-e-type=\"widget\" data-widget_type=\"heading.default\">\n\t\t\t\t\t<h2 class=\"elementor-heading-title elementor-size-default\"><a href=\"https:\/\/anmopyc.es\/en\/servicios\/normativa-y-seguridad\/\">Regulations and <br>Security<\/a><\/h2>\t\t\t\t<\/div>\n\t\t\t\t<\/div>\n\t\t<div class=\"elementor-element elementor-element-98f7a50 e-con-full e-flex e-con e-child\" data-id=\"98f7a50\" data-element_type=\"container\" data-e-type=\"container\" data-settings=\"{&quot;background_background&quot;:&quot;classic&quot;}\">\n\t\t\t\t<div class=\"elementor-element elementor-element-c1c5a46 elementor-widget elementor-widget-heading\" data-id=\"c1c5a46\" data-element_type=\"widget\" data-e-type=\"widget\" data-widget_type=\"heading.default\">\n\t\t\t\t\t<h2 class=\"elementor-heading-title elementor-size-default\"><a href=\"https:\/\/anmopyc.es\/en\/innovacion-y-tecnologia-idi\/\">Innovation and Technology (R&amp;D&amp;I)<\/a><\/h2>\t\t\t\t<\/div>\n\t\t\t\t<\/div>\n\t\t<div class=\"elementor-element elementor-element-87e0156 e-con-full e-flex e-con e-child\" data-id=\"87e0156\" data-element_type=\"container\" data-e-type=\"container\" data-settings=\"{&quot;background_background&quot;:&quot;classic&quot;}\">\n\t\t\t\t<div class=\"elementor-element elementor-element-34ca104 elementor-widget elementor-widget-heading\" data-id=\"34ca104\" data-element_type=\"widget\" data-e-type=\"widget\" data-widget_type=\"heading.default\">\n\t\t\t\t\t<h2 class=\"elementor-heading-title elementor-size-default\"><a href=\"https:\/\/anmopyc.es\/en\/servicios\/formacion-y-talento\/\">Training and<br> Talent<\/a><\/h2>\t\t\t\t<\/div>\n\t\t\t\t<\/div>\n\t\t\t\t\t<\/div>\n\t\t\t\t<\/div>\n\t\t<div class=\"elementor-element elementor-element-26796da e-flex e-con-boxed e-con e-parent\" data-id=\"26796da\" data-element_type=\"container\" data-e-type=\"container\">\n\t\t\t\t\t<div class=\"e-con-inner\">\n\t\t<div class=\"elementor-element elementor-element-0efc637 e-con-full e-flex e-con e-child\" data-id=\"0efc637\" data-element_type=\"container\" data-e-type=\"container\" data-settings=\"{&quot;background_background&quot;:&quot;classic&quot;}\">\n\t\t\t\t<div class=\"elementor-element elementor-element-d7c20fd elementor-widget elementor-widget-heading\" data-id=\"d7c20fd\" data-element_type=\"widget\" data-e-type=\"widget\" data-widget_type=\"heading.default\">\n\t\t\t\t\t<h2 class=\"elementor-heading-title elementor-size-default\"><a href=\"https:\/\/anmopyc.es\/en\/servicios\/comisiones-de-trabajo-2\/\">Working Committees<\/a><\/h2>\t\t\t\t<\/div>\n\t\t\t\t<\/div>\n\t\t<div class=\"elementor-element elementor-element-e19b21b e-con-full e-flex e-con e-child\" data-id=\"e19b21b\" data-element_type=\"container\" data-e-type=\"container\" data-settings=\"{&quot;background_background&quot;:&quot;classic&quot;}\">\n\t\t\t\t<div class=\"elementor-element elementor-element-f411308 elementor-widget elementor-widget-heading\" data-id=\"f411308\" data-element_type=\"widget\" data-e-type=\"widget\" data-widget_type=\"heading.default\">\n\t\t\t\t\t<h2 class=\"elementor-heading-title elementor-size-default\"><a href=\"https:\/\/anmopyc.es\/en\/servicios\/gestion-de-ayudas-y-subvenciones\/\">Grants and Subsidies Management<\/a><\/h2>\t\t\t\t<\/div>\n\t\t\t\t<\/div>\n\t\t\t\t\t<\/div>\n\t\t\t\t<\/div>\n\t\t<div class=\"elementor-element elementor-element-a2d43da e-flex e-con-boxed e-con e-parent\" data-id=\"a2d43da\" data-element_type=\"container\" data-e-type=\"container\" data-settings=\"{&quot;background_background&quot;:&quot;classic&quot;}\">\n\t\t\t\t\t<div class=\"e-con-inner\">\n\t\t\t\t<div class=\"elementor-element elementor-element-45f4b42 elementor-widget elementor-widget-heading\" data-id=\"45f4b42\" data-element_type=\"widget\" data-e-type=\"widget\" data-widget_type=\"heading.default\">\n\t\t\t\t\t<h2 class=\"elementor-heading-title elementor-size-default\">Boost your business<\/h2>\t\t\t\t<\/div>\n\t\t\t\t<div class=\"elementor-element elementor-element-927caa8 elementor-widget elementor-widget-text-editor\" data-id=\"927caa8\" data-element_type=\"widget\" data-e-type=\"widget\" data-widget_type=\"text-editor.default\">\n\t\t\t\t\t\t\t\t\t<p>We enhance your visibility, open new markets and foster collaboration between companies in the industrial ecosystem.<\/p>\t\t\t\t\t\t\t\t<\/div>\n\t\t\t\t\t<\/div>\n\t\t\t\t<\/div>\n\t\t<div class=\"elementor-element elementor-element-2b92fdf e-flex e-con-boxed e-con e-parent\" data-id=\"2b92fdf\" data-element_type=\"container\" data-e-type=\"container\" data-settings=\"{&quot;background_background&quot;:&quot;classic&quot;}\">\n\t\t\t\t\t<div class=\"e-con-inner\">\n\t\t<div class=\"elementor-element elementor-element-e0cf6d1 e-con-full e-flex e-con e-child\" data-id=\"e0cf6d1\" data-element_type=\"container\" data-e-type=\"container\" data-settings=\"{&quot;background_background&quot;:&quot;classic&quot;}\">\n\t\t\t\t<div class=\"elementor-element elementor-element-6ec21f4 elementor-widget elementor-widget-heading\" data-id=\"6ec21f4\" data-element_type=\"widget\" data-e-type=\"widget\" data-widget_type=\"heading.default\">\n\t\t\t\t\t<h2 class=\"elementor-heading-title elementor-size-default\"><a href=\"https:\/\/anmopyc.es\/en\/internacionalizacion-y-mercados\/\"> Internationalization and markets<\/a><\/h2>\t\t\t\t<\/div>\n\t\t\t\t<\/div>\n\t\t<div class=\"elementor-element elementor-element-aa1acb4 e-con-full e-flex e-con e-child\" data-id=\"aa1acb4\" data-element_type=\"container\" data-e-type=\"container\" data-settings=\"{&quot;background_background&quot;:&quot;classic&quot;}\">\n\t\t\t\t<div class=\"elementor-element elementor-element-01664a7 elementor-widget elementor-widget-heading\" data-id=\"01664a7\" data-element_type=\"widget\" data-e-type=\"widget\" data-widget_type=\"heading.default\">\n\t\t\t\t\t<h2 class=\"elementor-heading-title elementor-size-default\"><a href=\"https:\/\/anmopyc.es\/en\/servicios\/lobby-y-representacion-institucional\/\">Lobbying and Institutional Representation<\/a><\/h2>\t\t\t\t<\/div>\n\t\t\t\t<\/div>\n\t\t<div class=\"elementor-element elementor-element-a5def55 e-con-full e-flex e-con e-child\" data-id=\"a5def55\" data-element_type=\"container\" data-e-type=\"container\" data-settings=\"{&quot;background_background&quot;:&quot;classic&quot;}\">\n\t\t\t\t<div class=\"elementor-element elementor-element-270af6c elementor-widget elementor-widget-heading\" data-id=\"270af6c\" data-element_type=\"widget\" data-e-type=\"widget\" data-widget_type=\"heading.default\">\n\t\t\t\t\t<h2 class=\"elementor-heading-title elementor-size-default\"><a href=\"https:\/\/anmopyc.es\/en\/networking-y-cooperacion\/\">Networking and Cooperation<\/a><\/h2>\t\t\t\t<\/div>\n\t\t\t\t<\/div>\n\t\t<div class=\"elementor-element elementor-element-55ddd1a e-con-full e-flex e-con e-child\" data-id=\"55ddd1a\" data-element_type=\"container\" data-e-type=\"container\" data-settings=\"{&quot;background_background&quot;:&quot;classic&quot;}\">\n\t\t\t\t<div class=\"elementor-element elementor-element-aac6c3b elementor-widget elementor-widget-heading\" data-id=\"aac6c3b\" data-element_type=\"widget\" data-e-type=\"widget\" data-widget_type=\"heading.default\">\n\t\t\t\t\t<h2 class=\"elementor-heading-title elementor-size-default\"><a href=\"https:\/\/anmopyc.es\/en\/marketing-y-comunicacion\/\">Marketing and Communication<\/a><\/h2>\t\t\t\t<\/div>\n\t\t\t\t<\/div>\n\t\t\t\t\t<\/div>\n\t\t\t\t<\/div>\n\t\t<div class=\"elementor-element elementor-element-b8ca70d e-flex e-con-boxed e-con e-parent\" data-id=\"b8ca70d\" data-element_type=\"container\" data-e-type=\"container\" data-settings=\"{&quot;background_background&quot;:&quot;classic&quot;}\">\n\t\t\t\t\t<div class=\"e-con-inner\">\n\t\t\t\t<div class=\"elementor-element elementor-element-9c056fc elementor-widget elementor-widget-heading\" data-id=\"9c056fc\" data-element_type=\"widget\" data-e-type=\"widget\" data-widget_type=\"heading.default\">\n\t\t\t\t\t<h2 class=\"elementor-heading-title elementor-size-default\">Grow with Anmopyc<\/h2>\t\t\t\t<\/div>\n\t\t\t\t<div class=\"elementor-element elementor-element-6cd3d49 elementor-widget elementor-widget-text-editor\" data-id=\"6cd3d49\" data-element_type=\"widget\" data-e-type=\"widget\" data-widget_type=\"text-editor.default\">\n\t\t\t\t\t\t\t\t\t<p>Each service of<strong> ANMOPYC<\/strong> is designed to strengthen your company and project the strength of the Spanish machinery industry to the world.<\/p>\t\t\t\t\t\t\t\t<\/div>\n\t\t\t\t<div class=\"elementor-element elementor-element-30fb62e elementor-widget elementor-widget-button\" data-id=\"30fb62e\" data-element_type=\"widget\" data-e-type=\"widget\" data-widget_type=\"button.default\">\n\t\t\t\t\t\t\t\t\t\t<a class=\"elementor-button elementor-button-link elementor-size-sm\" href=\"https:\/\/anmopyc.es\/en\/contacto\/\">\n\t\t\t\t\t\t<span class=\"elementor-button-content-wrapper\">\n\t\t\t\t\t\t\t\t\t<span class=\"elementor-button-text\">Joining the cluster means adding opportunities, knowledge and visibility.<\/span>\n\t\t\t\t\t<\/span>\n\t\t\t\t\t<\/a>\n\t\t\t\t\t\t\t\t<\/div>\n\t\t\t\t\t<\/div>\n\t\t\t\t<\/div>\n\t\t<div class=\"elementor-element elementor-element-97eaa44 e-con-full e-flex e-con e-parent\" data-id=\"97eaa44\" data-element_type=\"container\" data-e-type=\"container\">\n\t\t\t\t<div class=\"elementor-element elementor-element-a9e5e57 elementor-widget elementor-widget-image\" data-id=\"a9e5e57\" data-element_type=\"widget\" data-e-type=\"widget\" data-widget_type=\"image.default\">\n\t\t\t\t\t\t\t\t\t\t\t\t\t\t\t<img decoding=\"async\" width=\"800\" height=\"266\" src=\"https:\/\/anmopyc.es\/wp-content\/uploads\/2025\/12\/fortalecer-empresa-1024x341.webp\" class=\"attachment-large size-large wp-image-12924\" alt=\"Equipo celebrando logro con manos en alto en oficina iluminada al atardecer\" srcset=\"https:\/\/anmopyc.es\/wp-content\/uploads\/2025\/12\/fortalecer-empresa-1024x341.webp 1024w, https:\/\/anmopyc.es\/wp-content\/uploads\/2025\/12\/fortalecer-empresa-300x100.webp 300w, https:\/\/anmopyc.es\/wp-content\/uploads\/2025\/12\/fortalecer-empresa-768x256.webp 768w, https:\/\/anmopyc.es\/wp-content\/uploads\/2025\/12\/fortalecer-empresa.webp 1200w\" sizes=\"(max-width: 800px) 100vw, 800px\" \/>\t\t\t\t\t\t\t\t\t\t\t\t\t\t\t<\/div>\n\t\t\t\t<\/div>\n\t\t<div class=\"elementor-element elementor-element-f0a8fb8 e-flex e-con-boxed e-con e-parent\" data-id=\"f0a8fb8\" data-element_type=\"container\" data-e-type=\"container\" data-settings=\"{&quot;background_background&quot;:&quot;classic&quot;}\">\n\t\t\t\t\t<div class=\"e-con-inner\">\n\t\t\t\t<div class=\"elementor-element elementor-element-f9b1823 elementor-widget elementor-widget-heading\" data-id=\"f9b1823\" data-element_type=\"widget\" data-e-type=\"widget\" data-widget_type=\"heading.default\">\n\t\t\t\t\t<h2 class=\"elementor-heading-title elementor-size-default\">It is part of the cluster that <span style=\"color: #FACB00\">drives the industry <\/span><\/h2>\t\t\t\t<\/div>\n\t\t\t\t<div class=\"elementor-element elementor-element-48f5fab elementor-widget elementor-widget-button\" data-id=\"48f5fab\" data-element_type=\"widget\" data-e-type=\"widget\" data-widget_type=\"button.default\">\n\t\t\t\t\t\t\t\t\t\t<a class=\"elementor-button elementor-button-link elementor-size-sm\" href=\"https:\/\/anmopyc.es\/en\/asociarse\/\">\n\t\t\t\t\t\t<span class=\"elementor-button-content-wrapper\">\n\t\t\t\t\t\t\t\t\t<span class=\"elementor-button-text\">Join Anmopyc<\/span>\n\t\t\t\t\t<\/span>\n\t\t\t\t\t<\/a>\n\t\t\t\t\t\t\t\t<\/div>\n\t\t\t\t\t<\/div>\n\t\t\t\t<\/div>\n\t\t\t\t<\/div>","protected":false},"excerpt":{"rendered":"<p>Servicios ANMOPYC En\u00a0ANMOPYC trabajamos para impulsar la competitividad de la industria espa\u00f1ola de maquinaria para construcci\u00f3n, obra p\u00fablica y miner\u00eda.\u00a0Representamos, gestionamos y defendemos los intereses de las empresas del Sector de la Maquinaria de Construcci\u00f3n y Miner\u00eda en el \u00e1mbito auton\u00f3mico, estatal e internacional. Nuestros servicios est\u00e1n dise\u00f1ados para defender los intereses y\u00a0acompa\u00f1ar a las [&hellip;]<\/p>\n","protected":false},"author":1,"featured_media":0,"parent":0,"menu_order":51,"comment_status":"closed","ping_status":"closed","template":"elementor_header_footer","meta":{"_acf_changed":false,"_joinchat":[],"footnotes":""},"class_list":["post-1598","page","type-page","status-publish","hentry"],"acf":[],"yoast_head":"<!-- This site is optimized with the Yoast SEO plugin v27.2 - https:\/\/yoast.com\/product\/yoast-seo-wordpress\/ -->\n<title>Servicios - Anmopyc Apoyo Integral a Empresas del Sector<\/title>\n<meta name=\"description\" content=\"Servicios para fabricantes y asociados: normativa, I+D+i, formaci\u00f3n, comisiones, ayudas, internacionalizaci\u00f3n y representaci\u00f3n sectorial.\" \/>\n<meta name=\"robots\" content=\"index, follow, max-snippet:-1, max-image-preview:large, max-video-preview:-1\" \/>\n<link rel=\"canonical\" href=\"https:\/\/anmopyc.es\/en\/services\/\" \/>\n<meta property=\"og:locale\" content=\"en_US\" \/>\n<meta property=\"og:type\" content=\"article\" \/>\n<meta property=\"og:title\" content=\"Servicios - Anmopyc Apoyo Integral a Empresas del Sector\" \/>\n<meta property=\"og:description\" content=\"Servicios para fabricantes y asociados: normativa, I+D+i, formaci\u00f3n, comisiones, ayudas, internacionalizaci\u00f3n y representaci\u00f3n sectorial.\" \/>\n<meta property=\"og:url\" content=\"https:\/\/anmopyc.es\/en\/services\/\" \/>\n<meta property=\"og:site_name\" content=\"Anmopyc\" \/>\n<meta property=\"article:publisher\" content=\"https:\/\/www.facebook.com\/anmopyc.red\" \/>\n<meta property=\"article:modified_time\" content=\"2026-01-27T09:32:02+00:00\" \/>\n<meta property=\"og:image\" content=\"https:\/\/anmopyc.es\/wp-content\/uploads\/2025\/12\/servicios-1.webp\" \/>\n\t<meta property=\"og:image:width\" content=\"1200\" \/>\n\t<meta property=\"og:image:height\" content=\"400\" \/>\n\t<meta property=\"og:image:type\" content=\"image\/webp\" \/>\n<meta name=\"twitter:card\" content=\"summary_large_image\" \/>\n<meta name=\"twitter:label1\" content=\"Est. reading time\" \/>\n\t<meta name=\"twitter:data1\" content=\"2 minutes\" \/>\n<script type=\"application\/ld+json\" class=\"yoast-schema-graph\">{\"@context\":\"https:\/\/schema.org\",\"@graph\":[{\"@type\":\"WebPage\",\"@id\":\"https:\/\/anmopyc.es\/en\/servicios\/\",\"url\":\"https:\/\/anmopyc.es\/en\/servicios\/\",\"name\":\"Servicios - Anmopyc Apoyo Integral a Empresas del Sector\",\"isPartOf\":{\"@id\":\"https:\/\/anmopyc.es\/#website\"},\"primaryImageOfPage\":{\"@id\":\"https:\/\/anmopyc.es\/en\/servicios\/#primaryimage\"},\"image\":{\"@id\":\"https:\/\/anmopyc.es\/en\/servicios\/#primaryimage\"},\"thumbnailUrl\":\"https:\/\/anmopyc.es\/wp-content\/uploads\/2025\/12\/servicios-1.webp\",\"datePublished\":\"2025-11-14T10:10:54+00:00\",\"dateModified\":\"2026-01-27T09:32:02+00:00\",\"description\":\"Servicios para fabricantes y asociados: normativa, I+D+i, formaci\u00f3n, comisiones, ayudas, internacionalizaci\u00f3n y representaci\u00f3n sectorial.\",\"breadcrumb\":{\"@id\":\"https:\/\/anmopyc.es\/en\/servicios\/#breadcrumb\"},\"inLanguage\":\"en-US\",\"potentialAction\":[{\"@type\":\"ReadAction\",\"target\":[\"https:\/\/anmopyc.es\/en\/servicios\/\"]}]},{\"@type\":\"ImageObject\",\"inLanguage\":\"en-US\",\"@id\":\"https:\/\/anmopyc.es\/en\/servicios\/#primaryimage\",\"url\":\"https:\/\/anmopyc.es\/wp-content\/uploads\/2025\/12\/servicios-1.webp\",\"contentUrl\":\"https:\/\/anmopyc.es\/wp-content\/uploads\/2025\/12\/servicios-1.webp\"},{\"@type\":\"BreadcrumbList\",\"@id\":\"https:\/\/anmopyc.es\/en\/servicios\/#breadcrumb\",\"itemListElement\":[{\"@type\":\"ListItem\",\"position\":1,\"name\":\"Home\",\"item\":\"https:\/\/anmopyc.es\/\"},{\"@type\":\"ListItem\",\"position\":2,\"name\":\"Servicios\"}]},{\"@type\":\"WebSite\",\"@id\":\"https:\/\/anmopyc.es\/#website\",\"url\":\"https:\/\/anmopyc.es\/\",\"name\":\"Anmopyc\",\"description\":\"\",\"publisher\":{\"@id\":\"https:\/\/anmopyc.es\/#organization\"},\"potentialAction\":[{\"@type\":\"SearchAction\",\"target\":{\"@type\":\"EntryPoint\",\"urlTemplate\":\"https:\/\/anmopyc.es\/?s={search_term_string}\"},\"query-input\":{\"@type\":\"PropertyValueSpecification\",\"valueRequired\":true,\"valueName\":\"search_term_string\"}}],\"inLanguage\":\"en-US\"},{\"@type\":\"Organization\",\"@id\":\"https:\/\/anmopyc.es\/#organization\",\"name\":\"Anmopyc\",\"url\":\"https:\/\/anmopyc.es\/\",\"logo\":{\"@type\":\"ImageObject\",\"inLanguage\":\"en-US\",\"@id\":\"https:\/\/anmopyc.es\/#\/schema\/logo\/image\/\",\"url\":\"https:\/\/anmopyc.es\/wp-content\/uploads\/2025\/10\/anmopyc-correctoAZUL.svg\",\"contentUrl\":\"https:\/\/anmopyc.es\/wp-content\/uploads\/2025\/10\/anmopyc-correctoAZUL.svg\",\"width\":372,\"height\":129,\"caption\":\"Anmopyc\"},\"image\":{\"@id\":\"https:\/\/anmopyc.es\/#\/schema\/logo\/image\/\"},\"sameAs\":[\"https:\/\/www.facebook.com\/anmopyc.red\"]}]}<\/script>\n<!-- \/ Yoast SEO plugin. -->","yoast_head_json":{"title":"Services - Anmopyc Integral Support to Sector Companies","description":"Services for manufacturers and associates: regulations, R&amp;D&amp;I, training, commissions, grants, internationalization and sector representation.","robots":{"index":"index","follow":"follow","max-snippet":"max-snippet:-1","max-image-preview":"max-image-preview:large","max-video-preview":"max-video-preview:-1"},"canonical":"https:\/\/anmopyc.es\/en\/services\/","og_locale":"en_US","og_type":"article","og_title":"Servicios - Anmopyc Apoyo Integral a Empresas del Sector","og_description":"Servicios para fabricantes y asociados: normativa, I+D+i, formaci\u00f3n, comisiones, ayudas, internacionalizaci\u00f3n y representaci\u00f3n sectorial.","og_url":"https:\/\/anmopyc.es\/en\/services\/","og_site_name":"Anmopyc","article_publisher":"https:\/\/www.facebook.com\/anmopyc.red","article_modified_time":"2026-01-27T09:32:02+00:00","og_image":[{"width":1200,"height":400,"url":"https:\/\/anmopyc.es\/wp-content\/uploads\/2025\/12\/servicios-1.webp","type":"image\/webp"}],"twitter_card":"summary_large_image","twitter_misc":{"Est. reading time":"2 minutes"},"schema":{"@context":"https:\/\/schema.org","@graph":[{"@type":"WebPage","@id":"https:\/\/anmopyc.es\/en\/servicios\/","url":"https:\/\/anmopyc.es\/en\/servicios\/","name":"Services - Anmopyc Integral Support to Sector Companies","isPartOf":{"@id":"https:\/\/anmopyc.es\/#website"},"primaryImageOfPage":{"@id":"https:\/\/anmopyc.es\/en\/servicios\/#primaryimage"},"image":{"@id":"https:\/\/anmopyc.es\/en\/servicios\/#primaryimage"},"thumbnailUrl":"https:\/\/anmopyc.es\/wp-content\/uploads\/2025\/12\/servicios-1.webp","datePublished":"2025-11-14T10:10:54+00:00","dateModified":"2026-01-27T09:32:02+00:00","description":"Services for manufacturers and associates: regulations, R&amp;D&amp;I, training, commissions, grants, internationalization and sector representation.","breadcrumb":{"@id":"https:\/\/anmopyc.es\/en\/servicios\/#breadcrumb"},"inLanguage":"en-US","potentialAction":[{"@type":"ReadAction","target":["https:\/\/anmopyc.es\/en\/servicios\/"]}]},{"@type":"ImageObject","inLanguage":"en-US","@id":"https:\/\/anmopyc.es\/en\/servicios\/#primaryimage","url":"https:\/\/anmopyc.es\/wp-content\/uploads\/2025\/12\/servicios-1.webp","contentUrl":"https:\/\/anmopyc.es\/wp-content\/uploads\/2025\/12\/servicios-1.webp"},{"@type":"BreadcrumbList","@id":"https:\/\/anmopyc.es\/en\/servicios\/#breadcrumb","itemListElement":[{"@type":"ListItem","position":1,"name":"Home","item":"https:\/\/anmopyc.es\/"},{"@type":"ListItem","position":2,"name":"Servicios"}]},{"@type":"WebSite","@id":"https:\/\/anmopyc.es\/#website","url":"https:\/\/anmopyc.es\/","name":"Anmopyc","description":"","publisher":{"@id":"https:\/\/anmopyc.es\/#organization"},"potentialAction":[{"@type":"SearchAction","target":{"@type":"EntryPoint","urlTemplate":"https:\/\/anmopyc.es\/?s={search_term_string}"},"query-input":{"@type":"PropertyValueSpecification","valueRequired":true,"valueName":"search_term_string"}}],"inLanguage":"en-US"},{"@type":"Organization","@id":"https:\/\/anmopyc.es\/#organization","name":"Anmopyc","url":"https:\/\/anmopyc.es\/","logo":{"@type":"ImageObject","inLanguage":"en-US","@id":"https:\/\/anmopyc.es\/#\/schema\/logo\/image\/","url":"https:\/\/anmopyc.es\/wp-content\/uploads\/2025\/10\/anmopyc-correctoAZUL.svg","contentUrl":"https:\/\/anmopyc.es\/wp-content\/uploads\/2025\/10\/anmopyc-correctoAZUL.svg","width":372,"height":129,"caption":"Anmopyc"},"image":{"@id":"https:\/\/anmopyc.es\/#\/schema\/logo\/image\/"},"sameAs":["https:\/\/www.facebook.com\/anmopyc.red"]}]}},"_links":{"self":[{"href":"https:\/\/anmopyc.es\/en\/wp-json\/wp\/v2\/pages\/1598","targetHints":{"allow":["GET"]}}],"collection":[{"href":"https:\/\/anmopyc.es\/en\/wp-json\/wp\/v2\/pages"}],"about":[{"href":"https:\/\/anmopyc.es\/en\/wp-json\/wp\/v2\/types\/page"}],"author":[{"embeddable":true,"href":"https:\/\/anmopyc.es\/en\/wp-json\/wp\/v2\/users\/1"}],"replies":[{"embeddable":true,"href":"https:\/\/anmopyc.es\/en\/wp-json\/wp\/v2\/comments?post=1598"}],"version-history":[{"count":85,"href":"https:\/\/anmopyc.es\/en\/wp-json\/wp\/v2\/pages\/1598\/revisions"}],"predecessor-version":[{"id":15263,"href":"https:\/\/anmopyc.es\/en\/wp-json\/wp\/v2\/pages\/1598\/revisions\/15263"}],"wp:attachment":[{"href":"https:\/\/anmopyc.es\/en\/wp-json\/wp\/v2\/media?parent=1598"}],"curies":[{"name":"wp","href":"https:\/\/api.w.org\/{rel}","templated":true}]}}