{"id":16271,"date":"2026-02-02T10:50:18","date_gmt":"2026-02-02T10:50:18","guid":{"rendered":"https:\/\/anmopyc.es\/password-reset\/"},"modified":"2026-03-24T14:43:31","modified_gmt":"2026-03-24T14:43:31","slug":"reset-password","status":"publish","type":"page","link":"https:\/\/anmopyc.es\/en\/restablecer-contrasena\/","title":{"rendered":"Reset password"},"content":{"rendered":"<div data-elementor-type=\"wp-page\" data-elementor-id=\"16271\" class=\"elementor elementor-16271\" data-elementor-post-type=\"page\">\n\t\t\t\t<div class=\"elementor-element elementor-element-e8f8865 e-flex e-con-boxed e-con e-parent\" data-id=\"e8f8865\" data-element_type=\"container\" data-e-type=\"container\">\n\t\t\t\t\t<div class=\"e-con-inner\">\n\t\t<div class=\"elementor-element elementor-element-02fe2c5 e-con-full e-flex e-con e-child\" data-id=\"02fe2c5\" data-element_type=\"container\" data-e-type=\"container\">\n\t\t\t\t<\/div>\n\t\t<div class=\"elementor-element elementor-element-a376cb1 e-con-full e-flex e-con e-child\" data-id=\"a376cb1\" data-element_type=\"container\" data-e-type=\"container\">\n\t\t\t\t<div class=\"elementor-element elementor-element-5546f16 elementor-widget elementor-widget-heading\" data-id=\"5546f16\" data-element_type=\"widget\" data-e-type=\"widget\" data-widget_type=\"heading.default\">\n\t\t\t\t\t<h2 class=\"elementor-heading-title elementor-size-default\">Reset password<\/h2>\t\t\t\t<\/div>\n\t\t\t\t<div class=\"elementor-element elementor-element-5af4b35 elementor-widget elementor-widget-password-recovery-form\" data-id=\"5af4b35\" data-element_type=\"widget\" data-e-type=\"widget\" data-widget_type=\"password-recovery-form.default\">\n\t\t\t\t<div class=\"elementor-widget-container\">\n\t\t\t\t\t\n<div class=\"wpum-template wpum-form wpum-password-recovery-form\">\n\n\t\n\t<p>\n\t\tLost your password? Please enter your username or email address. You will receive a link to create a new password via email.\t<\/p>\n\n\t<form action=\"\/en\/wp-json\/wp\/v2\/pages\/16271\" method=\"post\" id=\"wpum-submit-password-recovery-form\" enctype=\"multipart\/form-data\" data-trp-original-action=\"\/en\/wp-json\/wp\/v2\/pages\/16271\">\n\n\t\t\t\t\t<fieldset class=\"fieldset-username_email\">\n\n\t\t\t\t\n\t\t\t\t\t<label for=\"username_email\">\n\t\t\t\t\t\tUsername or Email Address\t\t\t\t\t\t\t\t\t\t\t\t\t<span class=\"wpum-required\">*<\/span>\n\t\t\t\t\t\t\t\t\t\t\t<\/label>\n\t\t\t\t\t<div class=\"field required-field\">\n\t\t\t\t\t\t\n<input\n\ttype=\"text\"\n\tclass=\"input-text\"\n\tname=\"username_email\"\n\t\tid=\"username_email\"\n\tplaceholder=\"\"\n\tvalue=\"\"\n\tmaxlength=\"\"\n\trequired\t\t\t\t\/>\n\t\t\t\t\t<\/div>\n\n\t\t\t\t\n\t\t\t<\/fieldset>\n\t\t\n\t\t<input type=\"hidden\" name=\"wpum_form\" value=\"password-recovery\" \/>\n\t\t<input type=\"hidden\" name=\"step\" value=\"0\" \/>\n\t\t<input type=\"hidden\" id=\"password_recovery_nonce\" name=\"password_recovery_nonce\" value=\"6b0c97dfbc\" \/><input type=\"hidden\" name=\"_wp_http_referer\" value=\"\/en\/wp-json\/wp\/v2\/pages\/16271\" \/>\n\t\t\n\t\t<input type=\"submit\" name=\"submit_password_recovery\" class=\"button\" value=\"Reset password\" \/>\n\n\t<input type=\"hidden\" name=\"trp-form-language\" value=\"en\"\/><\/form>\n\n<\/div>\n\n<ul class=\"wpum-action-links\">\n\t\t\t<\/ul>\n\t\t\t\t<\/div>\n\t\t\t\t<\/div>\n\t\t\t\t<div class=\"elementor-element elementor-element-bb8c903 elementor-widget elementor-widget-text-editor\" data-id=\"bb8c903\" data-element_type=\"widget\" data-e-type=\"widget\" data-widget_type=\"text-editor.default\">\n\t\t\t\t\t\t\t\t\t<p style=\"text-align: left;\"><b>Request your passwords<\/b><span style=\"font-weight: 400;\">If you are a member of ANMOPYC and you have not yet done it <\/span><strong>Register <a href=\"https:\/\/anmopyc.es\/en\/become-a-member\/\">Here\u00a0<\/a><\/strong><\/p>\t\t\t\t\t\t\t\t<\/div>\n\t\t\t\t<\/div>\n\t\t<div class=\"elementor-element elementor-element-e10c353 e-con-full e-flex e-con e-child\" data-id=\"e10c353\" data-element_type=\"container\" data-e-type=\"container\">\n\t\t\t\t<\/div>\n\t\t\t\t\t<\/div>\n\t\t\t\t<\/div>\n\t\t\t\t<\/div>","protected":false},"excerpt":{"rendered":"<p>Reset password Request your passwords: If you are a member of ANMOPYC and you haven't done it yet, register here\u00a0<\/p>","protected":false},"author":1,"featured_media":0,"parent":0,"menu_order":7,"comment_status":"closed","ping_status":"closed","template":"elementor_header_footer","meta":{"_acf_changed":false,"_joinchat":[],"footnotes":""},"class_list":["post-16271","page","type-page","status-publish","hentry"],"acf":[],"yoast_head":"<!-- This site is optimized with the Yoast SEO plugin v27.2 - https:\/\/yoast.com\/product\/yoast-seo-wordpress\/ -->\n<title>Restablecer contrase\u00f1a - Anmopyc<\/title>\n<meta name=\"description\" content=\"Restablece tu contrase\u00f1a de acceso al \u00e1rea privada de ANMOPYC de forma r\u00e1pida y segura para continuar gestionando tus servicios.\" \/>\n<meta name=\"robots\" content=\"noindex, nofollow\" \/>\n<meta property=\"og:locale\" content=\"en_US\" \/>\n<meta property=\"og:type\" content=\"article\" \/>\n<meta property=\"og:title\" content=\"Restablecer contrase\u00f1a - Anmopyc\" \/>\n<meta property=\"og:description\" content=\"Restablece tu contrase\u00f1a de acceso al \u00e1rea privada de ANMOPYC de forma r\u00e1pida y segura para continuar gestionando tus servicios.\" \/>\n<meta property=\"og:url\" content=\"https:\/\/anmopyc.es\/en\/reset-password\/\" \/>\n<meta property=\"og:site_name\" content=\"Anmopyc\" \/>\n<meta property=\"article:publisher\" content=\"https:\/\/www.facebook.com\/anmopyc.red\" \/>\n<meta property=\"article:modified_time\" content=\"2026-03-24T14:43:31+00:00\" \/>\n<meta name=\"twitter:card\" content=\"summary_large_image\" \/>\n<meta name=\"twitter:label1\" content=\"Est. reading time\" \/>\n\t<meta name=\"twitter:data1\" content=\"1 minute\" \/>\n<script type=\"application\/ld+json\" class=\"yoast-schema-graph\">{\"@context\":\"https:\/\/schema.org\",\"@graph\":[{\"@type\":\"WebPage\",\"@id\":\"https:\/\/anmopyc.es\/restablecer-contrasena\/\",\"url\":\"https:\/\/anmopyc.es\/restablecer-contrasena\/\",\"name\":\"Restablecer contrase\u00f1a - Anmopyc\",\"isPartOf\":{\"@id\":\"https:\/\/anmopyc.es\/#website\"},\"datePublished\":\"2026-02-02T10:50:18+00:00\",\"dateModified\":\"2026-03-24T14:43:31+00:00\",\"description\":\"Restablece tu contrase\u00f1a de acceso al \u00e1rea privada de ANMOPYC de forma r\u00e1pida y segura para continuar gestionando tus servicios.\",\"breadcrumb\":{\"@id\":\"https:\/\/anmopyc.es\/restablecer-contrasena\/#breadcrumb\"},\"inLanguage\":\"en-US\",\"potentialAction\":[{\"@type\":\"ReadAction\",\"target\":[\"https:\/\/anmopyc.es\/restablecer-contrasena\/\"]}]},{\"@type\":\"BreadcrumbList\",\"@id\":\"https:\/\/anmopyc.es\/restablecer-contrasena\/#breadcrumb\",\"itemListElement\":[{\"@type\":\"ListItem\",\"position\":1,\"name\":\"Home\",\"item\":\"https:\/\/anmopyc.es\/\"},{\"@type\":\"ListItem\",\"position\":2,\"name\":\"Restablecer contrase\u00f1a\"}]},{\"@type\":\"WebSite\",\"@id\":\"https:\/\/anmopyc.es\/#website\",\"url\":\"https:\/\/anmopyc.es\/\",\"name\":\"Anmopyc\",\"description\":\"\",\"publisher\":{\"@id\":\"https:\/\/anmopyc.es\/#organization\"},\"potentialAction\":[{\"@type\":\"SearchAction\",\"target\":{\"@type\":\"EntryPoint\",\"urlTemplate\":\"https:\/\/anmopyc.es\/?s={search_term_string}\"},\"query-input\":{\"@type\":\"PropertyValueSpecification\",\"valueRequired\":true,\"valueName\":\"search_term_string\"}}],\"inLanguage\":\"en-US\"},{\"@type\":\"Organization\",\"@id\":\"https:\/\/anmopyc.es\/#organization\",\"name\":\"Anmopyc\",\"url\":\"https:\/\/anmopyc.es\/\",\"logo\":{\"@type\":\"ImageObject\",\"inLanguage\":\"en-US\",\"@id\":\"https:\/\/anmopyc.es\/#\/schema\/logo\/image\/\",\"url\":\"https:\/\/anmopyc.es\/wp-content\/uploads\/2025\/10\/anmopyc-correctoAZUL.svg\",\"contentUrl\":\"https:\/\/anmopyc.es\/wp-content\/uploads\/2025\/10\/anmopyc-correctoAZUL.svg\",\"width\":372,\"height\":129,\"caption\":\"Anmopyc\"},\"image\":{\"@id\":\"https:\/\/anmopyc.es\/#\/schema\/logo\/image\/\"},\"sameAs\":[\"https:\/\/www.facebook.com\/anmopyc.red\"]}]}<\/script>\n<!-- \/ Yoast SEO plugin. -->","yoast_head_json":{"title":"Reset password - Anmopyc","description":"Restablece tu contrase\u00f1a de acceso al \u00e1rea privada de ANMOPYC de forma r\u00e1pida y segura para continuar gestionando tus servicios.","robots":{"index":"noindex","follow":"nofollow"},"og_locale":"en_US","og_type":"article","og_title":"Restablecer contrase\u00f1a - Anmopyc","og_description":"Restablece tu contrase\u00f1a de acceso al \u00e1rea privada de ANMOPYC de forma r\u00e1pida y segura para continuar gestionando tus servicios.","og_url":"https:\/\/anmopyc.es\/en\/reset-password\/","og_site_name":"Anmopyc","article_publisher":"https:\/\/www.facebook.com\/anmopyc.red","article_modified_time":"2026-03-24T14:43:31+00:00","twitter_card":"summary_large_image","twitter_misc":{"Est. reading time":"1 minute"},"schema":{"@context":"https:\/\/schema.org","@graph":[{"@type":"WebPage","@id":"https:\/\/anmopyc.es\/restablecer-contrasena\/","url":"https:\/\/anmopyc.es\/restablecer-contrasena\/","name":"Reset password - Anmopyc","isPartOf":{"@id":"https:\/\/anmopyc.es\/#website"},"datePublished":"2026-02-02T10:50:18+00:00","dateModified":"2026-03-24T14:43:31+00:00","description":"Restablece tu contrase\u00f1a de acceso al \u00e1rea privada de ANMOPYC de forma r\u00e1pida y segura para continuar gestionando tus servicios.","breadcrumb":{"@id":"https:\/\/anmopyc.es\/restablecer-contrasena\/#breadcrumb"},"inLanguage":"en-US","potentialAction":[{"@type":"ReadAction","target":["https:\/\/anmopyc.es\/restablecer-contrasena\/"]}]},{"@type":"BreadcrumbList","@id":"https:\/\/anmopyc.es\/restablecer-contrasena\/#breadcrumb","itemListElement":[{"@type":"ListItem","position":1,"name":"Home","item":"https:\/\/anmopyc.es\/"},{"@type":"ListItem","position":2,"name":"Restablecer contrase\u00f1a"}]},{"@type":"WebSite","@id":"https:\/\/anmopyc.es\/#website","url":"https:\/\/anmopyc.es\/","name":"Anmopyc","description":"","publisher":{"@id":"https:\/\/anmopyc.es\/#organization"},"potentialAction":[{"@type":"SearchAction","target":{"@type":"EntryPoint","urlTemplate":"https:\/\/anmopyc.es\/?s={search_term_string}"},"query-input":{"@type":"PropertyValueSpecification","valueRequired":true,"valueName":"search_term_string"}}],"inLanguage":"en-US"},{"@type":"Organization","@id":"https:\/\/anmopyc.es\/#organization","name":"Anmopyc","url":"https:\/\/anmopyc.es\/","logo":{"@type":"ImageObject","inLanguage":"en-US","@id":"https:\/\/anmopyc.es\/#\/schema\/logo\/image\/","url":"https:\/\/anmopyc.es\/wp-content\/uploads\/2025\/10\/anmopyc-correctoAZUL.svg","contentUrl":"https:\/\/anmopyc.es\/wp-content\/uploads\/2025\/10\/anmopyc-correctoAZUL.svg","width":372,"height":129,"caption":"Anmopyc"},"image":{"@id":"https:\/\/anmopyc.es\/#\/schema\/logo\/image\/"},"sameAs":["https:\/\/www.facebook.com\/anmopyc.red"]}]}},"_links":{"self":[{"href":"https:\/\/anmopyc.es\/en\/wp-json\/wp\/v2\/pages\/16271","targetHints":{"allow":["GET"]}}],"collection":[{"href":"https:\/\/anmopyc.es\/en\/wp-json\/wp\/v2\/pages"}],"about":[{"href":"https:\/\/anmopyc.es\/en\/wp-json\/wp\/v2\/types\/page"}],"author":[{"embeddable":true,"href":"https:\/\/anmopyc.es\/en\/wp-json\/wp\/v2\/users\/1"}],"replies":[{"embeddable":true,"href":"https:\/\/anmopyc.es\/en\/wp-json\/wp\/v2\/comments?post=16271"}],"version-history":[{"count":10,"href":"https:\/\/anmopyc.es\/en\/wp-json\/wp\/v2\/pages\/16271\/revisions"}],"predecessor-version":[{"id":16590,"href":"https:\/\/anmopyc.es\/en\/wp-json\/wp\/v2\/pages\/16271\/revisions\/16590"}],"wp:attachment":[{"href":"https:\/\/anmopyc.es\/en\/wp-json\/wp\/v2\/media?parent=16271"}],"curies":[{"name":"wp","href":"https:\/\/api.w.org\/{rel}","templated":true}]}}