{"id":21,"date":"2025-10-31T08:52:07","date_gmt":"2025-10-31T08:52:07","guid":{"rendered":"https:\/\/chocolate-rook-941503.hostingersite.com\/?page_id=21"},"modified":"2026-01-27T09:38:51","modified_gmt":"2026-01-27T09:38:51","slug":"sectors","status":"publish","type":"page","link":"https:\/\/anmopyc.es\/en\/sectores\/","title":{"rendered":"Sectors"},"content":{"rendered":"<div data-elementor-type=\"wp-page\" data-elementor-id=\"21\" class=\"elementor elementor-21\" data-elementor-post-type=\"page\">\n\t\t\t\t<div class=\"elementor-element elementor-element-ad3f5fc e-flex e-con-boxed e-con e-parent\" data-id=\"ad3f5fc\" data-element_type=\"container\" data-e-type=\"container\" data-settings=\"{&quot;background_background&quot;:&quot;classic&quot;}\">\n\t\t\t\t\t<div class=\"e-con-inner\">\n\t\t\t\t<div class=\"elementor-element elementor-element-307d2b4 elementor-widget elementor-widget-heading\" data-id=\"307d2b4\" data-element_type=\"widget\" data-e-type=\"widget\" data-widget_type=\"heading.default\">\n\t\t\t\t\t<h1 class=\"elementor-heading-title elementor-size-default\">ANMOPYC Sectors<\/h1>\t\t\t\t<\/div>\n\t\t\t\t<div class=\"elementor-element elementor-element-ba6f4a4 elementor-widget elementor-widget-text-editor\" data-id=\"ba6f4a4\" data-element_type=\"widget\" data-e-type=\"widget\" data-widget_type=\"text-editor.default\">\n\t\t\t\t\t\t\t\t\t<p><span style=\"font-weight: 400;\">Discover <\/span><b>the Spanish industry's leading companies in machinery, components and spare parts for the construction, public works and mining sectors.<\/b><b><br \/><\/b><span style=\"font-weight: 400;\"><br \/><\/span><span style=\"font-weight: 400;\">Browse by category, discover its wide range of products and services and <\/span><b>connects with trusted manufacturers, importers and suppliers.<\/b><\/p>\t\t\t\t\t\t\t\t<\/div>\n\t\t\t\t\t<\/div>\n\t\t\t\t<\/div>\n\t\t<div class=\"elementor-element elementor-element-37dd837 e-flex e-con-boxed e-con e-parent\" data-id=\"37dd837\" data-element_type=\"container\" data-e-type=\"container\">\n\t\t\t\t\t<div class=\"e-con-inner\">\n\t\t\t\t<div class=\"elementor-element elementor-element-4b4bd09 elementor-widget elementor-widget-heading\" data-id=\"4b4bd09\" data-element_type=\"widget\" data-e-type=\"widget\" data-widget_type=\"heading.default\">\n\t\t\t\t\t<div class=\"elementor-heading-title elementor-size-default\">Browse by category<\/div>\t\t\t\t<\/div>\n\t\t\t\t\t<\/div>\n\t\t\t\t<\/div>\n\t\t<div class=\"elementor-element elementor-element-9179998 e-flex e-con-boxed e-con e-parent\" data-id=\"9179998\" data-element_type=\"container\" data-e-type=\"container\">\n\t\t\t\t\t<div class=\"e-con-inner\">\n\t\t<div class=\"elementor-element elementor-element-04ff3d8 e-con-full e-flex e-con e-child\" data-id=\"04ff3d8\" data-element_type=\"container\" data-e-type=\"container\" data-settings=\"{&quot;background_background&quot;:&quot;classic&quot;}\">\n\t\t\t\t<div class=\"elementor-element elementor-element-569f985 elementor-widget elementor-widget-image\" data-id=\"569f985\" data-element_type=\"widget\" data-e-type=\"widget\" data-widget_type=\"image.default\">\n\t\t\t\t\t\t\t\t\t\t\t\t\t\t\t\t<a href=\"https:\/\/anmopyc.es\/en\/earthmoving-and-transportation\/\">\n\t\t\t\t\t\t\t<img fetchpriority=\"high\" decoding=\"async\" width=\"800\" height=\"939\" src=\"https:\/\/chocolate-rook-941503.hostingersite.com\/wp-content\/uploads\/2026\/01\/movimiento-de-tierras-y-transporte-872x1024.webp\" class=\"attachment-large size-large wp-image-14600\" alt=\"\" srcset=\"https:\/\/anmopyc.es\/wp-content\/uploads\/2026\/01\/movimiento-de-tierras-y-transporte-872x1024.webp 872w, https:\/\/anmopyc.es\/wp-content\/uploads\/2026\/01\/movimiento-de-tierras-y-transporte-255x300.webp 255w, https:\/\/anmopyc.es\/wp-content\/uploads\/2026\/01\/movimiento-de-tierras-y-transporte-768x902.webp 768w, https:\/\/anmopyc.es\/wp-content\/uploads\/2026\/01\/movimiento-de-tierras-y-transporte-10x12.webp 10w, https:\/\/anmopyc.es\/wp-content\/uploads\/2026\/01\/movimiento-de-tierras-y-transporte.webp 1192w\" sizes=\"(max-width: 800px) 100vw, 800px\" \/>\t\t\t\t\t\t\t\t<\/a>\n\t\t\t\t\t\t\t\t\t\t\t\t\t\t\t<\/div>\n\t\t\t\t<div class=\"elementor-element elementor-element-f8da4de elementor-widget elementor-widget-heading\" data-id=\"f8da4de\" data-element_type=\"widget\" data-e-type=\"widget\" data-widget_type=\"heading.default\">\n\t\t\t\t\t<h3 class=\"elementor-heading-title elementor-size-default\"><a href=\"https:\/\/anmopyc.es\/en\/earthmoving-and-transportation\/\">Earth moving and transportation<\/a><\/h3>\t\t\t\t<\/div>\n\t\t\t\t<\/div>\n\t\t<div class=\"elementor-element elementor-element-5ab6db5 e-con-full e-flex e-con e-child\" data-id=\"5ab6db5\" data-element_type=\"container\" data-e-type=\"container\" data-settings=\"{&quot;background_background&quot;:&quot;classic&quot;}\">\n\t\t\t\t<div class=\"elementor-element elementor-element-6369e35 elementor-widget elementor-widget-image\" data-id=\"6369e35\" data-element_type=\"widget\" data-e-type=\"widget\" data-widget_type=\"image.default\">\n\t\t\t\t\t\t\t\t\t\t\t\t\t\t\t\t<a href=\"https:\/\/anmopyc.es\/en\/specialized-machinery-for-construction-and-mining\/\">\n\t\t\t\t\t\t\t<img decoding=\"async\" width=\"800\" height=\"939\" src=\"https:\/\/chocolate-rook-941503.hostingersite.com\/wp-content\/uploads\/2026\/01\/Maquinaria-Especializada-para-Construccion-y-Mineria-872x1024.webp\" class=\"attachment-large size-large wp-image-14601\" alt=\"\" srcset=\"https:\/\/anmopyc.es\/wp-content\/uploads\/2026\/01\/Maquinaria-Especializada-para-Construccion-y-Mineria-872x1024.webp 872w, https:\/\/anmopyc.es\/wp-content\/uploads\/2026\/01\/Maquinaria-Especializada-para-Construccion-y-Mineria-255x300.webp 255w, https:\/\/anmopyc.es\/wp-content\/uploads\/2026\/01\/Maquinaria-Especializada-para-Construccion-y-Mineria-768x902.webp 768w, https:\/\/anmopyc.es\/wp-content\/uploads\/2026\/01\/Maquinaria-Especializada-para-Construccion-y-Mineria-10x12.webp 10w, https:\/\/anmopyc.es\/wp-content\/uploads\/2026\/01\/Maquinaria-Especializada-para-Construccion-y-Mineria.webp 1192w\" sizes=\"(max-width: 800px) 100vw, 800px\" \/>\t\t\t\t\t\t\t\t<\/a>\n\t\t\t\t\t\t\t\t\t\t\t\t\t\t\t<\/div>\n\t\t\t\t<div class=\"elementor-element elementor-element-3d3bda0 elementor-widget elementor-widget-heading\" data-id=\"3d3bda0\" data-element_type=\"widget\" data-e-type=\"widget\" data-widget_type=\"heading.default\">\n\t\t\t\t\t<h3 class=\"elementor-heading-title elementor-size-default\"><a href=\"https:\/\/anmopyc.es\/en\/specialized-machinery-for-construction-and-mining\/\">Specialized Construction and Mining Machinery<\/a><\/h3>\t\t\t\t<\/div>\n\t\t\t\t<\/div>\n\t\t<div class=\"elementor-element elementor-element-23f12f4 e-con-full e-flex e-con e-child\" data-id=\"23f12f4\" data-element_type=\"container\" data-e-type=\"container\" data-settings=\"{&quot;background_background&quot;:&quot;classic&quot;}\">\n\t\t\t\t<div class=\"elementor-element elementor-element-de4dc9d elementor-widget elementor-widget-image\" data-id=\"de4dc9d\" data-element_type=\"widget\" data-e-type=\"widget\" data-widget_type=\"image.default\">\n\t\t\t\t\t\t\t\t\t\t\t\t\t\t\t\t<a href=\"https:\/\/anmopyc.es\/en\/production-of-construction-materials\/\">\n\t\t\t\t\t\t\t<img decoding=\"async\" width=\"800\" height=\"939\" src=\"https:\/\/chocolate-rook-941503.hostingersite.com\/wp-content\/uploads\/2026\/01\/produccion-de-materiales-872x1024.webp\" class=\"attachment-large size-large wp-image-14604\" alt=\"\" srcset=\"https:\/\/anmopyc.es\/wp-content\/uploads\/2026\/01\/produccion-de-materiales-872x1024.webp 872w, https:\/\/anmopyc.es\/wp-content\/uploads\/2026\/01\/produccion-de-materiales-255x300.webp 255w, https:\/\/anmopyc.es\/wp-content\/uploads\/2026\/01\/produccion-de-materiales-768x902.webp 768w, https:\/\/anmopyc.es\/wp-content\/uploads\/2026\/01\/produccion-de-materiales-10x12.webp 10w, https:\/\/anmopyc.es\/wp-content\/uploads\/2026\/01\/produccion-de-materiales.webp 1192w\" sizes=\"(max-width: 800px) 100vw, 800px\" \/>\t\t\t\t\t\t\t\t<\/a>\n\t\t\t\t\t\t\t\t\t\t\t\t\t\t\t<\/div>\n\t\t\t\t<div class=\"elementor-element elementor-element-4bbdab6 elementor-widget elementor-widget-heading\" data-id=\"4bbdab6\" data-element_type=\"widget\" data-e-type=\"widget\" data-widget_type=\"heading.default\">\n\t\t\t\t\t<h3 class=\"elementor-heading-title elementor-size-default\"><a href=\"https:\/\/anmopyc.es\/en\/production-of-construction-materials\/\">Production of Construction Materials<\/a><\/h3>\t\t\t\t<\/div>\n\t\t\t\t<\/div>\n\t\t<div class=\"elementor-element elementor-element-0d73c9c e-con-full e-flex e-con e-child\" data-id=\"0d73c9c\" data-element_type=\"container\" data-e-type=\"container\" data-settings=\"{&quot;background_background&quot;:&quot;classic&quot;}\">\n\t\t\t\t<div class=\"elementor-element elementor-element-96cf242 elementor-widget elementor-widget-image\" data-id=\"96cf242\" data-element_type=\"widget\" data-e-type=\"widget\" data-widget_type=\"image.default\">\n\t\t\t\t\t\t\t\t\t\t\t\t\t\t\t\t<a href=\"https:\/\/anmopyc.es\/en\/elevation\/\">\n\t\t\t\t\t\t\t<img loading=\"lazy\" decoding=\"async\" width=\"800\" height=\"939\" src=\"https:\/\/chocolate-rook-941503.hostingersite.com\/wp-content\/uploads\/2026\/01\/elevacion--872x1024.webp\" class=\"attachment-large size-large wp-image-14605\" alt=\"\" srcset=\"https:\/\/anmopyc.es\/wp-content\/uploads\/2026\/01\/elevacion--872x1024.webp 872w, https:\/\/anmopyc.es\/wp-content\/uploads\/2026\/01\/elevacion--255x300.webp 255w, https:\/\/anmopyc.es\/wp-content\/uploads\/2026\/01\/elevacion--768x902.webp 768w, https:\/\/anmopyc.es\/wp-content\/uploads\/2026\/01\/elevacion--10x12.webp 10w, https:\/\/anmopyc.es\/wp-content\/uploads\/2026\/01\/elevacion-.webp 1192w\" sizes=\"(max-width: 800px) 100vw, 800px\" \/>\t\t\t\t\t\t\t\t<\/a>\n\t\t\t\t\t\t\t\t\t\t\t\t\t\t\t<\/div>\n\t\t\t\t<div class=\"elementor-element elementor-element-c01792b elementor-widget elementor-widget-heading\" data-id=\"c01792b\" data-element_type=\"widget\" data-e-type=\"widget\" data-widget_type=\"heading.default\">\n\t\t\t\t\t<h3 class=\"elementor-heading-title elementor-size-default\"><a href=\"https:\/\/anmopyc.es\/en\/elevation\/\">Lifting<\/a><\/h3>\t\t\t\t<\/div>\n\t\t\t\t<\/div>\n\t\t\t\t\t<\/div>\n\t\t\t\t<\/div>\n\t\t<div class=\"elementor-element elementor-element-647c94d e-flex e-con-boxed e-con e-parent\" data-id=\"647c94d\" data-element_type=\"container\" data-e-type=\"container\">\n\t\t\t\t\t<div class=\"e-con-inner\">\n\t\t<div class=\"elementor-element elementor-element-9edd9f7 e-con-full e-flex e-con e-child\" data-id=\"9edd9f7\" data-element_type=\"container\" data-e-type=\"container\" data-settings=\"{&quot;background_background&quot;:&quot;classic&quot;}\">\n\t\t\t\t<div class=\"elementor-element elementor-element-d1a610d elementor-widget elementor-widget-image\" data-id=\"d1a610d\" data-element_type=\"widget\" data-e-type=\"widget\" data-widget_type=\"image.default\">\n\t\t\t\t\t\t\t\t\t\t\t\t\t\t\t\t<a href=\"https:\/\/anmopyc.es\/en\/light-and-auxiliary-machinery\/\">\n\t\t\t\t\t\t\t<img loading=\"lazy\" decoding=\"async\" width=\"800\" height=\"939\" src=\"https:\/\/chocolate-rook-941503.hostingersite.com\/wp-content\/uploads\/2026\/01\/maquinaria-ligera-y-auxiliar-872x1024.webp\" class=\"attachment-large size-large wp-image-14606\" alt=\"\" srcset=\"https:\/\/anmopyc.es\/wp-content\/uploads\/2026\/01\/maquinaria-ligera-y-auxiliar-872x1024.webp 872w, https:\/\/anmopyc.es\/wp-content\/uploads\/2026\/01\/maquinaria-ligera-y-auxiliar-255x300.webp 255w, https:\/\/anmopyc.es\/wp-content\/uploads\/2026\/01\/maquinaria-ligera-y-auxiliar-768x902.webp 768w, https:\/\/anmopyc.es\/wp-content\/uploads\/2026\/01\/maquinaria-ligera-y-auxiliar-10x12.webp 10w, https:\/\/anmopyc.es\/wp-content\/uploads\/2026\/01\/maquinaria-ligera-y-auxiliar.webp 1192w\" sizes=\"(max-width: 800px) 100vw, 800px\" \/>\t\t\t\t\t\t\t\t<\/a>\n\t\t\t\t\t\t\t\t\t\t\t\t\t\t\t<\/div>\n\t\t\t\t<div class=\"elementor-element elementor-element-2dd780c elementor-widget elementor-widget-heading\" data-id=\"2dd780c\" data-element_type=\"widget\" data-e-type=\"widget\" data-widget_type=\"heading.default\">\n\t\t\t\t\t<h3 class=\"elementor-heading-title elementor-size-default\"><a href=\"https:\/\/anmopyc.es\/en\/light-and-auxiliary-machinery\/\">Light and Auxiliary Machinery<\/a><\/h3>\t\t\t\t<\/div>\n\t\t\t\t<\/div>\n\t\t<div class=\"elementor-element elementor-element-25882f6 e-con-full e-flex e-con e-child\" data-id=\"25882f6\" data-element_type=\"container\" data-e-type=\"container\" data-settings=\"{&quot;background_background&quot;:&quot;classic&quot;}\">\n\t\t\t\t<div class=\"elementor-element elementor-element-960d46c elementor-widget elementor-widget-image\" data-id=\"960d46c\" data-element_type=\"widget\" data-e-type=\"widget\" data-widget_type=\"image.default\">\n\t\t\t\t\t\t\t\t\t\t\t\t\t\t\t\t<a href=\"https:\/\/anmopyc.es\/en\/auxiliary-resources\/\">\n\t\t\t\t\t\t\t<img loading=\"lazy\" decoding=\"async\" width=\"800\" height=\"939\" src=\"https:\/\/chocolate-rook-941503.hostingersite.com\/wp-content\/uploads\/2026\/01\/medios-auxiliares-872x1024.webp\" class=\"attachment-large size-large wp-image-14607\" alt=\"\" srcset=\"https:\/\/anmopyc.es\/wp-content\/uploads\/2026\/01\/medios-auxiliares-872x1024.webp 872w, https:\/\/anmopyc.es\/wp-content\/uploads\/2026\/01\/medios-auxiliares-255x300.webp 255w, https:\/\/anmopyc.es\/wp-content\/uploads\/2026\/01\/medios-auxiliares-768x902.webp 768w, https:\/\/anmopyc.es\/wp-content\/uploads\/2026\/01\/medios-auxiliares-10x12.webp 10w, https:\/\/anmopyc.es\/wp-content\/uploads\/2026\/01\/medios-auxiliares.webp 1192w\" sizes=\"(max-width: 800px) 100vw, 800px\" \/>\t\t\t\t\t\t\t\t<\/a>\n\t\t\t\t\t\t\t\t\t\t\t\t\t\t\t<\/div>\n\t\t\t\t<div class=\"elementor-element elementor-element-b51eac0 elementor-widget elementor-widget-heading\" data-id=\"b51eac0\" data-element_type=\"widget\" data-e-type=\"widget\" data-widget_type=\"heading.default\">\n\t\t\t\t\t<h3 class=\"elementor-heading-title elementor-size-default\"><a href=\"https:\/\/anmopyc.es\/en\/auxiliary-resources\/\">Auxiliary Equipment<\/a><\/h3>\t\t\t\t<\/div>\n\t\t\t\t<\/div>\n\t\t<div class=\"elementor-element elementor-element-d067e3c e-con-full e-flex e-con e-child\" data-id=\"d067e3c\" data-element_type=\"container\" data-e-type=\"container\" data-settings=\"{&quot;background_background&quot;:&quot;classic&quot;}\">\n\t\t\t\t<div class=\"elementor-element elementor-element-11150bb elementor-widget elementor-widget-image\" data-id=\"11150bb\" data-element_type=\"widget\" data-e-type=\"widget\" data-widget_type=\"image.default\">\n\t\t\t\t\t\t\t\t\t\t\t\t\t\t\t\t<a href=\"https:\/\/anmopyc.es\/en\/components-spare-parts-and-systems\/\">\n\t\t\t\t\t\t\t<img loading=\"lazy\" decoding=\"async\" width=\"800\" height=\"939\" src=\"https:\/\/chocolate-rook-941503.hostingersite.com\/wp-content\/uploads\/2026\/01\/componentes-repuestos-y-sistemas-872x1024.webp\" class=\"attachment-large size-large wp-image-14608\" alt=\"\" srcset=\"https:\/\/anmopyc.es\/wp-content\/uploads\/2026\/01\/componentes-repuestos-y-sistemas-872x1024.webp 872w, https:\/\/anmopyc.es\/wp-content\/uploads\/2026\/01\/componentes-repuestos-y-sistemas-255x300.webp 255w, https:\/\/anmopyc.es\/wp-content\/uploads\/2026\/01\/componentes-repuestos-y-sistemas-768x902.webp 768w, https:\/\/anmopyc.es\/wp-content\/uploads\/2026\/01\/componentes-repuestos-y-sistemas-10x12.webp 10w, https:\/\/anmopyc.es\/wp-content\/uploads\/2026\/01\/componentes-repuestos-y-sistemas.webp 1192w\" sizes=\"(max-width: 800px) 100vw, 800px\" \/>\t\t\t\t\t\t\t\t<\/a>\n\t\t\t\t\t\t\t\t\t\t\t\t\t\t\t<\/div>\n\t\t\t\t<div class=\"elementor-element elementor-element-b09e6ae elementor-widget elementor-widget-heading\" data-id=\"b09e6ae\" data-element_type=\"widget\" data-e-type=\"widget\" data-widget_type=\"heading.default\">\n\t\t\t\t\t<h3 class=\"elementor-heading-title elementor-size-default\"><a href=\"https:\/\/anmopyc.es\/en\/components-spare-parts-and-systems\/\">Components, Spare Parts and Systems<\/a><\/h3>\t\t\t\t<\/div>\n\t\t\t\t<\/div>\n\t\t\t\t\t<\/div>\n\t\t\t\t<\/div>\n\t\t<div class=\"elementor-element elementor-element-22c3684 e-flex e-con-boxed e-con e-parent\" data-id=\"22c3684\" data-element_type=\"container\" data-e-type=\"container\" data-settings=\"{&quot;background_background&quot;:&quot;classic&quot;}\">\n\t\t\t\t\t<div class=\"e-con-inner\">\n\t\t\t\t<div class=\"elementor-element elementor-element-a6c495c elementor-widget__width-inherit elementor-widget elementor-widget-heading\" data-id=\"a6c495c\" data-element_type=\"widget\" data-e-type=\"widget\" data-widget_type=\"heading.default\">\n\t\t\t\t\t<h2 class=\"elementor-heading-title elementor-size-default\">Find the sector <span style=\"color: #FACB00\">you are looking for<\/span>\n<\/h2>\t\t\t\t<\/div>\n\t\t\t\t<div class=\"elementor-element elementor-element-7c0d31f elementor-align-center elementor-widget elementor-widget-button\" data-id=\"7c0d31f\" data-element_type=\"widget\" data-e-type=\"widget\" data-widget_type=\"button.default\">\n\t\t\t\t\t\t\t\t\t\t<a class=\"elementor-button elementor-button-link elementor-size-sm\" href=\"https:\/\/anmopyc.es\/en\/mapa-de-asociados\/\">\n\t\t\t\t\t\t<span class=\"elementor-button-content-wrapper\">\n\t\t\t\t\t\t\t\t\t<span class=\"elementor-button-text\">View map of locations<\/span>\n\t\t\t\t\t<\/span>\n\t\t\t\t\t<\/a>\n\t\t\t\t\t\t\t\t<\/div>\n\t\t\t\t\t<\/div>\n\t\t\t\t<\/div>\n\t\t\t\t<\/div>","protected":false},"excerpt":{"rendered":"<p>Sectores ANMOPYC Descubre las empresas l\u00edderes de la industria espa\u00f1ola en maquinaria, componentes y repuestos para los sectores de construcci\u00f3n, obras p\u00fablicas y miner\u00eda.Navega por categor\u00edas, descubre su amplia gama de productos y servicios y conecta con los fabricantes, importadores y proveedores de confianza. Explora por categor\u00edas Movimiento de tierras y transporte Maquinaria Especializada para [&hellip;]<\/p>\n","protected":false},"author":1,"featured_media":0,"parent":0,"menu_order":50,"comment_status":"closed","ping_status":"closed","template":"elementor_header_footer","meta":{"_acf_changed":false,"_joinchat":[],"footnotes":""},"class_list":["post-21","page","type-page","status-publish","hentry"],"acf":[],"yoast_head":"<!-- This site is optimized with the Yoast SEO plugin v27.2 - https:\/\/yoast.com\/product\/yoast-seo-wordpress\/ -->\n<title>Sectores de la Maquinaria de Construcci\u00f3n | ANMOPYC<\/title>\n<meta name=\"description\" content=\"Sectores de maquinaria: construcci\u00f3n, miner\u00eda, obra p\u00fablica y equipamiento industrial con enfoque en innovaci\u00f3n y seguridad\" \/>\n<meta name=\"robots\" content=\"index, follow, max-snippet:-1, max-image-preview:large, max-video-preview:-1\" \/>\n<link rel=\"canonical\" href=\"https:\/\/anmopyc.es\/en\/sectors\/\" \/>\n<meta property=\"og:locale\" content=\"en_US\" \/>\n<meta property=\"og:type\" content=\"article\" \/>\n<meta property=\"og:title\" content=\"Sectores de la Maquinaria de Construcci\u00f3n | ANMOPYC\" \/>\n<meta property=\"og:description\" content=\"Sectores de maquinaria: construcci\u00f3n, miner\u00eda, obra p\u00fablica y equipamiento industrial con enfoque en innovaci\u00f3n y seguridad\" \/>\n<meta property=\"og:url\" content=\"https:\/\/anmopyc.es\/en\/sectors\/\" \/>\n<meta property=\"og:site_name\" content=\"Anmopyc\" \/>\n<meta property=\"article:publisher\" content=\"https:\/\/www.facebook.com\/anmopyc.red\" \/>\n<meta property=\"article:modified_time\" content=\"2026-01-27T09:38:51+00:00\" \/>\n<meta property=\"og:image\" content=\"https:\/\/anmopyc.es\/wp-content\/uploads\/2026\/01\/movimiento-de-tierras-y-transporte.webp\" \/>\n\t<meta property=\"og:image:width\" content=\"1192\" \/>\n\t<meta property=\"og:image:height\" content=\"1400\" \/>\n\t<meta property=\"og:image:type\" content=\"image\/webp\" \/>\n<meta name=\"twitter:card\" content=\"summary_large_image\" \/>\n<meta name=\"twitter:label1\" content=\"Est. reading time\" \/>\n\t<meta name=\"twitter:data1\" content=\"2 minutes\" \/>\n<script type=\"application\/ld+json\" class=\"yoast-schema-graph\">{\"@context\":\"https:\/\/schema.org\",\"@graph\":[{\"@type\":\"WebPage\",\"@id\":\"https:\/\/anmopyc.es\/sectores\/\",\"url\":\"https:\/\/anmopyc.es\/sectores\/\",\"name\":\"Sectores de la Maquinaria de Construcci\u00f3n | ANMOPYC\",\"isPartOf\":{\"@id\":\"https:\/\/anmopyc.es\/#website\"},\"primaryImageOfPage\":{\"@id\":\"https:\/\/anmopyc.es\/sectores\/#primaryimage\"},\"image\":{\"@id\":\"https:\/\/anmopyc.es\/sectores\/#primaryimage\"},\"thumbnailUrl\":\"https:\/\/anmopyc.es\/wp-content\/uploads\/2026\/01\/movimiento-de-tierras-y-transporte-872x1024.webp\",\"datePublished\":\"2025-10-31T08:52:07+00:00\",\"dateModified\":\"2026-01-27T09:38:51+00:00\",\"description\":\"Sectores de maquinaria: construcci\u00f3n, miner\u00eda, obra p\u00fablica y equipamiento industrial con enfoque en innovaci\u00f3n y seguridad\",\"breadcrumb\":{\"@id\":\"https:\/\/anmopyc.es\/sectores\/#breadcrumb\"},\"inLanguage\":\"en-US\",\"potentialAction\":[{\"@type\":\"ReadAction\",\"target\":[\"https:\/\/anmopyc.es\/sectores\/\"]}]},{\"@type\":\"ImageObject\",\"inLanguage\":\"en-US\",\"@id\":\"https:\/\/anmopyc.es\/sectores\/#primaryimage\",\"url\":\"https:\/\/anmopyc.es\/wp-content\/uploads\/2026\/01\/movimiento-de-tierras-y-transporte-872x1024.webp\",\"contentUrl\":\"https:\/\/anmopyc.es\/wp-content\/uploads\/2026\/01\/movimiento-de-tierras-y-transporte-872x1024.webp\"},{\"@type\":\"BreadcrumbList\",\"@id\":\"https:\/\/anmopyc.es\/sectores\/#breadcrumb\",\"itemListElement\":[{\"@type\":\"ListItem\",\"position\":1,\"name\":\"Home\",\"item\":\"https:\/\/anmopyc.es\/\"},{\"@type\":\"ListItem\",\"position\":2,\"name\":\"Sectores\"}]},{\"@type\":\"WebSite\",\"@id\":\"https:\/\/anmopyc.es\/#website\",\"url\":\"https:\/\/anmopyc.es\/\",\"name\":\"Anmopyc\",\"description\":\"\",\"publisher\":{\"@id\":\"https:\/\/anmopyc.es\/#organization\"},\"potentialAction\":[{\"@type\":\"SearchAction\",\"target\":{\"@type\":\"EntryPoint\",\"urlTemplate\":\"https:\/\/anmopyc.es\/?s={search_term_string}\"},\"query-input\":{\"@type\":\"PropertyValueSpecification\",\"valueRequired\":true,\"valueName\":\"search_term_string\"}}],\"inLanguage\":\"en-US\"},{\"@type\":\"Organization\",\"@id\":\"https:\/\/anmopyc.es\/#organization\",\"name\":\"Anmopyc\",\"url\":\"https:\/\/anmopyc.es\/\",\"logo\":{\"@type\":\"ImageObject\",\"inLanguage\":\"en-US\",\"@id\":\"https:\/\/anmopyc.es\/#\/schema\/logo\/image\/\",\"url\":\"https:\/\/anmopyc.es\/wp-content\/uploads\/2025\/10\/anmopyc-correctoAZUL.svg\",\"contentUrl\":\"https:\/\/anmopyc.es\/wp-content\/uploads\/2025\/10\/anmopyc-correctoAZUL.svg\",\"width\":372,\"height\":129,\"caption\":\"Anmopyc\"},\"image\":{\"@id\":\"https:\/\/anmopyc.es\/#\/schema\/logo\/image\/\"},\"sameAs\":[\"https:\/\/www.facebook.com\/anmopyc.red\"]}]}<\/script>\n<!-- \/ Yoast SEO plugin. -->","yoast_head_json":{"title":"Construction Machinery Sectors | ANMOPYC","description":"Machinery sectors: construction, mining, public works and industrial equipment with a focus on innovation and safety.","robots":{"index":"index","follow":"follow","max-snippet":"max-snippet:-1","max-image-preview":"max-image-preview:large","max-video-preview":"max-video-preview:-1"},"canonical":"https:\/\/anmopyc.es\/en\/sectors\/","og_locale":"en_US","og_type":"article","og_title":"Sectores de la Maquinaria de Construcci\u00f3n | ANMOPYC","og_description":"Sectores de maquinaria: construcci\u00f3n, miner\u00eda, obra p\u00fablica y equipamiento industrial con enfoque en innovaci\u00f3n y seguridad","og_url":"https:\/\/anmopyc.es\/en\/sectors\/","og_site_name":"Anmopyc","article_publisher":"https:\/\/www.facebook.com\/anmopyc.red","article_modified_time":"2026-01-27T09:38:51+00:00","og_image":[{"width":1192,"height":1400,"url":"https:\/\/anmopyc.es\/wp-content\/uploads\/2026\/01\/movimiento-de-tierras-y-transporte.webp","type":"image\/webp"}],"twitter_card":"summary_large_image","twitter_misc":{"Est. reading time":"2 minutes"},"schema":{"@context":"https:\/\/schema.org","@graph":[{"@type":"WebPage","@id":"https:\/\/anmopyc.es\/sectores\/","url":"https:\/\/anmopyc.es\/sectores\/","name":"Construction Machinery Sectors | ANMOPYC","isPartOf":{"@id":"https:\/\/anmopyc.es\/#website"},"primaryImageOfPage":{"@id":"https:\/\/anmopyc.es\/sectores\/#primaryimage"},"image":{"@id":"https:\/\/anmopyc.es\/sectores\/#primaryimage"},"thumbnailUrl":"https:\/\/anmopyc.es\/wp-content\/uploads\/2026\/01\/movimiento-de-tierras-y-transporte-872x1024.webp","datePublished":"2025-10-31T08:52:07+00:00","dateModified":"2026-01-27T09:38:51+00:00","description":"Machinery sectors: construction, mining, public works and industrial equipment with a focus on innovation and safety.","breadcrumb":{"@id":"https:\/\/anmopyc.es\/sectores\/#breadcrumb"},"inLanguage":"en-US","potentialAction":[{"@type":"ReadAction","target":["https:\/\/anmopyc.es\/sectores\/"]}]},{"@type":"ImageObject","inLanguage":"en-US","@id":"https:\/\/anmopyc.es\/sectores\/#primaryimage","url":"https:\/\/anmopyc.es\/wp-content\/uploads\/2026\/01\/movimiento-de-tierras-y-transporte-872x1024.webp","contentUrl":"https:\/\/anmopyc.es\/wp-content\/uploads\/2026\/01\/movimiento-de-tierras-y-transporte-872x1024.webp"},{"@type":"BreadcrumbList","@id":"https:\/\/anmopyc.es\/sectores\/#breadcrumb","itemListElement":[{"@type":"ListItem","position":1,"name":"Home","item":"https:\/\/anmopyc.es\/"},{"@type":"ListItem","position":2,"name":"Sectores"}]},{"@type":"WebSite","@id":"https:\/\/anmopyc.es\/#website","url":"https:\/\/anmopyc.es\/","name":"Anmopyc","description":"","publisher":{"@id":"https:\/\/anmopyc.es\/#organization"},"potentialAction":[{"@type":"SearchAction","target":{"@type":"EntryPoint","urlTemplate":"https:\/\/anmopyc.es\/?s={search_term_string}"},"query-input":{"@type":"PropertyValueSpecification","valueRequired":true,"valueName":"search_term_string"}}],"inLanguage":"en-US"},{"@type":"Organization","@id":"https:\/\/anmopyc.es\/#organization","name":"Anmopyc","url":"https:\/\/anmopyc.es\/","logo":{"@type":"ImageObject","inLanguage":"en-US","@id":"https:\/\/anmopyc.es\/#\/schema\/logo\/image\/","url":"https:\/\/anmopyc.es\/wp-content\/uploads\/2025\/10\/anmopyc-correctoAZUL.svg","contentUrl":"https:\/\/anmopyc.es\/wp-content\/uploads\/2025\/10\/anmopyc-correctoAZUL.svg","width":372,"height":129,"caption":"Anmopyc"},"image":{"@id":"https:\/\/anmopyc.es\/#\/schema\/logo\/image\/"},"sameAs":["https:\/\/www.facebook.com\/anmopyc.red"]}]}},"_links":{"self":[{"href":"https:\/\/anmopyc.es\/en\/wp-json\/wp\/v2\/pages\/21","targetHints":{"allow":["GET"]}}],"collection":[{"href":"https:\/\/anmopyc.es\/en\/wp-json\/wp\/v2\/pages"}],"about":[{"href":"https:\/\/anmopyc.es\/en\/wp-json\/wp\/v2\/types\/page"}],"author":[{"embeddable":true,"href":"https:\/\/anmopyc.es\/en\/wp-json\/wp\/v2\/users\/1"}],"replies":[{"embeddable":true,"href":"https:\/\/anmopyc.es\/en\/wp-json\/wp\/v2\/comments?post=21"}],"version-history":[{"count":44,"href":"https:\/\/anmopyc.es\/en\/wp-json\/wp\/v2\/pages\/21\/revisions"}],"predecessor-version":[{"id":14879,"href":"https:\/\/anmopyc.es\/en\/wp-json\/wp\/v2\/pages\/21\/revisions\/14879"}],"wp:attachment":[{"href":"https:\/\/anmopyc.es\/en\/wp-json\/wp\/v2\/media?parent=21"}],"curies":[{"name":"wp","href":"https:\/\/api.w.org\/{rel}","templated":true}]}}