{"id":11093,"date":"2025-12-16T10:47:08","date_gmt":"2025-12-16T10:47:08","guid":{"rendered":"https:\/\/chocolate-rook-941503.hostingersite.com\/?page_id=11093"},"modified":"2026-03-24T14:43:55","modified_gmt":"2026-03-24T14:43:55","slug":"la-consultance-sur-les-marches-etrangers","status":"publish","type":"page","link":"https:\/\/anmopyc.es\/fr\/internacionalizacion-y-mercados\/consultoria-en-mercados-exteriores\/","title":{"rendered":"Conseil sur les march\u00e9s \u00e9trangers"},"content":{"rendered":"<div data-elementor-type=\"wp-page\" data-elementor-id=\"11093\" class=\"elementor elementor-11093\" data-elementor-post-type=\"page\">\n\t\t\t\t<div class=\"elementor-element elementor-element-d33f4ff e-flex e-con-boxed e-con e-parent\" data-id=\"d33f4ff\" data-element_type=\"container\" data-e-type=\"container\" data-settings=\"{&quot;background_background&quot;:&quot;classic&quot;}\">\n\t\t\t\t\t<div class=\"e-con-inner\">\n\t\t\t\t<div class=\"elementor-element elementor-element-1749f7b elementor-widget elementor-widget-heading\" data-id=\"1749f7b\" data-element_type=\"widget\" data-e-type=\"widget\" data-widget_type=\"heading.default\">\n\t\t\t\t\t<h1 class=\"elementor-heading-title elementor-size-default\">Conseil sur les march\u00e9s \u00e9trangers\n\n<\/h1>\t\t\t\t<\/div>\n\t\t\t\t<div class=\"elementor-element elementor-element-70e9916 elementor-widget elementor-widget-text-editor\" data-id=\"70e9916\" data-element_type=\"widget\" data-e-type=\"widget\" data-widget_type=\"text-editor.default\">\n\t\t\t\t\t\t\t\t\t<p><span style=\"font-weight: 400;\">ANMOPYC soutient ses entreprises membres dans leurs projets \u00e0 l'\u00e9tranger, en r\u00e9solvant les doutes, en fournissant les informations n\u00e9cessaires et en facilitant les contacts les plus appropri\u00e9s pour chaque march\u00e9, dans le but d'assurer leur pr\u00e9sence dans les destinations qui correspondent le mieux \u00e0 leur strat\u00e9gie.<\/span><\/p><p><span style=\"font-weight: 400;\">Nous offrons \u00e0 nos partenaires plus de 40 ans d'exp\u00e9rience en mati\u00e8re d'internationalisation, une large pr\u00e9sence mondiale et une connaissance approfondie des march\u00e9s, obtenue gr\u00e2ce au travail de notre \u00e9quipe de recherche.<\/span><\/p>\t\t\t\t\t\t\t\t<\/div>\n\t\t\t\t\t<\/div>\n\t\t\t\t<\/div>\n\t\t<div class=\"elementor-element elementor-element-7522641 e-con-full e-flex e-con e-parent\" data-id=\"7522641\" data-element_type=\"container\" data-e-type=\"container\">\n\t\t\t\t<div class=\"elementor-element elementor-element-3ee41c8 elementor-widget elementor-widget-image\" data-id=\"3ee41c8\" data-element_type=\"widget\" data-e-type=\"widget\" data-widget_type=\"image.default\">\n\t\t\t\t\t\t\t\t\t\t\t\t\t\t\t<img fetchpriority=\"high\" decoding=\"async\" width=\"1200\" height=\"400\" src=\"https:\/\/anmopyc.es\/wp-content\/uploads\/2025\/12\/consultoria.webp\" class=\"attachment-full size-full wp-image-11391\" alt=\"\" srcset=\"https:\/\/anmopyc.es\/wp-content\/uploads\/2025\/12\/consultoria.webp 1200w, https:\/\/anmopyc.es\/wp-content\/uploads\/2025\/12\/consultoria-300x100.webp 300w, https:\/\/anmopyc.es\/wp-content\/uploads\/2025\/12\/consultoria-1024x341.webp 1024w, https:\/\/anmopyc.es\/wp-content\/uploads\/2025\/12\/consultoria-768x256.webp 768w\" sizes=\"(max-width: 1200px) 100vw, 1200px\" \/>\t\t\t\t\t\t\t\t\t\t\t\t\t\t\t<\/div>\n\t\t\t\t<\/div>\n\t\t<div class=\"elementor-element elementor-element-6cbf85d e-flex e-con-boxed e-con e-parent\" data-id=\"6cbf85d\" data-element_type=\"container\" data-e-type=\"container\" data-settings=\"{&quot;background_background&quot;:&quot;classic&quot;}\">\n\t\t\t\t\t<div class=\"e-con-inner\">\n\t\t\t\t<div class=\"elementor-element elementor-element-15cd3b8 elementor-widget elementor-widget-heading\" data-id=\"15cd3b8\" data-element_type=\"widget\" data-e-type=\"widget\" data-widget_type=\"heading.default\">\n\t\t\t\t\t<h2 class=\"elementor-heading-title elementor-size-default\">Il fait partie du groupe qui <span style=\"color: #FACB00\">l'industrie des moteurs <\/span><\/h2>\t\t\t\t<\/div>\n\t\t\t\t<div class=\"elementor-element elementor-element-62c7943 elementor-widget elementor-widget-button\" data-id=\"62c7943\" data-element_type=\"widget\" data-e-type=\"widget\" data-widget_type=\"button.default\">\n\t\t\t\t\t\t\t\t\t\t<a class=\"elementor-button elementor-button-link elementor-size-sm\" href=\"#\">\n\t\t\t\t\t\t<span class=\"elementor-button-content-wrapper\">\n\t\t\t\t\t\t\t\t\t<span class=\"elementor-button-text\">Devenir membre d'Anmopyc<\/span>\n\t\t\t\t\t<\/span>\n\t\t\t\t\t<\/a>\n\t\t\t\t\t\t\t\t<\/div>\n\t\t\t\t\t<\/div>\n\t\t\t\t<\/div>\n\t\t\t\t<\/div>","protected":false},"excerpt":{"rendered":"<p>Consultor\u00eda en mercados exteriores ANMOPYC apoya a sus empresas asociadas en sus proyectos de salida al exterior, resolviendo dudas, proporcionando la informaci\u00f3n necesaria y facilitando los contactos m\u00e1s adecuados para cada mercado, con el objetivo de asegurar su presencia en los destinos que mejor encajan con su estrategia. Ponemos a disposici\u00f3n de nuestros asociados m\u00e1s [&hellip;]<\/p>\n","protected":false},"author":1,"featured_media":0,"parent":11048,"menu_order":20,"comment_status":"closed","ping_status":"closed","template":"elementor_header_footer","meta":{"_acf_changed":false,"_joinchat":[],"footnotes":""},"class_list":["post-11093","page","type-page","status-publish","hentry"],"acf":[],"yoast_head":"<!-- This site is optimized with the Yoast SEO plugin v27.2 - https:\/\/yoast.com\/product\/yoast-seo-wordpress\/ -->\n<title>Consultor\u00eda en mercados exteriores - Anmopyc<\/title>\n<meta name=\"description\" content=\"Accede al servicio de consultor\u00eda en mercados exteriores de ANMOPYC para impulsar la internacionalizaci\u00f3n de tu empresa.\" \/>\n<meta name=\"robots\" content=\"index, follow, max-snippet:-1, max-image-preview:large, max-video-preview:-1\" \/>\n<link rel=\"canonical\" href=\"https:\/\/anmopyc.es\/fr\/internationalisation-et-marches\/la-consultance-sur-les-marches-etrangers\/\" \/>\n<meta property=\"og:locale\" content=\"fr_FR\" \/>\n<meta property=\"og:type\" content=\"article\" \/>\n<meta property=\"og:title\" content=\"Consultor\u00eda en mercados exteriores - Anmopyc\" \/>\n<meta property=\"og:description\" content=\"Accede al servicio de consultor\u00eda en mercados exteriores de ANMOPYC para impulsar la internacionalizaci\u00f3n de tu empresa.\" \/>\n<meta property=\"og:url\" content=\"https:\/\/anmopyc.es\/fr\/internationalisation-et-marches\/la-consultance-sur-les-marches-etrangers\/\" \/>\n<meta property=\"og:site_name\" content=\"Anmopyc\" \/>\n<meta property=\"article:publisher\" content=\"https:\/\/www.facebook.com\/anmopyc.red\" \/>\n<meta property=\"article:modified_time\" content=\"2026-03-24T14:43:55+00:00\" \/>\n<meta property=\"og:image\" content=\"https:\/\/anmopyc.es\/wp-content\/uploads\/2025\/12\/consultoria.webp\" \/>\n<meta name=\"twitter:card\" content=\"summary_large_image\" \/>\n<meta name=\"twitter:label1\" content=\"Dur\u00e9e de lecture estim\u00e9e\" \/>\n\t<meta name=\"twitter:data1\" content=\"1 minute\" \/>\n<script type=\"application\/ld+json\" class=\"yoast-schema-graph\">{\"@context\":\"https:\/\/schema.org\",\"@graph\":[{\"@type\":\"WebPage\",\"@id\":\"https:\/\/anmopyc.es\/internacionalizacion-y-mercados\/consultoria-en-mercados-exteriores\/\",\"url\":\"https:\/\/anmopyc.es\/internacionalizacion-y-mercados\/consultoria-en-mercados-exteriores\/\",\"name\":\"Consultor\u00eda en mercados exteriores - Anmopyc\",\"isPartOf\":{\"@id\":\"https:\/\/anmopyc.es\/#website\"},\"primaryImageOfPage\":{\"@id\":\"https:\/\/anmopyc.es\/internacionalizacion-y-mercados\/consultoria-en-mercados-exteriores\/#primaryimage\"},\"image\":{\"@id\":\"https:\/\/anmopyc.es\/internacionalizacion-y-mercados\/consultoria-en-mercados-exteriores\/#primaryimage\"},\"thumbnailUrl\":\"https:\/\/anmopyc.es\/wp-content\/uploads\/2025\/12\/consultoria.webp\",\"datePublished\":\"2025-12-16T10:47:08+00:00\",\"dateModified\":\"2026-03-24T14:43:55+00:00\",\"description\":\"Accede al servicio de consultor\u00eda en mercados exteriores de ANMOPYC para impulsar la internacionalizaci\u00f3n de tu empresa.\",\"breadcrumb\":{\"@id\":\"https:\/\/anmopyc.es\/internacionalizacion-y-mercados\/consultoria-en-mercados-exteriores\/#breadcrumb\"},\"inLanguage\":\"fr-FR\",\"potentialAction\":[{\"@type\":\"ReadAction\",\"target\":[\"https:\/\/anmopyc.es\/internacionalizacion-y-mercados\/consultoria-en-mercados-exteriores\/\"]}]},{\"@type\":\"ImageObject\",\"inLanguage\":\"fr-FR\",\"@id\":\"https:\/\/anmopyc.es\/internacionalizacion-y-mercados\/consultoria-en-mercados-exteriores\/#primaryimage\",\"url\":\"https:\/\/anmopyc.es\/wp-content\/uploads\/2025\/12\/consultoria.webp\",\"contentUrl\":\"https:\/\/anmopyc.es\/wp-content\/uploads\/2025\/12\/consultoria.webp\"},{\"@type\":\"BreadcrumbList\",\"@id\":\"https:\/\/anmopyc.es\/internacionalizacion-y-mercados\/consultoria-en-mercados-exteriores\/#breadcrumb\",\"itemListElement\":[{\"@type\":\"ListItem\",\"position\":1,\"name\":\"Home\",\"item\":\"https:\/\/anmopyc.es\/\"},{\"@type\":\"ListItem\",\"position\":2,\"name\":\"Internacionalizaci\u00f3n y mercados\",\"item\":\"https:\/\/anmopyc.es\/internacionalizacion-y-mercados\/\"},{\"@type\":\"ListItem\",\"position\":3,\"name\":\"Consultor\u00eda en mercados exteriores\"}]},{\"@type\":\"WebSite\",\"@id\":\"https:\/\/anmopyc.es\/#website\",\"url\":\"https:\/\/anmopyc.es\/\",\"name\":\"Anmopyc\",\"description\":\"\",\"publisher\":{\"@id\":\"https:\/\/anmopyc.es\/#organization\"},\"potentialAction\":[{\"@type\":\"SearchAction\",\"target\":{\"@type\":\"EntryPoint\",\"urlTemplate\":\"https:\/\/anmopyc.es\/?s={search_term_string}\"},\"query-input\":{\"@type\":\"PropertyValueSpecification\",\"valueRequired\":true,\"valueName\":\"search_term_string\"}}],\"inLanguage\":\"fr-FR\"},{\"@type\":\"Organization\",\"@id\":\"https:\/\/anmopyc.es\/#organization\",\"name\":\"Anmopyc\",\"url\":\"https:\/\/anmopyc.es\/\",\"logo\":{\"@type\":\"ImageObject\",\"inLanguage\":\"fr-FR\",\"@id\":\"https:\/\/anmopyc.es\/#\/schema\/logo\/image\/\",\"url\":\"https:\/\/anmopyc.es\/wp-content\/uploads\/2025\/10\/anmopyc-correctoAZUL.svg\",\"contentUrl\":\"https:\/\/anmopyc.es\/wp-content\/uploads\/2025\/10\/anmopyc-correctoAZUL.svg\",\"width\":372,\"height\":129,\"caption\":\"Anmopyc\"},\"image\":{\"@id\":\"https:\/\/anmopyc.es\/#\/schema\/logo\/image\/\"},\"sameAs\":[\"https:\/\/www.facebook.com\/anmopyc.red\"]}]}<\/script>\n<!-- \/ Yoast SEO plugin. -->","yoast_head_json":{"title":"Conseil en march\u00e9s \u00e9trangers - Anmopyc","description":"Accede al servicio de consultor\u00eda en mercados exteriores de ANMOPYC para impulsar la internacionalizaci\u00f3n de tu empresa.","robots":{"index":"index","follow":"follow","max-snippet":"max-snippet:-1","max-image-preview":"max-image-preview:large","max-video-preview":"max-video-preview:-1"},"canonical":"https:\/\/anmopyc.es\/fr\/internationalisation-et-marches\/la-consultance-sur-les-marches-etrangers\/","og_locale":"fr_FR","og_type":"article","og_title":"Consultor\u00eda en mercados exteriores - Anmopyc","og_description":"Accede al servicio de consultor\u00eda en mercados exteriores de ANMOPYC para impulsar la internacionalizaci\u00f3n de tu empresa.","og_url":"https:\/\/anmopyc.es\/fr\/internationalisation-et-marches\/la-consultance-sur-les-marches-etrangers\/","og_site_name":"Anmopyc","article_publisher":"https:\/\/www.facebook.com\/anmopyc.red","article_modified_time":"2026-03-24T14:43:55+00:00","og_image":[{"url":"https:\/\/anmopyc.es\/wp-content\/uploads\/2025\/12\/consultoria.webp","type":"","width":"","height":""}],"twitter_card":"summary_large_image","twitter_misc":{"Dur\u00e9e de lecture estim\u00e9e":"1 minute"},"schema":{"@context":"https:\/\/schema.org","@graph":[{"@type":"WebPage","@id":"https:\/\/anmopyc.es\/internacionalizacion-y-mercados\/consultoria-en-mercados-exteriores\/","url":"https:\/\/anmopyc.es\/internacionalizacion-y-mercados\/consultoria-en-mercados-exteriores\/","name":"Conseil en march\u00e9s \u00e9trangers - Anmopyc","isPartOf":{"@id":"https:\/\/anmopyc.es\/#website"},"primaryImageOfPage":{"@id":"https:\/\/anmopyc.es\/internacionalizacion-y-mercados\/consultoria-en-mercados-exteriores\/#primaryimage"},"image":{"@id":"https:\/\/anmopyc.es\/internacionalizacion-y-mercados\/consultoria-en-mercados-exteriores\/#primaryimage"},"thumbnailUrl":"https:\/\/anmopyc.es\/wp-content\/uploads\/2025\/12\/consultoria.webp","datePublished":"2025-12-16T10:47:08+00:00","dateModified":"2026-03-24T14:43:55+00:00","description":"Accede al servicio de consultor\u00eda en mercados exteriores de ANMOPYC para impulsar la internacionalizaci\u00f3n de tu empresa.","breadcrumb":{"@id":"https:\/\/anmopyc.es\/internacionalizacion-y-mercados\/consultoria-en-mercados-exteriores\/#breadcrumb"},"inLanguage":"fr-FR","potentialAction":[{"@type":"ReadAction","target":["https:\/\/anmopyc.es\/internacionalizacion-y-mercados\/consultoria-en-mercados-exteriores\/"]}]},{"@type":"ImageObject","inLanguage":"fr-FR","@id":"https:\/\/anmopyc.es\/internacionalizacion-y-mercados\/consultoria-en-mercados-exteriores\/#primaryimage","url":"https:\/\/anmopyc.es\/wp-content\/uploads\/2025\/12\/consultoria.webp","contentUrl":"https:\/\/anmopyc.es\/wp-content\/uploads\/2025\/12\/consultoria.webp"},{"@type":"BreadcrumbList","@id":"https:\/\/anmopyc.es\/internacionalizacion-y-mercados\/consultoria-en-mercados-exteriores\/#breadcrumb","itemListElement":[{"@type":"ListItem","position":1,"name":"Home","item":"https:\/\/anmopyc.es\/"},{"@type":"ListItem","position":2,"name":"Internacionalizaci\u00f3n y mercados","item":"https:\/\/anmopyc.es\/internacionalizacion-y-mercados\/"},{"@type":"ListItem","position":3,"name":"Consultor\u00eda en mercados exteriores"}]},{"@type":"WebSite","@id":"https:\/\/anmopyc.es\/#website","url":"https:\/\/anmopyc.es\/","name":"Anmopyc","description":"","publisher":{"@id":"https:\/\/anmopyc.es\/#organization"},"potentialAction":[{"@type":"SearchAction","target":{"@type":"EntryPoint","urlTemplate":"https:\/\/anmopyc.es\/?s={search_term_string}"},"query-input":{"@type":"PropertyValueSpecification","valueRequired":true,"valueName":"search_term_string"}}],"inLanguage":"fr-FR"},{"@type":"Organization","@id":"https:\/\/anmopyc.es\/#organization","name":"Anmopyc","url":"https:\/\/anmopyc.es\/","logo":{"@type":"ImageObject","inLanguage":"fr-FR","@id":"https:\/\/anmopyc.es\/#\/schema\/logo\/image\/","url":"https:\/\/anmopyc.es\/wp-content\/uploads\/2025\/10\/anmopyc-correctoAZUL.svg","contentUrl":"https:\/\/anmopyc.es\/wp-content\/uploads\/2025\/10\/anmopyc-correctoAZUL.svg","width":372,"height":129,"caption":"Anmopyc"},"image":{"@id":"https:\/\/anmopyc.es\/#\/schema\/logo\/image\/"},"sameAs":["https:\/\/www.facebook.com\/anmopyc.red"]}]}},"_links":{"self":[{"href":"https:\/\/anmopyc.es\/fr\/wp-json\/wp\/v2\/pages\/11093","targetHints":{"allow":["GET"]}}],"collection":[{"href":"https:\/\/anmopyc.es\/fr\/wp-json\/wp\/v2\/pages"}],"about":[{"href":"https:\/\/anmopyc.es\/fr\/wp-json\/wp\/v2\/types\/page"}],"author":[{"embeddable":true,"href":"https:\/\/anmopyc.es\/fr\/wp-json\/wp\/v2\/users\/1"}],"replies":[{"embeddable":true,"href":"https:\/\/anmopyc.es\/fr\/wp-json\/wp\/v2\/comments?post=11093"}],"version-history":[{"count":13,"href":"https:\/\/anmopyc.es\/fr\/wp-json\/wp\/v2\/pages\/11093\/revisions"}],"predecessor-version":[{"id":13281,"href":"https:\/\/anmopyc.es\/fr\/wp-json\/wp\/v2\/pages\/11093\/revisions\/13281"}],"up":[{"embeddable":true,"href":"https:\/\/anmopyc.es\/fr\/wp-json\/wp\/v2\/pages\/11048"}],"wp:attachment":[{"href":"https:\/\/anmopyc.es\/fr\/wp-json\/wp\/v2\/media?parent=11093"}],"curies":[{"name":"wp","href":"https:\/\/api.w.org\/{rel}","templated":true}]}}