{"id":11147,"date":"2025-12-16T11:28:26","date_gmt":"2025-12-16T11:28:26","guid":{"rendered":"https:\/\/chocolate-rook-941503.hostingersite.com\/?page_id=11147"},"modified":"2026-01-27T09:27:56","modified_gmt":"2026-01-27T09:27:56","slug":"mise-en-reseau-et-cooperation","status":"publish","type":"page","link":"https:\/\/anmopyc.es\/fr\/networking-y-cooperacion\/","title":{"rendered":"Mise en r\u00e9seau et coop\u00e9ration"},"content":{"rendered":"<div data-elementor-type=\"wp-page\" data-elementor-id=\"11147\" class=\"elementor elementor-11147\" data-elementor-post-type=\"page\">\n\t\t\t\t<div class=\"elementor-element elementor-element-d33f4ff e-flex e-con-boxed e-con e-parent\" data-id=\"d33f4ff\" data-element_type=\"container\" data-e-type=\"container\" data-settings=\"{&quot;background_background&quot;:&quot;classic&quot;}\">\n\t\t\t\t\t<div class=\"e-con-inner\">\n\t\t\t\t<div class=\"elementor-element elementor-element-1749f7b elementor-widget elementor-widget-heading\" data-id=\"1749f7b\" data-element_type=\"widget\" data-e-type=\"widget\" data-widget_type=\"heading.default\">\n\t\t\t\t\t<h1 class=\"elementor-heading-title elementor-size-default\">Alliances, contacts et repr\u00e9sentation pour renforcer le secteur\n<\/h1>\t\t\t\t<\/div>\n\t\t\t\t<div class=\"elementor-element elementor-element-70e9916 elementor-widget elementor-widget-text-editor\" data-id=\"70e9916\" data-element_type=\"widget\" data-e-type=\"widget\" data-widget_type=\"text-editor.default\">\n\t\t\t\t\t\t\t\t\t<p><span style=\"font-weight: 400;\">En tant qu'association nationale du secteur des machines de construction et d'exploitation mini\u00e8re, l'ANMOPYC a \u00e9tabli, depuis sa cr\u00e9ation en 1982, des relations \u00e9troites avec les minist\u00e8res, les associations professionnelles, les institutions et les organismes industriels en Espagne, en Europe et dans le monde entier.<\/span><\/p><p><span style=\"font-weight: 400;\">Cette exp\u00e9rience nous a permis d'\u00e9tablir un vaste r\u00e9seau de contacts sur les principaux march\u00e9s des machines de construction et d'exploitation mini\u00e8re, renfor\u00e7ant ainsi la position du secteur et de nos entreprises partenaires.<\/span><\/p>\t\t\t\t\t\t\t\t<\/div>\n\t\t\t\t\t<\/div>\n\t\t\t\t<\/div>\n\t\t<div class=\"elementor-element elementor-element-e162655 e-con-full e-flex e-con e-parent\" data-id=\"e162655\" data-element_type=\"container\" data-e-type=\"container\">\n\t\t\t\t<div class=\"elementor-element elementor-element-f027e2b elementor-widget elementor-widget-image\" data-id=\"f027e2b\" data-element_type=\"widget\" data-e-type=\"widget\" data-widget_type=\"image.default\">\n\t\t\t\t\t\t\t\t\t\t\t\t\t\t\t<img fetchpriority=\"high\" decoding=\"async\" width=\"1200\" height=\"400\" src=\"https:\/\/anmopyc.es\/wp-content\/uploads\/2025\/12\/networking-.webp\" class=\"attachment-full size-full wp-image-12850\" alt=\"\" srcset=\"https:\/\/anmopyc.es\/wp-content\/uploads\/2025\/12\/networking-.webp 1200w, https:\/\/anmopyc.es\/wp-content\/uploads\/2025\/12\/networking--300x100.webp 300w, https:\/\/anmopyc.es\/wp-content\/uploads\/2025\/12\/networking--1024x341.webp 1024w, https:\/\/anmopyc.es\/wp-content\/uploads\/2025\/12\/networking--768x256.webp 768w\" sizes=\"(max-width: 1200px) 100vw, 1200px\" \/>\t\t\t\t\t\t\t\t\t\t\t\t\t\t\t<\/div>\n\t\t\t\t<\/div>\n\t\t<div class=\"elementor-element elementor-element-efa632e e-flex e-con-boxed e-con e-parent\" data-id=\"efa632e\" data-element_type=\"container\" data-e-type=\"container\">\n\t\t\t\t\t<div class=\"e-con-inner\">\n\t\t\t\t<div class=\"elementor-element elementor-element-69d9044 elementor-widget elementor-widget-heading\" data-id=\"69d9044\" data-element_type=\"widget\" data-e-type=\"widget\" data-widget_type=\"heading.default\">\n\t\t\t\t\t<h2 class=\"elementor-heading-title elementor-size-default\">Que faisons-nous \u00e0 ANMOPYC ?<\/h2>\t\t\t\t<\/div>\n\t\t\t\t<div class=\"elementor-element elementor-element-4d17479 elementor-widget elementor-widget-text-editor\" data-id=\"4d17479\" data-element_type=\"widget\" data-e-type=\"widget\" data-widget_type=\"text-editor.default\">\n\t\t\t\t\t\t\t\t\t<p><span style=\"font-weight: 400;\">Afin d'atteindre ces objectifs, ANMOPYC d\u00e9veloppe diff\u00e9rentes lignes d'action dans le domaine de l'internationalisation, qui sont divis\u00e9es dans les blocs suivants et <\/span><b>avoir des pages sp\u00e9cifiques<\/b><\/p>\t\t\t\t\t\t\t\t<\/div>\n\t\t\t\t\t<\/div>\n\t\t\t\t<\/div>\n\t\t<div class=\"elementor-element elementor-element-5804f22 e-flex e-con-boxed e-con e-parent\" data-id=\"5804f22\" data-element_type=\"container\" data-e-type=\"container\">\n\t\t\t\t\t<div class=\"e-con-inner\">\n\t\t<div class=\"elementor-element elementor-element-cc17f92 e-con-full e-flex e-con e-child\" data-id=\"cc17f92\" data-element_type=\"container\" data-e-type=\"container\" data-settings=\"{&quot;background_background&quot;:&quot;classic&quot;}\">\n\t\t\t\t<div class=\"elementor-element elementor-element-9a05c41 elementor-widget elementor-widget-heading\" data-id=\"9a05c41\" data-element_type=\"widget\" data-e-type=\"widget\" data-widget_type=\"heading.default\">\n\t\t\t\t\t<h2 class=\"elementor-heading-title elementor-size-default\"><a href=\"https:\/\/anmopyc.es\/fr\/networking-y-cooperacion\/networking-sectorial\/\">R\u00e9seaux sectoriels<\/a><\/h2>\t\t\t\t<\/div>\n\t\t\t\t<\/div>\n\t\t<div class=\"elementor-element elementor-element-578ab60 e-con-full e-flex e-con e-child\" data-id=\"578ab60\" data-element_type=\"container\" data-e-type=\"container\" data-settings=\"{&quot;background_background&quot;:&quot;classic&quot;}\">\n\t\t\t\t<div class=\"elementor-element elementor-element-ff59146 elementor-widget elementor-widget-heading\" data-id=\"ff59146\" data-element_type=\"widget\" data-e-type=\"widget\" data-widget_type=\"heading.default\">\n\t\t\t\t\t<h2 class=\"elementor-heading-title elementor-size-default\"><a href=\"https:\/\/anmopyc.es\/fr\/networking-y-cooperacion\/representacion-institucional\/\">Repr\u00e9sentation institutionnelle<\/a><\/h2>\t\t\t\t<\/div>\n\t\t\t\t<\/div>\n\t\t\t\t\t<\/div>\n\t\t\t\t<\/div>\n\t\t<div class=\"elementor-element elementor-element-6cbf85d e-flex e-con-boxed e-con e-parent\" data-id=\"6cbf85d\" data-element_type=\"container\" data-e-type=\"container\" data-settings=\"{&quot;background_background&quot;:&quot;classic&quot;}\">\n\t\t\t\t\t<div class=\"e-con-inner\">\n\t\t\t\t<div class=\"elementor-element elementor-element-15cd3b8 elementor-widget elementor-widget-heading\" data-id=\"15cd3b8\" data-element_type=\"widget\" data-e-type=\"widget\" data-widget_type=\"heading.default\">\n\t\t\t\t\t<h2 class=\"elementor-heading-title elementor-size-default\">Il fait partie du groupe qui <span style=\"color: #FACB00\">l'industrie des moteurs <\/span><\/h2>\t\t\t\t<\/div>\n\t\t\t\t<div class=\"elementor-element elementor-element-62c7943 elementor-widget elementor-widget-button\" data-id=\"62c7943\" data-element_type=\"widget\" data-e-type=\"widget\" data-widget_type=\"button.default\">\n\t\t\t\t\t\t\t\t\t\t<a class=\"elementor-button elementor-button-link elementor-size-sm\" href=\"https:\/\/anmopyc.es\/fr\/asociarse\/\">\n\t\t\t\t\t\t<span class=\"elementor-button-content-wrapper\">\n\t\t\t\t\t\t\t\t\t<span class=\"elementor-button-text\">Devenir membre d'Anmopyc<\/span>\n\t\t\t\t\t<\/span>\n\t\t\t\t\t<\/a>\n\t\t\t\t\t\t\t\t<\/div>\n\t\t\t\t\t<\/div>\n\t\t\t\t<\/div>\n\t\t\t\t<\/div>","protected":false},"excerpt":{"rendered":"<p>Alianzas, contactos y representaci\u00f3n para fortalecer el sector Como asociaci\u00f3n nacional del sector de la maquinaria de construcci\u00f3n y miner\u00eda, desde nuestra creaci\u00f3n en 1982 ANMOPYC ha establecido relaciones s\u00f3lidas con departamentos gubernamentales, asociaciones comerciales, instituciones y organismos industriales en Espa\u00f1a, Europa y a nivel internacional. Esta trayectoria nos ha permitido construir una amplia red [&hellip;]<\/p>\n","protected":false},"author":1,"featured_media":0,"parent":0,"menu_order":41,"comment_status":"closed","ping_status":"closed","template":"elementor_header_footer","meta":{"_acf_changed":false,"_joinchat":[],"footnotes":""},"class_list":["post-11147","page","type-page","status-publish","hentry"],"acf":[],"yoast_head":"<!-- This site is optimized with the Yoast SEO plugin v27.2 - https:\/\/yoast.com\/product\/yoast-seo-wordpress\/ -->\n<title>Networking y Cooperaci\u00f3n - Anmopyc<\/title>\n<meta name=\"description\" content=\"Networking y cooperaci\u00f3n empresarial para fabricantes de maquinaria: conecta empresas, impulsa alianzas estrat\u00e9gicas y genera oportunidades.\" \/>\n<meta name=\"robots\" content=\"index, follow, max-snippet:-1, max-image-preview:large, max-video-preview:-1\" \/>\n<link rel=\"canonical\" href=\"https:\/\/anmopyc.es\/fr\/mise-en-reseau-et-cooperation\/\" \/>\n<meta property=\"og:locale\" content=\"fr_FR\" \/>\n<meta property=\"og:type\" content=\"article\" \/>\n<meta property=\"og:title\" content=\"Networking y Cooperaci\u00f3n - Anmopyc\" \/>\n<meta property=\"og:description\" content=\"Networking y cooperaci\u00f3n empresarial para fabricantes de maquinaria: conecta empresas, impulsa alianzas estrat\u00e9gicas y genera oportunidades.\" \/>\n<meta property=\"og:url\" content=\"https:\/\/anmopyc.es\/fr\/mise-en-reseau-et-cooperation\/\" \/>\n<meta property=\"og:site_name\" content=\"Anmopyc\" \/>\n<meta property=\"article:publisher\" content=\"https:\/\/www.facebook.com\/anmopyc.red\" \/>\n<meta property=\"article:modified_time\" content=\"2026-01-27T09:27:56+00:00\" \/>\n<meta property=\"og:image\" content=\"https:\/\/anmopyc.es\/wp-content\/uploads\/2025\/12\/networking-.webp\" \/>\n\t<meta property=\"og:image:width\" content=\"1200\" \/>\n\t<meta property=\"og:image:height\" content=\"400\" \/>\n\t<meta property=\"og:image:type\" content=\"image\/webp\" \/>\n<meta name=\"twitter:card\" content=\"summary_large_image\" \/>\n<meta name=\"twitter:label1\" content=\"Dur\u00e9e de lecture estim\u00e9e\" \/>\n\t<meta name=\"twitter:data1\" content=\"1 minute\" \/>\n<script type=\"application\/ld+json\" class=\"yoast-schema-graph\">{\"@context\":\"https:\/\/schema.org\",\"@graph\":[{\"@type\":\"WebPage\",\"@id\":\"https:\/\/anmopyc.es\/en\/networking-y-cooperacion\/\",\"url\":\"https:\/\/anmopyc.es\/en\/networking-y-cooperacion\/\",\"name\":\"Networking y Cooperaci\u00f3n - Anmopyc\",\"isPartOf\":{\"@id\":\"https:\/\/anmopyc.es\/#website\"},\"primaryImageOfPage\":{\"@id\":\"https:\/\/anmopyc.es\/en\/networking-y-cooperacion\/#primaryimage\"},\"image\":{\"@id\":\"https:\/\/anmopyc.es\/en\/networking-y-cooperacion\/#primaryimage\"},\"thumbnailUrl\":\"https:\/\/anmopyc.es\/wp-content\/uploads\/2025\/12\/networking-.webp\",\"datePublished\":\"2025-12-16T11:28:26+00:00\",\"dateModified\":\"2026-01-27T09:27:56+00:00\",\"description\":\"Networking y cooperaci\u00f3n empresarial para fabricantes de maquinaria: conecta empresas, impulsa alianzas estrat\u00e9gicas y genera oportunidades.\",\"breadcrumb\":{\"@id\":\"https:\/\/anmopyc.es\/en\/networking-y-cooperacion\/#breadcrumb\"},\"inLanguage\":\"fr-FR\",\"potentialAction\":[{\"@type\":\"ReadAction\",\"target\":[\"https:\/\/anmopyc.es\/en\/networking-y-cooperacion\/\"]}]},{\"@type\":\"ImageObject\",\"inLanguage\":\"fr-FR\",\"@id\":\"https:\/\/anmopyc.es\/en\/networking-y-cooperacion\/#primaryimage\",\"url\":\"https:\/\/anmopyc.es\/wp-content\/uploads\/2025\/12\/networking-.webp\",\"contentUrl\":\"https:\/\/anmopyc.es\/wp-content\/uploads\/2025\/12\/networking-.webp\"},{\"@type\":\"BreadcrumbList\",\"@id\":\"https:\/\/anmopyc.es\/en\/networking-y-cooperacion\/#breadcrumb\",\"itemListElement\":[{\"@type\":\"ListItem\",\"position\":1,\"name\":\"Home\",\"item\":\"https:\/\/anmopyc.es\/\"},{\"@type\":\"ListItem\",\"position\":2,\"name\":\"Networking y Cooperaci\u00f3n\"}]},{\"@type\":\"WebSite\",\"@id\":\"https:\/\/anmopyc.es\/#website\",\"url\":\"https:\/\/anmopyc.es\/\",\"name\":\"Anmopyc\",\"description\":\"\",\"publisher\":{\"@id\":\"https:\/\/anmopyc.es\/#organization\"},\"potentialAction\":[{\"@type\":\"SearchAction\",\"target\":{\"@type\":\"EntryPoint\",\"urlTemplate\":\"https:\/\/anmopyc.es\/?s={search_term_string}\"},\"query-input\":{\"@type\":\"PropertyValueSpecification\",\"valueRequired\":true,\"valueName\":\"search_term_string\"}}],\"inLanguage\":\"fr-FR\"},{\"@type\":\"Organization\",\"@id\":\"https:\/\/anmopyc.es\/#organization\",\"name\":\"Anmopyc\",\"url\":\"https:\/\/anmopyc.es\/\",\"logo\":{\"@type\":\"ImageObject\",\"inLanguage\":\"fr-FR\",\"@id\":\"https:\/\/anmopyc.es\/#\/schema\/logo\/image\/\",\"url\":\"https:\/\/anmopyc.es\/wp-content\/uploads\/2025\/10\/anmopyc-correctoAZUL.svg\",\"contentUrl\":\"https:\/\/anmopyc.es\/wp-content\/uploads\/2025\/10\/anmopyc-correctoAZUL.svg\",\"width\":372,\"height\":129,\"caption\":\"Anmopyc\"},\"image\":{\"@id\":\"https:\/\/anmopyc.es\/#\/schema\/logo\/image\/\"},\"sameAs\":[\"https:\/\/www.facebook.com\/anmopyc.red\"]}]}<\/script>\n<!-- \/ Yoast SEO plugin. -->","yoast_head_json":{"title":"Mise en r\u00e9seau et coop\u00e9ration - Anmopyc","description":"Mise en r\u00e9seau et coop\u00e9ration commerciale pour les fabricants de machines : mise en relation d'entreprises, promotion d'alliances strat\u00e9giques et cr\u00e9ation d'opportunit\u00e9s.","robots":{"index":"index","follow":"follow","max-snippet":"max-snippet:-1","max-image-preview":"max-image-preview:large","max-video-preview":"max-video-preview:-1"},"canonical":"https:\/\/anmopyc.es\/fr\/mise-en-reseau-et-cooperation\/","og_locale":"fr_FR","og_type":"article","og_title":"Networking y Cooperaci\u00f3n - Anmopyc","og_description":"Networking y cooperaci\u00f3n empresarial para fabricantes de maquinaria: conecta empresas, impulsa alianzas estrat\u00e9gicas y genera oportunidades.","og_url":"https:\/\/anmopyc.es\/fr\/mise-en-reseau-et-cooperation\/","og_site_name":"Anmopyc","article_publisher":"https:\/\/www.facebook.com\/anmopyc.red","article_modified_time":"2026-01-27T09:27:56+00:00","og_image":[{"width":1200,"height":400,"url":"https:\/\/anmopyc.es\/wp-content\/uploads\/2025\/12\/networking-.webp","type":"image\/webp"}],"twitter_card":"summary_large_image","twitter_misc":{"Dur\u00e9e de lecture estim\u00e9e":"1 minute"},"schema":{"@context":"https:\/\/schema.org","@graph":[{"@type":"WebPage","@id":"https:\/\/anmopyc.es\/en\/networking-y-cooperacion\/","url":"https:\/\/anmopyc.es\/en\/networking-y-cooperacion\/","name":"Mise en r\u00e9seau et coop\u00e9ration - Anmopyc","isPartOf":{"@id":"https:\/\/anmopyc.es\/#website"},"primaryImageOfPage":{"@id":"https:\/\/anmopyc.es\/en\/networking-y-cooperacion\/#primaryimage"},"image":{"@id":"https:\/\/anmopyc.es\/en\/networking-y-cooperacion\/#primaryimage"},"thumbnailUrl":"https:\/\/anmopyc.es\/wp-content\/uploads\/2025\/12\/networking-.webp","datePublished":"2025-12-16T11:28:26+00:00","dateModified":"2026-01-27T09:27:56+00:00","description":"Mise en r\u00e9seau et coop\u00e9ration commerciale pour les fabricants de machines : mise en relation d'entreprises, promotion d'alliances strat\u00e9giques et cr\u00e9ation d'opportunit\u00e9s.","breadcrumb":{"@id":"https:\/\/anmopyc.es\/en\/networking-y-cooperacion\/#breadcrumb"},"inLanguage":"fr-FR","potentialAction":[{"@type":"ReadAction","target":["https:\/\/anmopyc.es\/en\/networking-y-cooperacion\/"]}]},{"@type":"ImageObject","inLanguage":"fr-FR","@id":"https:\/\/anmopyc.es\/en\/networking-y-cooperacion\/#primaryimage","url":"https:\/\/anmopyc.es\/wp-content\/uploads\/2025\/12\/networking-.webp","contentUrl":"https:\/\/anmopyc.es\/wp-content\/uploads\/2025\/12\/networking-.webp"},{"@type":"BreadcrumbList","@id":"https:\/\/anmopyc.es\/en\/networking-y-cooperacion\/#breadcrumb","itemListElement":[{"@type":"ListItem","position":1,"name":"Home","item":"https:\/\/anmopyc.es\/"},{"@type":"ListItem","position":2,"name":"Networking y Cooperaci\u00f3n"}]},{"@type":"WebSite","@id":"https:\/\/anmopyc.es\/#website","url":"https:\/\/anmopyc.es\/","name":"Anmopyc","description":"","publisher":{"@id":"https:\/\/anmopyc.es\/#organization"},"potentialAction":[{"@type":"SearchAction","target":{"@type":"EntryPoint","urlTemplate":"https:\/\/anmopyc.es\/?s={search_term_string}"},"query-input":{"@type":"PropertyValueSpecification","valueRequired":true,"valueName":"search_term_string"}}],"inLanguage":"fr-FR"},{"@type":"Organization","@id":"https:\/\/anmopyc.es\/#organization","name":"Anmopyc","url":"https:\/\/anmopyc.es\/","logo":{"@type":"ImageObject","inLanguage":"fr-FR","@id":"https:\/\/anmopyc.es\/#\/schema\/logo\/image\/","url":"https:\/\/anmopyc.es\/wp-content\/uploads\/2025\/10\/anmopyc-correctoAZUL.svg","contentUrl":"https:\/\/anmopyc.es\/wp-content\/uploads\/2025\/10\/anmopyc-correctoAZUL.svg","width":372,"height":129,"caption":"Anmopyc"},"image":{"@id":"https:\/\/anmopyc.es\/#\/schema\/logo\/image\/"},"sameAs":["https:\/\/www.facebook.com\/anmopyc.red"]}]}},"_links":{"self":[{"href":"https:\/\/anmopyc.es\/fr\/wp-json\/wp\/v2\/pages\/11147","targetHints":{"allow":["GET"]}}],"collection":[{"href":"https:\/\/anmopyc.es\/fr\/wp-json\/wp\/v2\/pages"}],"about":[{"href":"https:\/\/anmopyc.es\/fr\/wp-json\/wp\/v2\/types\/page"}],"author":[{"embeddable":true,"href":"https:\/\/anmopyc.es\/fr\/wp-json\/wp\/v2\/users\/1"}],"replies":[{"embeddable":true,"href":"https:\/\/anmopyc.es\/fr\/wp-json\/wp\/v2\/comments?post=11147"}],"version-history":[{"count":28,"href":"https:\/\/anmopyc.es\/fr\/wp-json\/wp\/v2\/pages\/11147\/revisions"}],"predecessor-version":[{"id":13317,"href":"https:\/\/anmopyc.es\/fr\/wp-json\/wp\/v2\/pages\/11147\/revisions\/13317"}],"wp:attachment":[{"href":"https:\/\/anmopyc.es\/fr\/wp-json\/wp\/v2\/media?parent=11147"}],"curies":[{"name":"wp","href":"https:\/\/api.w.org\/{rel}","templated":true}]}}