{"id":11154,"date":"2025-12-16T11:47:21","date_gmt":"2025-12-16T11:47:21","guid":{"rendered":"https:\/\/chocolate-rook-941503.hostingersite.com\/?page_id=11154"},"modified":"2026-03-24T14:44:31","modified_gmt":"2026-03-24T14:44:31","slug":"la-mise-en-reseau-sectorielle","status":"publish","type":"page","link":"https:\/\/anmopyc.es\/fr\/networking-y-cooperacion\/networking-sectorial\/","title":{"rendered":"R\u00e9seaux sectoriels"},"content":{"rendered":"<div data-elementor-type=\"wp-page\" data-elementor-id=\"11154\" class=\"elementor elementor-11154\" data-elementor-post-type=\"page\">\n\t\t\t\t<div class=\"elementor-element elementor-element-d33f4ff e-flex e-con-boxed e-con e-parent\" data-id=\"d33f4ff\" data-element_type=\"container\" data-e-type=\"container\" data-settings=\"{&quot;background_background&quot;:&quot;classic&quot;}\">\n\t\t\t\t\t<div class=\"e-con-inner\">\n\t\t\t\t<div class=\"elementor-element elementor-element-1749f7b elementor-widget elementor-widget-heading\" data-id=\"1749f7b\" data-element_type=\"widget\" data-e-type=\"widget\" data-widget_type=\"heading.default\">\n\t\t\t\t\t<h1 class=\"elementor-heading-title elementor-size-default\">R\u00e9seaux sectoriels\n\n<\/h1>\t\t\t\t<\/div>\n\t\t\t\t<div class=\"elementor-element elementor-element-70e9916 elementor-widget elementor-widget-text-editor\" data-id=\"70e9916\" data-element_type=\"widget\" data-e-type=\"widget\" data-widget_type=\"text-editor.default\">\n\t\t\t\t\t\t\t\t\t<p><span style=\"font-weight: 400;\">ANMOPYC encourage activement la cr\u00e9ation de nouvelles relations d'affaires et la coop\u00e9ration interentreprises, en offrant \u00e0 ses membres un contact direct avec des professionnels d'entreprises du secteur, des repr\u00e9sentants d'institutions et d'organisations industrielles.<\/span><\/p><p><span style=\"font-weight: 400;\">Les \u00e9v\u00e9nements organis\u00e9s par l'Association deviennent un environnement id\u00e9al pour g\u00e9n\u00e9rer des synergies, partager des connaissances et renforcer la collaboration entre les diff\u00e9rents acteurs du secteur.<\/span><\/p>\t\t\t\t\t\t\t\t<\/div>\n\t\t\t\t\t<\/div>\n\t\t\t\t<\/div>\n\t\t<div class=\"elementor-element elementor-element-7522641 e-con-full e-flex e-con e-parent\" data-id=\"7522641\" data-element_type=\"container\" data-e-type=\"container\">\n\t\t\t\t<div class=\"elementor-element elementor-element-3ee41c8 elementor-widget elementor-widget-image\" data-id=\"3ee41c8\" data-element_type=\"widget\" data-e-type=\"widget\" data-widget_type=\"image.default\">\n\t\t\t\t\t\t\t\t\t\t\t\t\t\t\t<img fetchpriority=\"high\" decoding=\"async\" width=\"1200\" height=\"675\" src=\"https:\/\/anmopyc.es\/wp-content\/uploads\/2025\/12\/networking-2.webp\" class=\"attachment-full size-full wp-image-11205\" alt=\"\" srcset=\"https:\/\/anmopyc.es\/wp-content\/uploads\/2025\/12\/networking-2.webp 1200w, https:\/\/anmopyc.es\/wp-content\/uploads\/2025\/12\/networking-2-300x169.webp 300w, https:\/\/anmopyc.es\/wp-content\/uploads\/2025\/12\/networking-2-1024x576.webp 1024w, https:\/\/anmopyc.es\/wp-content\/uploads\/2025\/12\/networking-2-768x432.webp 768w\" sizes=\"(max-width: 1200px) 100vw, 1200px\" \/>\t\t\t\t\t\t\t\t\t\t\t\t\t\t\t<\/div>\n\t\t\t\t<\/div>\n\t\t<div class=\"elementor-element elementor-element-efa632e e-flex e-con-boxed e-con e-parent\" data-id=\"efa632e\" data-element_type=\"container\" data-e-type=\"container\">\n\t\t\t\t\t<div class=\"e-con-inner\">\n\t\t\t\t<div class=\"elementor-element elementor-element-69d9044 elementor-widget elementor-widget-heading\" data-id=\"69d9044\" data-element_type=\"widget\" data-e-type=\"widget\" data-widget_type=\"heading.default\">\n\t\t\t\t\t<h2 class=\"elementor-heading-title elementor-size-default\"> Des espaces pour se rencontrer et g\u00e9n\u00e9rer des synergies<\/h2>\t\t\t\t<\/div>\n\t\t<div class=\"elementor-element elementor-element-eb8925e e-con-full e-flex e-con e-child\" data-id=\"eb8925e\" data-element_type=\"container\" data-e-type=\"container\">\n\t\t\t\t<div class=\"elementor-element elementor-element-56f8074 elementor-widget elementor-widget-text-editor\" data-id=\"56f8074\" data-element_type=\"widget\" data-e-type=\"widget\" data-widget_type=\"text-editor.default\">\n\t\t\t\t\t\t\t\t\t<p><span style=\"font-weight: 400;\">L'Assembl\u00e9e G\u00e9n\u00e9rale de l'ANMOPYC est l'un des \u00e9v\u00e9nements strat\u00e9giques les plus importants de l'ann\u00e9e, r\u00e9unissant les membres, les collaborateurs, les institutions, les associations, les entreprises li\u00e9es au secteur et la presse sp\u00e9cialis\u00e9e.<\/span><\/p><p><span style=\"font-weight: 400;\">Il s'agit d'un rendez-vous cl\u00e9 pour :<\/span><\/p><ul><li style=\"font-weight: 400;\" aria-level=\"1\"><span style=\"font-weight: 400;\">Encourager l'interrelation entre les participants.<\/span><span style=\"font-weight: 400;\"><br \/><\/span><\/li><li style=\"font-weight: 400;\" aria-level=\"1\"><span style=\"font-weight: 400;\">Renforcer les relations existantes et \u00e9tablir de nouvelles relations de confiance.<\/span><span style=\"font-weight: 400;\"><br \/><\/span><\/li><li style=\"font-weight: 400;\" aria-level=\"1\"><span style=\"font-weight: 400;\">Promouvoir les possibilit\u00e9s de collaboration au sein de l'\u00e9cosyst\u00e8me industriel et technologique.<\/span><p>\u00a0<\/p><\/li><\/ul><p><span style=\"font-weight: 400;\">Au cours de la journ\u00e9e, un programme vari\u00e9 est propos\u00e9, avec des pr\u00e9sentations techniques et \u00e9conomiques, ainsi que des pr\u00e9sentations sur des questions d'actualit\u00e9 dans le secteur, con\u00e7ues pour apporter une valeur ajout\u00e9e et favoriser la mise en r\u00e9seau des participants.<\/span><\/p><p><span style=\"font-weight: 400;\">Lors de la derni\u00e8re \u00e9dition, l'\u00e9v\u00e9nement a rassembl\u00e9 plus de 200 participants, repr\u00e9sentant l'ensemble de la cha\u00eene de valeur du secteur : fabricants, importateurs, distributeurs, institutions, associations et m\u00e9dias sp\u00e9cialis\u00e9s.<\/span><\/p>\t\t\t\t\t\t\t\t<\/div>\n\t\t\t\t<\/div>\n\t\t\t\t\t<\/div>\n\t\t\t\t<\/div>\n\t\t<div class=\"elementor-element elementor-element-ee58f49 e-flex e-con-boxed e-con e-parent\" data-id=\"ee58f49\" data-element_type=\"container\" data-e-type=\"container\">\n\t\t\t\t\t<div class=\"e-con-inner\">\n\t\t<div class=\"elementor-element elementor-element-7a6e439 e-con-full e-flex e-con e-child\" data-id=\"7a6e439\" data-element_type=\"container\" data-e-type=\"container\">\n\t\t\t\t<div class=\"elementor-element elementor-element-8d98839 elementor-widget elementor-widget-image\" data-id=\"8d98839\" data-element_type=\"widget\" data-e-type=\"widget\" data-widget_type=\"image.default\">\n\t\t\t\t\t\t\t\t\t\t\t\t\t\t\t<img decoding=\"async\" width=\"800\" height=\"450\" src=\"https:\/\/anmopyc.es\/wp-content\/uploads\/2025\/12\/networking-1024x576.webp\" class=\"attachment-large size-large wp-image-11206\" alt=\"\" srcset=\"https:\/\/anmopyc.es\/wp-content\/uploads\/2025\/12\/networking-1024x576.webp 1024w, https:\/\/anmopyc.es\/wp-content\/uploads\/2025\/12\/networking-300x169.webp 300w, https:\/\/anmopyc.es\/wp-content\/uploads\/2025\/12\/networking-768x432.webp 768w, https:\/\/anmopyc.es\/wp-content\/uploads\/2025\/12\/networking.webp 1200w\" sizes=\"(max-width: 800px) 100vw, 800px\" \/>\t\t\t\t\t\t\t\t\t\t\t\t\t\t\t<\/div>\n\t\t\t\t<\/div>\n\t\t<div class=\"elementor-element elementor-element-25404fb e-con-full e-flex e-con e-child\" data-id=\"25404fb\" data-element_type=\"container\" data-e-type=\"container\">\n\t\t\t\t<div class=\"elementor-element elementor-element-5f61df3 elementor-widget elementor-widget-image\" data-id=\"5f61df3\" data-element_type=\"widget\" data-e-type=\"widget\" data-widget_type=\"image.default\">\n\t\t\t\t\t\t\t\t\t\t\t\t\t\t\t<img decoding=\"async\" width=\"800\" height=\"450\" src=\"https:\/\/anmopyc.es\/wp-content\/uploads\/2025\/12\/networking-sectorial--1024x576.webp\" class=\"attachment-large size-large wp-image-12901\" alt=\"Auditorio lleno de asistentes en conferencia o evento corporativo en interior\" srcset=\"https:\/\/anmopyc.es\/wp-content\/uploads\/2025\/12\/networking-sectorial--1024x576.webp 1024w, https:\/\/anmopyc.es\/wp-content\/uploads\/2025\/12\/networking-sectorial--300x169.webp 300w, https:\/\/anmopyc.es\/wp-content\/uploads\/2025\/12\/networking-sectorial--768x432.webp 768w, https:\/\/anmopyc.es\/wp-content\/uploads\/2025\/12\/networking-sectorial-.webp 1200w\" sizes=\"(max-width: 800px) 100vw, 800px\" \/>\t\t\t\t\t\t\t\t\t\t\t\t\t\t\t<\/div>\n\t\t\t\t<\/div>\n\t\t\t\t\t<\/div>\n\t\t\t\t<\/div>\n\t\t<div class=\"elementor-element elementor-element-6cbf85d e-flex e-con-boxed e-con e-parent\" data-id=\"6cbf85d\" data-element_type=\"container\" data-e-type=\"container\" data-settings=\"{&quot;background_background&quot;:&quot;classic&quot;}\">\n\t\t\t\t\t<div class=\"e-con-inner\">\n\t\t\t\t<div class=\"elementor-element elementor-element-15cd3b8 elementor-widget elementor-widget-heading\" data-id=\"15cd3b8\" data-element_type=\"widget\" data-e-type=\"widget\" data-widget_type=\"heading.default\">\n\t\t\t\t\t<h2 class=\"elementor-heading-title elementor-size-default\">Il fait partie du groupe qui <span style=\"color: #FACB00\">l'industrie des moteurs <\/span><\/h2>\t\t\t\t<\/div>\n\t\t\t\t<div class=\"elementor-element elementor-element-62c7943 elementor-widget elementor-widget-button\" data-id=\"62c7943\" data-element_type=\"widget\" data-e-type=\"widget\" data-widget_type=\"button.default\">\n\t\t\t\t\t\t\t\t\t\t<a class=\"elementor-button elementor-button-link elementor-size-sm\" href=\"https:\/\/anmopyc.es\/fr\/asociarse\/\">\n\t\t\t\t\t\t<span class=\"elementor-button-content-wrapper\">\n\t\t\t\t\t\t\t\t\t<span class=\"elementor-button-text\">Devenir membre d'Anmopyc<\/span>\n\t\t\t\t\t<\/span>\n\t\t\t\t\t<\/a>\n\t\t\t\t\t\t\t\t<\/div>\n\t\t\t\t\t<\/div>\n\t\t\t\t<\/div>\n\t\t\t\t<\/div>","protected":false},"excerpt":{"rendered":"<p>Networking sectorial Desde ANMOPYC fomentamos activamente la creaci\u00f3n de nuevas relaciones comerciales y la cooperaci\u00f3n interempresarial, facilitando a nuestros asociados el contacto directo con profesionales de empresas del sector, representantes de instituciones y organismos industriales. Los eventos organizados por la Asociaci\u00f3n se convierten en un entorno id\u00f3neo para generar sinergias, compartir conocimiento y reforzar la [&hellip;]<\/p>\n","protected":false},"author":1,"featured_media":0,"parent":11147,"menu_order":40,"comment_status":"closed","ping_status":"closed","template":"elementor_header_footer","meta":{"_acf_changed":false,"_joinchat":[],"footnotes":""},"class_list":["post-11154","page","type-page","status-publish","hentry"],"acf":[],"yoast_head":"<!-- This site is optimized with the Yoast SEO plugin v27.2 - https:\/\/yoast.com\/product\/yoast-seo-wordpress\/ -->\n<title>Networking sectorial - Anmopyc<\/title>\n<meta name=\"description\" content=\"Participa en acciones de networking sectorial de ANMOPYC y conecta con empresas del sector de maquinaria y construcci\u00f3n.\" \/>\n<meta name=\"robots\" content=\"index, follow, max-snippet:-1, max-image-preview:large, max-video-preview:-1\" \/>\n<link rel=\"canonical\" href=\"https:\/\/anmopyc.es\/fr\/mise-en-reseau-et-cooperation\/la-mise-en-reseau-sectorielle\/\" \/>\n<meta property=\"og:locale\" content=\"fr_FR\" \/>\n<meta property=\"og:type\" content=\"article\" \/>\n<meta property=\"og:title\" content=\"Networking sectorial - Anmopyc\" \/>\n<meta property=\"og:description\" content=\"Participa en acciones de networking sectorial de ANMOPYC y conecta con empresas del sector de maquinaria y construcci\u00f3n.\" \/>\n<meta property=\"og:url\" content=\"https:\/\/anmopyc.es\/fr\/mise-en-reseau-et-cooperation\/la-mise-en-reseau-sectorielle\/\" \/>\n<meta property=\"og:site_name\" content=\"Anmopyc\" \/>\n<meta property=\"article:publisher\" content=\"https:\/\/www.facebook.com\/anmopyc.red\" \/>\n<meta property=\"article:modified_time\" content=\"2026-03-24T14:44:31+00:00\" \/>\n<meta property=\"og:image\" content=\"https:\/\/anmopyc.es\/wp-content\/uploads\/2025\/12\/networking-2.webp\" \/>\n<meta name=\"twitter:card\" content=\"summary_large_image\" \/>\n<meta name=\"twitter:label1\" content=\"Dur\u00e9e de lecture estim\u00e9e\" \/>\n\t<meta name=\"twitter:data1\" content=\"2 minutes\" \/>\n<script type=\"application\/ld+json\" class=\"yoast-schema-graph\">{\"@context\":\"https:\/\/schema.org\",\"@graph\":[{\"@type\":\"WebPage\",\"@id\":\"https:\/\/anmopyc.es\/networking-y-cooperacion\/networking-sectorial\/\",\"url\":\"https:\/\/anmopyc.es\/networking-y-cooperacion\/networking-sectorial\/\",\"name\":\"Networking sectorial - Anmopyc\",\"isPartOf\":{\"@id\":\"https:\/\/anmopyc.es\/#website\"},\"primaryImageOfPage\":{\"@id\":\"https:\/\/anmopyc.es\/networking-y-cooperacion\/networking-sectorial\/#primaryimage\"},\"image\":{\"@id\":\"https:\/\/anmopyc.es\/networking-y-cooperacion\/networking-sectorial\/#primaryimage\"},\"thumbnailUrl\":\"https:\/\/anmopyc.es\/wp-content\/uploads\/2025\/12\/networking-2.webp\",\"datePublished\":\"2025-12-16T11:47:21+00:00\",\"dateModified\":\"2026-03-24T14:44:31+00:00\",\"description\":\"Participa en acciones de networking sectorial de ANMOPYC y conecta con empresas del sector de maquinaria y construcci\u00f3n.\",\"breadcrumb\":{\"@id\":\"https:\/\/anmopyc.es\/networking-y-cooperacion\/networking-sectorial\/#breadcrumb\"},\"inLanguage\":\"fr-FR\",\"potentialAction\":[{\"@type\":\"ReadAction\",\"target\":[\"https:\/\/anmopyc.es\/networking-y-cooperacion\/networking-sectorial\/\"]}]},{\"@type\":\"ImageObject\",\"inLanguage\":\"fr-FR\",\"@id\":\"https:\/\/anmopyc.es\/networking-y-cooperacion\/networking-sectorial\/#primaryimage\",\"url\":\"https:\/\/anmopyc.es\/wp-content\/uploads\/2025\/12\/networking-2.webp\",\"contentUrl\":\"https:\/\/anmopyc.es\/wp-content\/uploads\/2025\/12\/networking-2.webp\"},{\"@type\":\"BreadcrumbList\",\"@id\":\"https:\/\/anmopyc.es\/networking-y-cooperacion\/networking-sectorial\/#breadcrumb\",\"itemListElement\":[{\"@type\":\"ListItem\",\"position\":1,\"name\":\"Home\",\"item\":\"https:\/\/anmopyc.es\/\"},{\"@type\":\"ListItem\",\"position\":2,\"name\":\"Networking y Cooperaci\u00f3n\",\"item\":\"https:\/\/anmopyc.es\/en\/networking-y-cooperacion\/\"},{\"@type\":\"ListItem\",\"position\":3,\"name\":\"Networking sectorial\"}]},{\"@type\":\"WebSite\",\"@id\":\"https:\/\/anmopyc.es\/#website\",\"url\":\"https:\/\/anmopyc.es\/\",\"name\":\"Anmopyc\",\"description\":\"\",\"publisher\":{\"@id\":\"https:\/\/anmopyc.es\/#organization\"},\"potentialAction\":[{\"@type\":\"SearchAction\",\"target\":{\"@type\":\"EntryPoint\",\"urlTemplate\":\"https:\/\/anmopyc.es\/?s={search_term_string}\"},\"query-input\":{\"@type\":\"PropertyValueSpecification\",\"valueRequired\":true,\"valueName\":\"search_term_string\"}}],\"inLanguage\":\"fr-FR\"},{\"@type\":\"Organization\",\"@id\":\"https:\/\/anmopyc.es\/#organization\",\"name\":\"Anmopyc\",\"url\":\"https:\/\/anmopyc.es\/\",\"logo\":{\"@type\":\"ImageObject\",\"inLanguage\":\"fr-FR\",\"@id\":\"https:\/\/anmopyc.es\/#\/schema\/logo\/image\/\",\"url\":\"https:\/\/anmopyc.es\/wp-content\/uploads\/2025\/10\/anmopyc-correctoAZUL.svg\",\"contentUrl\":\"https:\/\/anmopyc.es\/wp-content\/uploads\/2025\/10\/anmopyc-correctoAZUL.svg\",\"width\":372,\"height\":129,\"caption\":\"Anmopyc\"},\"image\":{\"@id\":\"https:\/\/anmopyc.es\/#\/schema\/logo\/image\/\"},\"sameAs\":[\"https:\/\/www.facebook.com\/anmopyc.red\"]}]}<\/script>\n<!-- \/ Yoast SEO plugin. -->","yoast_head_json":{"title":"Mise en r\u00e9seau sectorielle - Anmopyc","description":"Participa en acciones de networking sectorial de ANMOPYC y conecta con empresas del sector de maquinaria y construcci\u00f3n.","robots":{"index":"index","follow":"follow","max-snippet":"max-snippet:-1","max-image-preview":"max-image-preview:large","max-video-preview":"max-video-preview:-1"},"canonical":"https:\/\/anmopyc.es\/fr\/mise-en-reseau-et-cooperation\/la-mise-en-reseau-sectorielle\/","og_locale":"fr_FR","og_type":"article","og_title":"Networking sectorial - Anmopyc","og_description":"Participa en acciones de networking sectorial de ANMOPYC y conecta con empresas del sector de maquinaria y construcci\u00f3n.","og_url":"https:\/\/anmopyc.es\/fr\/mise-en-reseau-et-cooperation\/la-mise-en-reseau-sectorielle\/","og_site_name":"Anmopyc","article_publisher":"https:\/\/www.facebook.com\/anmopyc.red","article_modified_time":"2026-03-24T14:44:31+00:00","og_image":[{"url":"https:\/\/anmopyc.es\/wp-content\/uploads\/2025\/12\/networking-2.webp","type":"","width":"","height":""}],"twitter_card":"summary_large_image","twitter_misc":{"Dur\u00e9e de lecture estim\u00e9e":"2 minutes"},"schema":{"@context":"https:\/\/schema.org","@graph":[{"@type":"WebPage","@id":"https:\/\/anmopyc.es\/networking-y-cooperacion\/networking-sectorial\/","url":"https:\/\/anmopyc.es\/networking-y-cooperacion\/networking-sectorial\/","name":"Mise en r\u00e9seau sectorielle - Anmopyc","isPartOf":{"@id":"https:\/\/anmopyc.es\/#website"},"primaryImageOfPage":{"@id":"https:\/\/anmopyc.es\/networking-y-cooperacion\/networking-sectorial\/#primaryimage"},"image":{"@id":"https:\/\/anmopyc.es\/networking-y-cooperacion\/networking-sectorial\/#primaryimage"},"thumbnailUrl":"https:\/\/anmopyc.es\/wp-content\/uploads\/2025\/12\/networking-2.webp","datePublished":"2025-12-16T11:47:21+00:00","dateModified":"2026-03-24T14:44:31+00:00","description":"Participa en acciones de networking sectorial de ANMOPYC y conecta con empresas del sector de maquinaria y construcci\u00f3n.","breadcrumb":{"@id":"https:\/\/anmopyc.es\/networking-y-cooperacion\/networking-sectorial\/#breadcrumb"},"inLanguage":"fr-FR","potentialAction":[{"@type":"ReadAction","target":["https:\/\/anmopyc.es\/networking-y-cooperacion\/networking-sectorial\/"]}]},{"@type":"ImageObject","inLanguage":"fr-FR","@id":"https:\/\/anmopyc.es\/networking-y-cooperacion\/networking-sectorial\/#primaryimage","url":"https:\/\/anmopyc.es\/wp-content\/uploads\/2025\/12\/networking-2.webp","contentUrl":"https:\/\/anmopyc.es\/wp-content\/uploads\/2025\/12\/networking-2.webp"},{"@type":"BreadcrumbList","@id":"https:\/\/anmopyc.es\/networking-y-cooperacion\/networking-sectorial\/#breadcrumb","itemListElement":[{"@type":"ListItem","position":1,"name":"Home","item":"https:\/\/anmopyc.es\/"},{"@type":"ListItem","position":2,"name":"Networking y Cooperaci\u00f3n","item":"https:\/\/anmopyc.es\/en\/networking-y-cooperacion\/"},{"@type":"ListItem","position":3,"name":"Networking sectorial"}]},{"@type":"WebSite","@id":"https:\/\/anmopyc.es\/#website","url":"https:\/\/anmopyc.es\/","name":"Anmopyc","description":"","publisher":{"@id":"https:\/\/anmopyc.es\/#organization"},"potentialAction":[{"@type":"SearchAction","target":{"@type":"EntryPoint","urlTemplate":"https:\/\/anmopyc.es\/?s={search_term_string}"},"query-input":{"@type":"PropertyValueSpecification","valueRequired":true,"valueName":"search_term_string"}}],"inLanguage":"fr-FR"},{"@type":"Organization","@id":"https:\/\/anmopyc.es\/#organization","name":"Anmopyc","url":"https:\/\/anmopyc.es\/","logo":{"@type":"ImageObject","inLanguage":"fr-FR","@id":"https:\/\/anmopyc.es\/#\/schema\/logo\/image\/","url":"https:\/\/anmopyc.es\/wp-content\/uploads\/2025\/10\/anmopyc-correctoAZUL.svg","contentUrl":"https:\/\/anmopyc.es\/wp-content\/uploads\/2025\/10\/anmopyc-correctoAZUL.svg","width":372,"height":129,"caption":"Anmopyc"},"image":{"@id":"https:\/\/anmopyc.es\/#\/schema\/logo\/image\/"},"sameAs":["https:\/\/www.facebook.com\/anmopyc.red"]}]}},"_links":{"self":[{"href":"https:\/\/anmopyc.es\/fr\/wp-json\/wp\/v2\/pages\/11154","targetHints":{"allow":["GET"]}}],"collection":[{"href":"https:\/\/anmopyc.es\/fr\/wp-json\/wp\/v2\/pages"}],"about":[{"href":"https:\/\/anmopyc.es\/fr\/wp-json\/wp\/v2\/types\/page"}],"author":[{"embeddable":true,"href":"https:\/\/anmopyc.es\/fr\/wp-json\/wp\/v2\/users\/1"}],"replies":[{"embeddable":true,"href":"https:\/\/anmopyc.es\/fr\/wp-json\/wp\/v2\/comments?post=11154"}],"version-history":[{"count":22,"href":"https:\/\/anmopyc.es\/fr\/wp-json\/wp\/v2\/pages\/11154\/revisions"}],"predecessor-version":[{"id":13311,"href":"https:\/\/anmopyc.es\/fr\/wp-json\/wp\/v2\/pages\/11154\/revisions\/13311"}],"up":[{"embeddable":true,"href":"https:\/\/anmopyc.es\/fr\/wp-json\/wp\/v2\/pages\/11147"}],"wp:attachment":[{"href":"https:\/\/anmopyc.es\/fr\/wp-json\/wp\/v2\/media?parent=11154"}],"curies":[{"name":"wp","href":"https:\/\/api.w.org\/{rel}","templated":true}]}}