{"id":12415,"date":"2025-12-18T18:03:42","date_gmt":"2025-12-18T18:03:42","guid":{"rendered":"https:\/\/chocolate-rook-941503.hostingersite.com\/?page_id=12415"},"modified":"2026-03-24T14:42:11","modified_gmt":"2026-03-24T14:42:11","slug":"politique-de-confidentialite","status":"publish","type":"page","link":"https:\/\/anmopyc.es\/fr\/politica-de-privacidad\/","title":{"rendered":"Politique de confidentialit\u00e9"},"content":{"rendered":"<p>Conform\u00e9ment aux dispositions du r\u00e8glement (UE) 2016\/679 du Parlement europ\u00e9en et du Conseil du 27 avril 2016 relatif \u00e0 l'\u00e9valuation de l'impact sur l'environnement de l'utilisation de l'\u00e9nergie nucl\u00e9aire, la Commission europ\u00e9enne a d\u00e9cid\u00e9 de mettre en place un syst\u00e8me d'\u00e9valuation des risques.<\/p>\n\n\n\n<p>la protection des personnes physiques \u00e0 l'\u00e9gard du traitement des donn\u00e9es \u00e0 caract\u00e8re personnel et la libre circulation de ces donn\u00e9es et dans la loi organique relative \u00e0 la protection des personnes physiques \u00e0 l'\u00e9gard du traitement des donn\u00e9es \u00e0 caract\u00e8re personnel et dans la loi organique relative \u00e0 la protection des personnes physiques \u00e0 l'\u00e9gard du traitement des donn\u00e9es \u00e0 caract\u00e8re personnel.<\/p>\n\n\n\n<p>3\/2018, du 5 d\u00e9cembre, relative \u00e0 la protection des donn\u00e9es \u00e0 caract\u00e8re personnel et \u00e0 la garantie des droits num\u00e9riques, ainsi que dans ses r\u00e8glements d'application, nous vous fournissons de plus amples informations dans la pr\u00e9sente politique de confidentialit\u00e9.<\/p>\n\n\n\n<p><strong>Qui est responsable du traitement de vos donn\u00e9es<\/strong><\/p>\n\n\n\n<p>Identit\u00e9 : Asociaci\u00f3n Espa\u00f1ola de Fabricantes de Maquinaria para la Construcci\u00f3n, Obras P\u00fablicas y Miner\u00eda (Association espagnole des fabricants de machines pour la construction, les travaux publics et l'exploitation mini\u00e8re)<\/p>\n\n\n\n<p>Adresse postale : Paseo Independencia N.\u00ba 24-26, 3-4, 50004, Zaragoza.<\/p>\n\n\n\n<p>T\u00e9l\u00e9phone : 976227387<\/p>\n\n\n\n<p>Courriel : info@anmopyc.es<\/p>\n\n\n\n<p><strong>Dans quel but traitons-nous vos donn\u00e9es personnelles ?<\/strong><\/p>\n\n\n\n<p>L'Asociaci\u00f3n Espa\u00f1ola de Fabricantes de Maquinaria para la Construcci\u00f3n, Obras P\u00fablicas y Miner\u00eda traite les informations fournies par les parties int\u00e9ress\u00e9es afin de fournir tous les services offerts par notre association, ainsi que pour envoyer des informations d'int\u00e9r\u00eat sur les services et les activit\u00e9s offerts par l'association.<\/p>\n\n\n\n<p>Aucune d\u00e9cision automatis\u00e9e ne sera prise sur la base des donn\u00e9es fournies.<\/p>\n\n\n\n<p><strong>Dur\u00e9e de conservation des donn\u00e9es<\/strong><\/p>\n\n\n\n<p>Les donn\u00e9es personnelles fournies seront conserv\u00e9es pendant le temps n\u00e9cessaire \u00e0 la fourniture du service demand\u00e9 ou \u00e0 la commercialisation du produit, tant que l'int\u00e9ress\u00e9 n'en demande pas la suppression et pendant les p\u00e9riodes pr\u00e9vues par la loi.<\/p>\n\n\n\n<p><strong>Quelle est la l\u00e9gitimit\u00e9 du traitement de vos donn\u00e9es ?<\/strong><\/p>\n\n\n\n<p>La base juridique du traitement de vos donn\u00e9es est, selon le cas, le consentement de la personne concern\u00e9e, l'ex\u00e9cution d'un contrat ou l'int\u00e9r\u00eat l\u00e9gitime.<\/p>\n\n\n\n<p>Le traitement des donn\u00e9es dans le but d'envoyer des courriels d'information \u00e0 nos contacts commerciaux qui se sont inscrits sur notre site web est bas\u00e9 sur le consentement.<\/p>\n\n\n\n<p>Le traitement des donn\u00e9es pour l'envoi de courriels d'information \u00e0 nos partenaires est fond\u00e9 sur l'int\u00e9r\u00eat l\u00e9gitime \u00e9tabli dans le r\u00e8glement europ\u00e9en sur la protection des donn\u00e9es et dans la loi sur les services de la soci\u00e9t\u00e9 de l'information et du commerce \u00e9lectronique. Si vous pr\u00e9f\u00e9rez ne pas recevoir ces messages par e-mail, nous vous offrirons la possibilit\u00e9 d'exercer votre droit d'opposition \u00e0 ce traitement.<\/p>\n\n\n\n<p>Le traitement des donn\u00e9es pour l'inclusion dans le groupe whatsapp est bas\u00e9 sur le consentement de la personne concern\u00e9e.<\/p>\n\n\n\n<p><strong>\u00c0 quels destinataires vos donn\u00e9es seront-elles communiqu\u00e9es ?<\/strong><\/p>\n\n\n\n<p>Les donn\u00e9es ne seront pas communiqu\u00e9es \u00e0 des tiers, sauf en cas d'obligation l\u00e9gale.<\/p>\n\n\n\n<p><strong>Transferts de donn\u00e9es vers des pays tiers<\/strong><\/p>\n\n\n\n<p>Certains des fournisseurs de services engag\u00e9s par ANMOPYC h\u00e9bergent leurs serveurs en dehors de la Communaut\u00e9 \u00e9conomique europ\u00e9enne. Ces transferts internationaux de donn\u00e9es sont effectu\u00e9s sous les garanties l\u00e9gales requises et \u00e9tablies et sous les Clauses Contractuelles Types.<\/p>\n\n\n\n<p><strong>Quels sont vos droits lorsque vous nous fournissez vos donn\u00e9es ?<\/strong><\/p>\n\n\n\n<p>Toute personne a le droit d'obtenir des informations sur le fait que l'Asociaci\u00f3n Espa\u00f1ola de Fabricantes de Maquinaria para la Construcci\u00f3n, Obras P\u00fablicas y Miner\u00eda traite ou non des donn\u00e9es \u00e0 caract\u00e8re personnel la concernant.<\/p>\n\n\n\n<p>Les personnes int\u00e9ress\u00e9es ont le droit d'acc\u00e9der \u00e0 leurs donn\u00e9es personnelles, ainsi que de demander la rectification des donn\u00e9es inexactes ou, le cas \u00e9ch\u00e9ant, de demander leur suppression lorsque, entre autres raisons, les donn\u00e9es ne sont plus n\u00e9cessaires aux fins pour lesquelles elles ont \u00e9t\u00e9 collect\u00e9es. Vous avez \u00e9galement le droit \u00e0 la portabilit\u00e9 de vos donn\u00e9es.<\/p>\n\n\n\n<p>Dans certaines circonstances, les personnes concern\u00e9es peuvent nous demander de limiter le traitement de leurs donn\u00e9es, auquel cas nous ne conserverons les donn\u00e9es que dans le but d'exercer ou de d\u00e9fendre des r\u00e9clamations.<\/p>\n\n\n\n<p>Dans certaines circonstances et pour des raisons tenant \u00e0 leur situation particuli\u00e8re, les personnes concern\u00e9es peuvent s'opposer au traitement de leurs donn\u00e9es. Dans ce cas, l'Asociaci\u00f3n Espa\u00f1ola de Fabricantes de Maquinaria para la Construcci\u00f3n, Obras P\u00fablicas y Miner\u00eda cessera de traiter les donn\u00e9es, sauf pour des raisons l\u00e9gitimes imp\u00e9rieuses, ou pour l'exercice ou la d\u00e9fense d'\u00e9ventuelles r\u00e9clamations.<\/p>\n\n\n\n<p>Vous pouvez exercer mat\u00e9riellement vos droits en envoyant un courrier \u00e9lectronique \u00e0 info@anmopyc.es en vous identifiant d\u00fbment et en indiquant express\u00e9ment le droit sp\u00e9cifique que vous souhaitez exercer.<\/p>\n\n\n\n<p>Si vous avez donn\u00e9 votre consentement pour une finalit\u00e9 sp\u00e9cifique, vous avez le droit de le retirer \u00e0 tout moment, sans que cela n'affecte la l\u00e9galit\u00e9 du traitement fond\u00e9 sur votre consentement avant son retrait.<\/p>\n\n\n\n<p>Si vous estimez que vos droits concernant la protection de vos donn\u00e9es personnelles ont \u00e9t\u00e9 viol\u00e9s, en particulier lorsque vous n'avez pas obtenu satisfaction dans l'exercice de vos droits, vous pouvez contacter le d\u00e9l\u00e9gu\u00e9 \u00e0 la protection des donn\u00e9es, s'il a \u00e9t\u00e9 d\u00e9sign\u00e9, ou d\u00e9poser une plainte aupr\u00e8s de l'autorit\u00e9 de contr\u00f4le de la protection des donn\u00e9es comp\u00e9tente via son site web : www.agpd.es.<\/p>\n\n\n\n<p><strong>Plus d'informations sur le traitement de vos donn\u00e9es<\/strong><\/p>\n\n\n\n<p>Lorsque nous avons besoin d'obtenir des informations de votre part, nous vous demanderons toujours de les fournir volontairement en donnant votre consentement explicite par le biais des moyens pr\u00e9vus \u00e0 cet effet.<\/p>\n\n\n\n<p>Le traitement des donn\u00e9es collect\u00e9es par le biais des formulaires de collecte de donn\u00e9es sur le site Web ou par d'autres moyens sera inscrit au registre des activit\u00e9s de traitement dont l'Association espagnole des fabricants de machines de construction, de travaux publics et d'exploitation mini\u00e8re est responsable.<\/p>\n\n\n\n<p>Asociaci\u00f3n Espa\u00f1ola de Fabricantes de Maquinaria para la Construcci\u00f3n, Obras P\u00fablicas y Miner\u00eda traite les donn\u00e9es de mani\u00e8re confidentielle et adopte les mesures techniques et organisationnelles appropri\u00e9es pour garantir le niveau de s\u00e9curit\u00e9 ad\u00e9quat du traitement, conform\u00e9ment aux exigences du R\u00e8glement (UE) 2016\/679 du Parlement europ\u00e9en et du Conseil du 27 avril 2016 et des autres r\u00e9glementations applicables en mati\u00e8re de protection des donn\u00e9es.<\/p>\n\n\n\n<p>Toutefois, l'Asociaci\u00f3n Espa\u00f1ola de Fabricantes de Maquinaria para la Construcci\u00f3n, Obras P\u00fablicas y Miner\u00eda ne peut garantir l'invuln\u00e9rabilit\u00e9 absolue des syst\u00e8mes et n'assume donc aucune responsabilit\u00e9 pour les dommages d\u00e9coulant des alt\u00e9rations que des tiers pourraient causer dans les syst\u00e8mes informatiques, les documents \u00e9lectroniques ou les fichiers de l'utilisateur.<\/p>\n\n\n\n<p>Si vous d\u00e9cidez de quitter notre site Internet par le biais de liens vers des sites Internet n'appartenant pas \u00e0 notre organisation, l'Asociaci\u00f3n Espa\u00f1ola de Fabricantes de Maquinaria para la Construcci\u00f3n, Obras P\u00fablicas y Miner\u00eda ne sera pas tenue responsable des politiques de confidentialit\u00e9 de ces sites Internet ni des cookies qu'ils peuvent stocker sur l'ordinateur de l'utilisateur.<\/p>","protected":false},"excerpt":{"rendered":"<p>En cumplimiento de lo establecido en el Reglamento (UE) 2016\/679 del Parlamento Europeo y del Consejo de 27 de abril de 2016 relativo a la protecci\u00f3n de las personas f\u00edsicas en lo que respecta al tratamiento de datos personales y a la libre circulaci\u00f3n de estos y en la Ley Org\u00e1nica 3\/2018, de 5 de [&hellip;]<\/p>\n","protected":false},"author":1,"featured_media":0,"parent":0,"menu_order":45,"comment_status":"closed","ping_status":"closed","template":"","meta":{"_acf_changed":false,"_joinchat":[],"footnotes":""},"class_list":["post-12415","page","type-page","status-publish","hentry"],"acf":[],"yoast_head":"<!-- This site is optimized with the Yoast SEO plugin v27.2 - https:\/\/yoast.com\/product\/yoast-seo-wordpress\/ -->\n<title>Pol\u00edtica de Privacidad - Anmopyc<\/title>\n<meta name=\"description\" content=\"Consulta la pol\u00edtica de privacidad de ANMOPYC y c\u00f3mo tratamos, protegemos y gestionamos tus datos personales seg\u00fan la normativa vigente.\" \/>\n<meta name=\"robots\" content=\"index, follow, max-snippet:-1, max-image-preview:large, max-video-preview:-1\" \/>\n<link rel=\"canonical\" href=\"https:\/\/anmopyc.es\/fr\/politique-de-confidentialite\/\" \/>\n<meta property=\"og:locale\" content=\"fr_FR\" \/>\n<meta property=\"og:type\" content=\"article\" \/>\n<meta property=\"og:title\" content=\"Pol\u00edtica de Privacidad - Anmopyc\" \/>\n<meta property=\"og:description\" content=\"Consulta la pol\u00edtica de privacidad de ANMOPYC y c\u00f3mo tratamos, protegemos y gestionamos tus datos personales seg\u00fan la normativa vigente.\" \/>\n<meta property=\"og:url\" content=\"https:\/\/anmopyc.es\/fr\/politique-de-confidentialite\/\" \/>\n<meta property=\"og:site_name\" content=\"Anmopyc\" \/>\n<meta property=\"article:publisher\" content=\"https:\/\/www.facebook.com\/anmopyc.red\" \/>\n<meta property=\"article:modified_time\" content=\"2026-03-24T14:42:11+00:00\" \/>\n<meta name=\"twitter:card\" content=\"summary_large_image\" \/>\n<meta name=\"twitter:label1\" content=\"Dur\u00e9e de lecture estim\u00e9e\" \/>\n\t<meta name=\"twitter:data1\" content=\"5 minutes\" \/>\n<script type=\"application\/ld+json\" class=\"yoast-schema-graph\">{\"@context\":\"https:\/\/schema.org\",\"@graph\":[{\"@type\":\"WebPage\",\"@id\":\"https:\/\/anmopyc.es\/politica-de-privacidad\/\",\"url\":\"https:\/\/anmopyc.es\/politica-de-privacidad\/\",\"name\":\"Pol\u00edtica de Privacidad - Anmopyc\",\"isPartOf\":{\"@id\":\"https:\/\/anmopyc.es\/#website\"},\"datePublished\":\"2025-12-18T18:03:42+00:00\",\"dateModified\":\"2026-03-24T14:42:11+00:00\",\"description\":\"Consulta la pol\u00edtica de privacidad de ANMOPYC y c\u00f3mo tratamos, protegemos y gestionamos tus datos personales seg\u00fan la normativa vigente.\",\"breadcrumb\":{\"@id\":\"https:\/\/anmopyc.es\/politica-de-privacidad\/#breadcrumb\"},\"inLanguage\":\"fr-FR\",\"potentialAction\":[{\"@type\":\"ReadAction\",\"target\":[\"https:\/\/anmopyc.es\/politica-de-privacidad\/\"]}]},{\"@type\":\"BreadcrumbList\",\"@id\":\"https:\/\/anmopyc.es\/politica-de-privacidad\/#breadcrumb\",\"itemListElement\":[{\"@type\":\"ListItem\",\"position\":1,\"name\":\"Home\",\"item\":\"https:\/\/anmopyc.es\/\"},{\"@type\":\"ListItem\",\"position\":2,\"name\":\"Pol\u00edtica de Privacidad\"}]},{\"@type\":\"WebSite\",\"@id\":\"https:\/\/anmopyc.es\/#website\",\"url\":\"https:\/\/anmopyc.es\/\",\"name\":\"Anmopyc\",\"description\":\"\",\"publisher\":{\"@id\":\"https:\/\/anmopyc.es\/#organization\"},\"potentialAction\":[{\"@type\":\"SearchAction\",\"target\":{\"@type\":\"EntryPoint\",\"urlTemplate\":\"https:\/\/anmopyc.es\/?s={search_term_string}\"},\"query-input\":{\"@type\":\"PropertyValueSpecification\",\"valueRequired\":true,\"valueName\":\"search_term_string\"}}],\"inLanguage\":\"fr-FR\"},{\"@type\":\"Organization\",\"@id\":\"https:\/\/anmopyc.es\/#organization\",\"name\":\"Anmopyc\",\"url\":\"https:\/\/anmopyc.es\/\",\"logo\":{\"@type\":\"ImageObject\",\"inLanguage\":\"fr-FR\",\"@id\":\"https:\/\/anmopyc.es\/#\/schema\/logo\/image\/\",\"url\":\"https:\/\/anmopyc.es\/wp-content\/uploads\/2025\/10\/anmopyc-correctoAZUL.svg\",\"contentUrl\":\"https:\/\/anmopyc.es\/wp-content\/uploads\/2025\/10\/anmopyc-correctoAZUL.svg\",\"width\":372,\"height\":129,\"caption\":\"Anmopyc\"},\"image\":{\"@id\":\"https:\/\/anmopyc.es\/#\/schema\/logo\/image\/\"},\"sameAs\":[\"https:\/\/www.facebook.com\/anmopyc.red\"]}]}<\/script>\n<!-- \/ Yoast SEO plugin. -->","yoast_head_json":{"title":"Politique de confidentialit\u00e9 - Anmopyc","description":"Consulta la pol\u00edtica de privacidad de ANMOPYC y c\u00f3mo tratamos, protegemos y gestionamos tus datos personales seg\u00fan la normativa vigente.","robots":{"index":"index","follow":"follow","max-snippet":"max-snippet:-1","max-image-preview":"max-image-preview:large","max-video-preview":"max-video-preview:-1"},"canonical":"https:\/\/anmopyc.es\/fr\/politique-de-confidentialite\/","og_locale":"fr_FR","og_type":"article","og_title":"Pol\u00edtica de Privacidad - Anmopyc","og_description":"Consulta la pol\u00edtica de privacidad de ANMOPYC y c\u00f3mo tratamos, protegemos y gestionamos tus datos personales seg\u00fan la normativa vigente.","og_url":"https:\/\/anmopyc.es\/fr\/politique-de-confidentialite\/","og_site_name":"Anmopyc","article_publisher":"https:\/\/www.facebook.com\/anmopyc.red","article_modified_time":"2026-03-24T14:42:11+00:00","twitter_card":"summary_large_image","twitter_misc":{"Dur\u00e9e de lecture estim\u00e9e":"5 minutes"},"schema":{"@context":"https:\/\/schema.org","@graph":[{"@type":"WebPage","@id":"https:\/\/anmopyc.es\/politica-de-privacidad\/","url":"https:\/\/anmopyc.es\/politica-de-privacidad\/","name":"Politique de confidentialit\u00e9 - Anmopyc","isPartOf":{"@id":"https:\/\/anmopyc.es\/#website"},"datePublished":"2025-12-18T18:03:42+00:00","dateModified":"2026-03-24T14:42:11+00:00","description":"Consulta la pol\u00edtica de privacidad de ANMOPYC y c\u00f3mo tratamos, protegemos y gestionamos tus datos personales seg\u00fan la normativa vigente.","breadcrumb":{"@id":"https:\/\/anmopyc.es\/politica-de-privacidad\/#breadcrumb"},"inLanguage":"fr-FR","potentialAction":[{"@type":"ReadAction","target":["https:\/\/anmopyc.es\/politica-de-privacidad\/"]}]},{"@type":"BreadcrumbList","@id":"https:\/\/anmopyc.es\/politica-de-privacidad\/#breadcrumb","itemListElement":[{"@type":"ListItem","position":1,"name":"Home","item":"https:\/\/anmopyc.es\/"},{"@type":"ListItem","position":2,"name":"Pol\u00edtica de Privacidad"}]},{"@type":"WebSite","@id":"https:\/\/anmopyc.es\/#website","url":"https:\/\/anmopyc.es\/","name":"Anmopyc","description":"","publisher":{"@id":"https:\/\/anmopyc.es\/#organization"},"potentialAction":[{"@type":"SearchAction","target":{"@type":"EntryPoint","urlTemplate":"https:\/\/anmopyc.es\/?s={search_term_string}"},"query-input":{"@type":"PropertyValueSpecification","valueRequired":true,"valueName":"search_term_string"}}],"inLanguage":"fr-FR"},{"@type":"Organization","@id":"https:\/\/anmopyc.es\/#organization","name":"Anmopyc","url":"https:\/\/anmopyc.es\/","logo":{"@type":"ImageObject","inLanguage":"fr-FR","@id":"https:\/\/anmopyc.es\/#\/schema\/logo\/image\/","url":"https:\/\/anmopyc.es\/wp-content\/uploads\/2025\/10\/anmopyc-correctoAZUL.svg","contentUrl":"https:\/\/anmopyc.es\/wp-content\/uploads\/2025\/10\/anmopyc-correctoAZUL.svg","width":372,"height":129,"caption":"Anmopyc"},"image":{"@id":"https:\/\/anmopyc.es\/#\/schema\/logo\/image\/"},"sameAs":["https:\/\/www.facebook.com\/anmopyc.red"]}]}},"_links":{"self":[{"href":"https:\/\/anmopyc.es\/fr\/wp-json\/wp\/v2\/pages\/12415","targetHints":{"allow":["GET"]}}],"collection":[{"href":"https:\/\/anmopyc.es\/fr\/wp-json\/wp\/v2\/pages"}],"about":[{"href":"https:\/\/anmopyc.es\/fr\/wp-json\/wp\/v2\/types\/page"}],"author":[{"embeddable":true,"href":"https:\/\/anmopyc.es\/fr\/wp-json\/wp\/v2\/users\/1"}],"replies":[{"embeddable":true,"href":"https:\/\/anmopyc.es\/fr\/wp-json\/wp\/v2\/comments?post=12415"}],"version-history":[{"count":1,"href":"https:\/\/anmopyc.es\/fr\/wp-json\/wp\/v2\/pages\/12415\/revisions"}],"predecessor-version":[{"id":12416,"href":"https:\/\/anmopyc.es\/fr\/wp-json\/wp\/v2\/pages\/12415\/revisions\/12416"}],"wp:attachment":[{"href":"https:\/\/anmopyc.es\/fr\/wp-json\/wp\/v2\/media?parent=12415"}],"curies":[{"name":"wp","href":"https:\/\/api.w.org\/{rel}","templated":true}]}}