{"id":12417,"date":"2025-12-18T18:05:09","date_gmt":"2025-12-18T18:05:09","guid":{"rendered":"https:\/\/chocolate-rook-941503.hostingersite.com\/?page_id=12417"},"modified":"2026-03-24T14:41:10","modified_gmt":"2026-03-24T14:41:10","slug":"politique-en-matiere-de-cookies","status":"publish","type":"page","link":"https:\/\/anmopyc.es\/fr\/politica-de-cookies\/","title":{"rendered":"Politique en mati\u00e8re de cookies"},"content":{"rendered":"<p>Qu'est-ce qu'un biscuit ?<\/p>\n\n\n\n<p>Il s'agit de fichiers texte qui sont stock\u00e9s sur l'ordinateur de l'utilisateur lorsqu'il acc\u00e8de \u00e0 certains sites web. Lorsque vous visitez \u00e0 nouveau le m\u00eame site, le cookie permet au site web de reconna\u00eetre votre navigateur et de stocker les pr\u00e9f\u00e9rences de l'utilisateur ainsi que d'autres informations.<\/p>\n\n\n\n<p>Les param\u00e8tres de votre navigateur peuvent \u00eatre modifi\u00e9s pour refuser tous les cookies ou pour indiquer quand les cookies doivent \u00eatre envoy\u00e9s. Certaines fonctions ou certains services du site web peuvent ne pas fonctionner correctement sans cookies.<\/p>\n\n\n\n<p>Identification des cookies utilis\u00e9s<\/p>\n\n\n\n<p>En tenant compte des directives \u00e9tablies par l'Agence Espagnole de Protection des Donn\u00e9es, les cookies utilis\u00e9s sur le site web d'ANMOPYC sont class\u00e9s comme suit :<\/p>\n\n\n\n<ul class=\"wp-block-list\">\n<li>Cookies propres : ce sont ceux qui sont envoy\u00e9s \u00e0 l'\u00e9quipement terminal de l'utilisateur \u00e0 partir d'un ordinateur ou d'un domaine g\u00e9r\u00e9 par l'\u00e9diteur lui-m\u00eame et \u00e0 partir duquel le service demand\u00e9 par l'utilisateur est fourni.<\/li>\n\n\n\n<li>Cookies de tiers : il s'agit de cookies envoy\u00e9s \u00e0 l'\u00e9quipement terminal de l'utilisateur \u00e0 partir d'un ordinateur ou d'un domaine qui n'est pas g\u00e9r\u00e9 par l'\u00e9diteur, mais par une autre entit\u00e9 qui traite les donn\u00e9es obtenues par le biais des cookies.<\/li>\n<\/ul>\n\n\n\n<p>En fonction de la dur\u00e9e pendant laquelle ils restent activ\u00e9s dans l'\u00e9quipement terminal, on peut faire une distinction :<\/p>\n\n\n\n<ul class=\"wp-block-list\">\n<li>Cookies de session : il s'agit d'un type de cookie con\u00e7u pour collecter et stocker des donn\u00e9es pendant que l'utilisateur acc\u00e8de \u00e0 une page web ; ils restent sur l'ordinateur de l'utilisateur pendant la dur\u00e9e de la visite.<\/li>\n\n\n\n<li>Cookies persistants : il s'agit d'un type de cookie dans lequel les donn\u00e9es restent stock\u00e9es dans le terminal et peuvent \u00eatre consult\u00e9es et trait\u00e9es pendant une p\u00e9riode d\u00e9finie par le responsable du cookie, qui peut aller de quelques minutes \u00e0 plusieurs ann\u00e9es.<\/li>\n<\/ul>\n\n\n\n<p>En fonction de la finalit\u00e9 du traitement des donn\u00e9es obtenues par le biais des cookies, on peut faire la distinction entre<\/p>\n\n\n\n<ul class=\"wp-block-list\">\n<li>Cookies techniques : ce sont ceux qui permettent \u00e0 l'utilisateur de naviguer sur un site web, une plateforme ou une application et d'utiliser les diff\u00e9rentes options ou services qui y sont propos\u00e9s (identifier la session, effectuer le processus d'achat d'une commande, etc.) Cookies de personnalisation : il s'agit de cookies qui permettent \u00e0 l'utilisateur d'acc\u00e9der au service avec certaines caract\u00e9ristiques g\u00e9n\u00e9rales pr\u00e9d\u00e9finies en fonction d'une s\u00e9rie de crit\u00e8res dans le terminal de l'utilisateur (langue, type de navigateur, etc.). Cookies d'analyse : ces cookies permettent au responsable de surveiller et d'analyser le comportement des utilisateurs des sites web auxquels ils sont li\u00e9s. Les informations collect\u00e9es par ce type de cookies sont utilis\u00e9es pour mesurer l'activit\u00e9 des sites web, de l'application ou de la plateforme et pour l'\u00e9laboration de profils de navigation des utilisateurs de ces sites, applications et plateformes afin d'introduire des am\u00e9liorations bas\u00e9es sur l'analyse des donn\u00e9es d'utilisation des utilisateurs du service.<\/li>\n\n\n\n<li>Cookies de personnalisation : il s'agit de cookies qui permettent \u00e0 l'utilisateur d'acc\u00e9der au service avec certaines caract\u00e9ristiques g\u00e9n\u00e9rales pr\u00e9d\u00e9finies en fonction d'une s\u00e9rie de crit\u00e8res dans le terminal de l'utilisateur (langue, type de navigateur, etc.).<\/li>\n\n\n\n<li>Cookies d'analyse : ces cookies permettent au responsable de suivre et d'analyser le comportement des utilisateurs des sites web auxquels ils sont li\u00e9s. Les informations collect\u00e9es par ce type de cookies sont utilis\u00e9es pour mesurer l'activit\u00e9 des sites web, de l'application ou de la plateforme et pour cr\u00e9er des profils de navigation des utilisateurs de ces sites, applications et plateformes afin d'introduire des am\u00e9liorations bas\u00e9es sur l'analyse des donn\u00e9es relatives \u00e0 l'utilisation faite par les utilisateurs du service.<\/li>\n<\/ul>\n\n\n\n<figure class=\"wp-block-table\"><table class=\"has-fixed-layout\"><thead><tr><th>NOM<\/th><th>&nbsp;<\/th><th>OBJECTIF<\/th><th>DATE LIMITE<\/th><\/tr><\/thead><tbody><tr><td>_ga<\/td><td>Tiers<\/td><td>Cookie Google, n\u00e9cessaire pour identifier les utilisateurs<\/td><td>2 ans<\/td><\/tr><tr><td>_gid<\/td><td>Tiers<\/td><td>Cookie Google, n\u00e9cessaire pour identifier les utilisateurs<\/td><td>24 heures<\/td><\/tr><tr><td>_gat<\/td><td>Tiers<\/td><td>Cookie Google, contr\u00f4le le nombre de requ\u00eates adress\u00e9es aux API de Google.<\/td><td>1 minute<\/td><\/tr><tr><td>XSRF_TOKEN<\/td><td>Propre \u00e0 l'entreprise<\/td><td>Cookie de base du syst\u00e8me, n\u00e9cessaire \u00e0 l'authentification et \u00e0 la s\u00e9curit\u00e9 des demandes.<\/td><td>8 heures<\/td><\/tr><tr><td>noticeCookies-ok<\/td><td>Propre \u00e0 l'entreprise<\/td><td>Contr\u00f4le l'affichage de l'avis d'utilisation des cookies<\/td><td>2 ans<\/td><\/tr><\/tbody><\/table><\/figure>\n\n\n\n<figure class=\"wp-block-image size-full\"><img decoding=\"async\" width=\"356\" height=\"58\" src=\"https:\/\/anmopyc.es\/wp-content\/uploads\/2025\/12\/image.png\" alt=\"\" class=\"wp-image-12418\" srcset=\"https:\/\/anmopyc.es\/wp-content\/uploads\/2025\/12\/image.png 356w, https:\/\/anmopyc.es\/wp-content\/uploads\/2025\/12\/image-300x49.png 300w\" sizes=\"(max-width: 356px) 100vw, 356px\" \/><\/figure>\n\n\n\n<figure class=\"wp-block-image size-full is-resized\"><img fetchpriority=\"high\" decoding=\"async\" width=\"796\" height=\"535\" src=\"https:\/\/anmopyc.es\/wp-content\/uploads\/2025\/12\/image-1.png\" alt=\"\" class=\"wp-image-12419\" style=\"width:529px;height:auto\" srcset=\"https:\/\/anmopyc.es\/wp-content\/uploads\/2025\/12\/image-1.png 796w, https:\/\/anmopyc.es\/wp-content\/uploads\/2025\/12\/image-1-300x202.png 300w, https:\/\/anmopyc.es\/wp-content\/uploads\/2025\/12\/image-1-768x516.png 768w\" sizes=\"(max-width: 796px) 100vw, 796px\" \/><\/figure>","protected":false},"excerpt":{"rendered":"<p>\u00bfQu\u00e9 son las cookies? Son ficheros de texto que se almacenan en el ordenador del usuario al acceder a determinados sitios web. Cuando vuelve a visitar el mismo sitio, la cookie permite a la p\u00e1gina web reconocer su navegador, almacenando las preferencias del usuario y otro tipo de informaci\u00f3n. La configuraci\u00f3n del navegador se puede [&hellip;]<\/p>\n","protected":false},"author":1,"featured_media":0,"parent":0,"menu_order":44,"comment_status":"closed","ping_status":"closed","template":"","meta":{"_acf_changed":false,"_joinchat":[],"footnotes":""},"class_list":["post-12417","page","type-page","status-publish","hentry"],"acf":[],"yoast_head":"<!-- This site is optimized with the Yoast SEO plugin v27.2 - https:\/\/yoast.com\/product\/yoast-seo-wordpress\/ -->\n<title>Pol\u00edtica de Cookies - Anmopyc<\/title>\n<meta name=\"description\" content=\"Consulta la pol\u00edtica de cookies de ANMOPYC y conoce c\u00f3mo las utilizamos para mejorar la experiencia de usuario y el funcionamiento del sitio.\" \/>\n<meta name=\"robots\" content=\"index, follow, max-snippet:-1, max-image-preview:large, max-video-preview:-1\" \/>\n<link rel=\"canonical\" href=\"https:\/\/anmopyc.es\/fr\/politique-en-matiere-de-cookies\/\" \/>\n<meta property=\"og:locale\" content=\"fr_FR\" \/>\n<meta property=\"og:type\" content=\"article\" \/>\n<meta property=\"og:title\" content=\"Pol\u00edtica de Cookies - Anmopyc\" \/>\n<meta property=\"og:description\" content=\"Consulta la pol\u00edtica de cookies de ANMOPYC y conoce c\u00f3mo las utilizamos para mejorar la experiencia de usuario y el funcionamiento del sitio.\" \/>\n<meta property=\"og:url\" content=\"https:\/\/anmopyc.es\/fr\/politique-en-matiere-de-cookies\/\" \/>\n<meta property=\"og:site_name\" content=\"Anmopyc\" \/>\n<meta property=\"article:publisher\" content=\"https:\/\/www.facebook.com\/anmopyc.red\" \/>\n<meta property=\"article:modified_time\" content=\"2026-03-24T14:41:10+00:00\" \/>\n<meta property=\"og:image\" content=\"https:\/\/anmopyc.es\/wp-content\/uploads\/2025\/12\/image.png\" \/>\n\t<meta property=\"og:image:width\" content=\"356\" \/>\n\t<meta property=\"og:image:height\" content=\"58\" \/>\n\t<meta property=\"og:image:type\" content=\"image\/png\" \/>\n<meta name=\"twitter:card\" content=\"summary_large_image\" \/>\n<meta name=\"twitter:label1\" content=\"Dur\u00e9e de lecture estim\u00e9e\" \/>\n\t<meta name=\"twitter:data1\" content=\"4 minutes\" \/>\n<script type=\"application\/ld+json\" class=\"yoast-schema-graph\">{\"@context\":\"https:\/\/schema.org\",\"@graph\":[{\"@type\":\"WebPage\",\"@id\":\"https:\/\/anmopyc.es\/politica-de-cookies\/\",\"url\":\"https:\/\/anmopyc.es\/politica-de-cookies\/\",\"name\":\"Pol\u00edtica de Cookies - Anmopyc\",\"isPartOf\":{\"@id\":\"https:\/\/anmopyc.es\/#website\"},\"primaryImageOfPage\":{\"@id\":\"https:\/\/anmopyc.es\/politica-de-cookies\/#primaryimage\"},\"image\":{\"@id\":\"https:\/\/anmopyc.es\/politica-de-cookies\/#primaryimage\"},\"thumbnailUrl\":\"https:\/\/anmopyc.es\/wp-content\/uploads\/2025\/12\/image.png\",\"datePublished\":\"2025-12-18T18:05:09+00:00\",\"dateModified\":\"2026-03-24T14:41:10+00:00\",\"description\":\"Consulta la pol\u00edtica de cookies de ANMOPYC y conoce c\u00f3mo las utilizamos para mejorar la experiencia de usuario y el funcionamiento del sitio.\",\"breadcrumb\":{\"@id\":\"https:\/\/anmopyc.es\/politica-de-cookies\/#breadcrumb\"},\"inLanguage\":\"fr-FR\",\"potentialAction\":[{\"@type\":\"ReadAction\",\"target\":[\"https:\/\/anmopyc.es\/politica-de-cookies\/\"]}]},{\"@type\":\"ImageObject\",\"inLanguage\":\"fr-FR\",\"@id\":\"https:\/\/anmopyc.es\/politica-de-cookies\/#primaryimage\",\"url\":\"https:\/\/anmopyc.es\/wp-content\/uploads\/2025\/12\/image.png\",\"contentUrl\":\"https:\/\/anmopyc.es\/wp-content\/uploads\/2025\/12\/image.png\"},{\"@type\":\"BreadcrumbList\",\"@id\":\"https:\/\/anmopyc.es\/politica-de-cookies\/#breadcrumb\",\"itemListElement\":[{\"@type\":\"ListItem\",\"position\":1,\"name\":\"Home\",\"item\":\"https:\/\/anmopyc.es\/\"},{\"@type\":\"ListItem\",\"position\":2,\"name\":\"Pol\u00edtica de Cookies\"}]},{\"@type\":\"WebSite\",\"@id\":\"https:\/\/anmopyc.es\/#website\",\"url\":\"https:\/\/anmopyc.es\/\",\"name\":\"Anmopyc\",\"description\":\"\",\"publisher\":{\"@id\":\"https:\/\/anmopyc.es\/#organization\"},\"potentialAction\":[{\"@type\":\"SearchAction\",\"target\":{\"@type\":\"EntryPoint\",\"urlTemplate\":\"https:\/\/anmopyc.es\/?s={search_term_string}\"},\"query-input\":{\"@type\":\"PropertyValueSpecification\",\"valueRequired\":true,\"valueName\":\"search_term_string\"}}],\"inLanguage\":\"fr-FR\"},{\"@type\":\"Organization\",\"@id\":\"https:\/\/anmopyc.es\/#organization\",\"name\":\"Anmopyc\",\"url\":\"https:\/\/anmopyc.es\/\",\"logo\":{\"@type\":\"ImageObject\",\"inLanguage\":\"fr-FR\",\"@id\":\"https:\/\/anmopyc.es\/#\/schema\/logo\/image\/\",\"url\":\"https:\/\/anmopyc.es\/wp-content\/uploads\/2025\/10\/anmopyc-correctoAZUL.svg\",\"contentUrl\":\"https:\/\/anmopyc.es\/wp-content\/uploads\/2025\/10\/anmopyc-correctoAZUL.svg\",\"width\":372,\"height\":129,\"caption\":\"Anmopyc\"},\"image\":{\"@id\":\"https:\/\/anmopyc.es\/#\/schema\/logo\/image\/\"},\"sameAs\":[\"https:\/\/www.facebook.com\/anmopyc.red\"]}]}<\/script>\n<!-- \/ Yoast SEO plugin. -->","yoast_head_json":{"title":"Politique en mati\u00e8re de cookies - Anmopyc","description":"Consulta la pol\u00edtica de cookies de ANMOPYC y conoce c\u00f3mo las utilizamos para mejorar la experiencia de usuario y el funcionamiento del sitio.","robots":{"index":"index","follow":"follow","max-snippet":"max-snippet:-1","max-image-preview":"max-image-preview:large","max-video-preview":"max-video-preview:-1"},"canonical":"https:\/\/anmopyc.es\/fr\/politique-en-matiere-de-cookies\/","og_locale":"fr_FR","og_type":"article","og_title":"Pol\u00edtica de Cookies - Anmopyc","og_description":"Consulta la pol\u00edtica de cookies de ANMOPYC y conoce c\u00f3mo las utilizamos para mejorar la experiencia de usuario y el funcionamiento del sitio.","og_url":"https:\/\/anmopyc.es\/fr\/politique-en-matiere-de-cookies\/","og_site_name":"Anmopyc","article_publisher":"https:\/\/www.facebook.com\/anmopyc.red","article_modified_time":"2026-03-24T14:41:10+00:00","og_image":[{"width":356,"height":58,"url":"https:\/\/anmopyc.es\/wp-content\/uploads\/2025\/12\/image.png","type":"image\/png"}],"twitter_card":"summary_large_image","twitter_misc":{"Dur\u00e9e de lecture estim\u00e9e":"4 minutes"},"schema":{"@context":"https:\/\/schema.org","@graph":[{"@type":"WebPage","@id":"https:\/\/anmopyc.es\/politica-de-cookies\/","url":"https:\/\/anmopyc.es\/politica-de-cookies\/","name":"Politique en mati\u00e8re de cookies - Anmopyc","isPartOf":{"@id":"https:\/\/anmopyc.es\/#website"},"primaryImageOfPage":{"@id":"https:\/\/anmopyc.es\/politica-de-cookies\/#primaryimage"},"image":{"@id":"https:\/\/anmopyc.es\/politica-de-cookies\/#primaryimage"},"thumbnailUrl":"https:\/\/anmopyc.es\/wp-content\/uploads\/2025\/12\/image.png","datePublished":"2025-12-18T18:05:09+00:00","dateModified":"2026-03-24T14:41:10+00:00","description":"Consulta la pol\u00edtica de cookies de ANMOPYC y conoce c\u00f3mo las utilizamos para mejorar la experiencia de usuario y el funcionamiento del sitio.","breadcrumb":{"@id":"https:\/\/anmopyc.es\/politica-de-cookies\/#breadcrumb"},"inLanguage":"fr-FR","potentialAction":[{"@type":"ReadAction","target":["https:\/\/anmopyc.es\/politica-de-cookies\/"]}]},{"@type":"ImageObject","inLanguage":"fr-FR","@id":"https:\/\/anmopyc.es\/politica-de-cookies\/#primaryimage","url":"https:\/\/anmopyc.es\/wp-content\/uploads\/2025\/12\/image.png","contentUrl":"https:\/\/anmopyc.es\/wp-content\/uploads\/2025\/12\/image.png"},{"@type":"BreadcrumbList","@id":"https:\/\/anmopyc.es\/politica-de-cookies\/#breadcrumb","itemListElement":[{"@type":"ListItem","position":1,"name":"Home","item":"https:\/\/anmopyc.es\/"},{"@type":"ListItem","position":2,"name":"Pol\u00edtica de Cookies"}]},{"@type":"WebSite","@id":"https:\/\/anmopyc.es\/#website","url":"https:\/\/anmopyc.es\/","name":"Anmopyc","description":"","publisher":{"@id":"https:\/\/anmopyc.es\/#organization"},"potentialAction":[{"@type":"SearchAction","target":{"@type":"EntryPoint","urlTemplate":"https:\/\/anmopyc.es\/?s={search_term_string}"},"query-input":{"@type":"PropertyValueSpecification","valueRequired":true,"valueName":"search_term_string"}}],"inLanguage":"fr-FR"},{"@type":"Organization","@id":"https:\/\/anmopyc.es\/#organization","name":"Anmopyc","url":"https:\/\/anmopyc.es\/","logo":{"@type":"ImageObject","inLanguage":"fr-FR","@id":"https:\/\/anmopyc.es\/#\/schema\/logo\/image\/","url":"https:\/\/anmopyc.es\/wp-content\/uploads\/2025\/10\/anmopyc-correctoAZUL.svg","contentUrl":"https:\/\/anmopyc.es\/wp-content\/uploads\/2025\/10\/anmopyc-correctoAZUL.svg","width":372,"height":129,"caption":"Anmopyc"},"image":{"@id":"https:\/\/anmopyc.es\/#\/schema\/logo\/image\/"},"sameAs":["https:\/\/www.facebook.com\/anmopyc.red"]}]}},"_links":{"self":[{"href":"https:\/\/anmopyc.es\/fr\/wp-json\/wp\/v2\/pages\/12417","targetHints":{"allow":["GET"]}}],"collection":[{"href":"https:\/\/anmopyc.es\/fr\/wp-json\/wp\/v2\/pages"}],"about":[{"href":"https:\/\/anmopyc.es\/fr\/wp-json\/wp\/v2\/types\/page"}],"author":[{"embeddable":true,"href":"https:\/\/anmopyc.es\/fr\/wp-json\/wp\/v2\/users\/1"}],"replies":[{"embeddable":true,"href":"https:\/\/anmopyc.es\/fr\/wp-json\/wp\/v2\/comments?post=12417"}],"version-history":[{"count":1,"href":"https:\/\/anmopyc.es\/fr\/wp-json\/wp\/v2\/pages\/12417\/revisions"}],"predecessor-version":[{"id":12420,"href":"https:\/\/anmopyc.es\/fr\/wp-json\/wp\/v2\/pages\/12417\/revisions\/12420"}],"wp:attachment":[{"href":"https:\/\/anmopyc.es\/fr\/wp-json\/wp\/v2\/media?parent=12417"}],"curies":[{"name":"wp","href":"https:\/\/api.w.org\/{rel}","templated":true}]}}