{"id":16254,"date":"2026-02-02T10:26:55","date_gmt":"2026-02-02T10:26:55","guid":{"rendered":"https:\/\/anmopyc.es\/?page_id=16254"},"modified":"2026-03-24T14:39:14","modified_gmt":"2026-03-24T14:39:14","slug":"se-connecter","status":"publish","type":"page","link":"https:\/\/anmopyc.es\/fr\/iniciar-sesion\/","title":{"rendered":"Se connecter"},"content":{"rendered":"<div data-elementor-type=\"wp-page\" data-elementor-id=\"16254\" class=\"elementor elementor-16254\" data-elementor-post-type=\"page\">\n\t\t\t\t<div class=\"elementor-element elementor-element-34cde8a e-flex e-con-boxed e-con e-parent\" data-id=\"34cde8a\" data-element_type=\"container\" data-e-type=\"container\">\n\t\t\t\t\t<div class=\"e-con-inner\">\n\t\t\t\t<div class=\"elementor-element elementor-element-fdd85ae elementor-widget elementor-widget-heading\" data-id=\"fdd85ae\" data-element_type=\"widget\" data-e-type=\"widget\" data-widget_type=\"heading.default\">\n\t\t\t\t\t<h1 class=\"elementor-heading-title elementor-size-default\">Espace priv\u00e9<\/h1>\t\t\t\t<\/div>\n\t\t\t\t<div class=\"elementor-element elementor-element-3c1f0b3 elementor-widget elementor-widget-text-editor\" data-id=\"3c1f0b3\" data-element_type=\"widget\" data-e-type=\"widget\" data-widget_type=\"text-editor.default\">\n\t\t\t\t\t\t\t\t\t<p><span style=\"font-weight: 400;\">Le contenu de cette page est une information exclusive pour les membres de l'ANMOPYC.<\/span><\/p>\t\t\t\t\t\t\t\t<\/div>\n\t\t\t\t\t<\/div>\n\t\t\t\t<\/div>\n\t\t<div class=\"elementor-element elementor-element-e42b302 e-flex e-con-boxed e-con e-parent\" data-id=\"e42b302\" data-element_type=\"container\" data-e-type=\"container\">\n\t\t\t\t\t<div class=\"e-con-inner\">\n\t\t<div class=\"elementor-element elementor-element-56393b6 e-con-full elementor-hidden-desktop elementor-hidden-tablet elementor-hidden-mobile e-flex e-con e-child\" data-id=\"56393b6\" data-element_type=\"container\" data-e-type=\"container\">\n\t\t\t\t<\/div>\n\t\t<div class=\"elementor-element elementor-element-6d903c1 e-con-full e-flex e-con e-child\" data-id=\"6d903c1\" data-element_type=\"container\" data-e-type=\"container\" data-settings=\"{&quot;background_background&quot;:&quot;classic&quot;}\">\n\t\t\t\t<div class=\"elementor-element elementor-element-612a54e elementor-widget elementor-widget-heading\" data-id=\"612a54e\" data-element_type=\"widget\" data-e-type=\"widget\" data-widget_type=\"heading.default\">\n\t\t\t\t\t<h2 class=\"elementor-heading-title elementor-size-default\">Connexion <\/h2>\t\t\t\t<\/div>\n\t\t\t\t<div class=\"elementor-element elementor-element-2221af4 elementor-widget elementor-widget-text-editor\" data-id=\"2221af4\" data-element_type=\"widget\" data-e-type=\"widget\" data-widget_type=\"text-editor.default\">\n\t\t\t\t\t\t\t\t\t<p><span style=\"font-weight: 400;\"><strong>Se connecter.<\/strong> Connectez-vous \u00e0 l'aide de votre adresse \u00e9lectronique et de votre mot de passe pour y acc\u00e9der :<\/span><\/p>\t\t\t\t\t\t\t\t<\/div>\n\t\t\t\t<div class=\"elementor-element elementor-element-bab7f4f elementor-widget elementor-widget-login-form\" data-id=\"bab7f4f\" data-element_type=\"widget\" data-e-type=\"widget\" data-widget_type=\"login-form.default\">\n\t\t\t\t<div class=\"elementor-widget-container\">\n\t\t\t\t\t\n<div class=\"wpum-template wpum-form wpum-login-form\">\n\n\t\n\t<form action=\"\/fr\/wp-json\/wp\/v2\/pages\/16254\" method=\"post\" id=\"wpum-submit-login-form\" enctype=\"multipart\/form-data\" data-trp-original-action=\"\/fr\/wp-json\/wp\/v2\/pages\/16254\">\n\n\t\t\t\t\t<fieldset class=\"fieldset-username\">\n\n\t\t\t\t\n\t\t\t\t\t<label for=\"username\">\n\t\t\t\t\t\tIdentifiant ou adresse e-mail\t\t\t\t\t\t\t\t\t\t\t\t\t<span class=\"wpum-required\">*<\/span>\n\t\t\t\t\t\t\t\t\t\t\t<\/label>\n\t\t\t\t\t<div class=\"field required-field\">\n\t\t\t\t\t\t\n<input\n\ttype=\"text\"\n\tclass=\"input-text\"\n\tname=\"username\"\n\t\tid=\"username\"\n\tplaceholder=\"\"\n\tvalue=\"\"\n\tmaxlength=\"\"\n\trequired\t\t\t\t\/>\n\t\t\t\t\t<\/div>\n\n\t\t\t\t\n\t\t\t<\/fieldset>\n\t\t\t\t\t<fieldset class=\"fieldset-password\">\n\n\t\t\t\t\n\t\t\t\t\t<label for=\"password\">\n\t\t\t\t\t\tMot de passe\t\t\t\t\t\t\t\t\t\t\t\t\t<span class=\"wpum-required\">*<\/span>\n\t\t\t\t\t\t\t\t\t\t\t<\/label>\n\t\t\t\t\t<div class=\"field required-field\">\n\t\t\t\t\t\t\n<input type=\"password\" class=\"input-text\"\nname=\"password\" id=\"password\" placeholder=\"\" value=\"\" maxlength=\"\"\n\t\t\t\t\trequired\t\t\t\/>\n\t\t\t\t\t<\/div>\n\n\t\t\t\t\n\t\t\t<\/fieldset>\n\t\t\t\t\t<fieldset class=\"fieldset-remember\">\n\n\t\t\t\t\n\t\t\t\t\t<label for=\"remember\">\n\t\t\t\t\t\t<span class=\"field\">\n\t\t\t\t\t\t\t\n<input type=\"checkbox\" class=\"input-checkbox\" name=\"remember\" id=\"remember\"  value=\"1\"\n\t\t\t\t\t\t\t\t\t\t\t\t\t\t\t\t\/>\n\t\t\t\t\t\t<\/span>\n\t\t\t\t\t\tSe souvenir de moi\t\t\t\t\t\t\t\t\t\t\t<\/label>\n\n\t\t\t\t\n\t\t\t<\/fieldset>\n\t\t\n\t\t<input type=\"hidden\" name=\"wpum_form\" value=\"login\" \/>\n\t\t<input type=\"hidden\" name=\"step\" value=\"0\" \/>\n\t\t<input type=\"hidden\" name=\"submit_referrer\" value=\"\" \/>\n\n\t\t\n\t\t<input type=\"submit\" name=\"submit_login\" class=\"button\" value=\"Connexion\" \/>\n\n\t<input type=\"hidden\" name=\"trp-form-language\" value=\"fr\"\/><\/form>\n\n\t\n<\/div>\n\n<ul class=\"wpum-action-links\">\n\t\t\t<\/ul>\n\t\t\t\t<\/div>\n\t\t\t\t<\/div>\n\t\t\t\t<div class=\"elementor-element elementor-element-bf6e479 elementor-widget elementor-widget-text-editor\" data-id=\"bf6e479\" data-element_type=\"widget\" data-e-type=\"widget\" data-widget_type=\"text-editor.default\">\n\t\t\t\t\t\t\t\t\t<p style=\"text-align: left;\"><b>Demandez vos mots de passe<\/b><span style=\"font-weight: 400;\">Si vous \u00eates membre de l'ANMOPYC et que vous ne l'avez pas encore fait <\/span><strong>Registre <a href=\"https:\/\/anmopyc.es\/fr\/contact\/\">Ici\u00a0<\/a><\/strong><\/p>\t\t\t\t\t\t\t\t<\/div>\n\t\t\t\t<div class=\"elementor-element elementor-element-db37581 elementor-widget elementor-widget-text-editor\" data-id=\"db37581\" data-element_type=\"widget\" data-e-type=\"widget\" data-widget_type=\"text-editor.default\">\n\t\t\t\t\t\t\t\t\t<p style=\"text-align: left;\"><b>R\u00e9cup\u00e9rer son mot de passe<\/b><span style=\"font-weight: 400;\">si vous l'avez oubli\u00e9, cliquez ici <strong><a href=\"https:\/\/anmopyc.es\/fr\/reinitialiser-le-mot-de-passe\/\">Ici\u00a0<\/a><\/strong><\/span><\/p>\t\t\t\t\t\t\t\t<\/div>\n\t\t\t\t<\/div>\n\t\t<div class=\"elementor-element elementor-element-6985ea1 e-con-full elementor-hidden-desktop elementor-hidden-tablet elementor-hidden-mobile e-flex e-con e-child\" data-id=\"6985ea1\" data-element_type=\"container\" data-e-type=\"container\">\n\t\t\t\t<\/div>\n\t\t\t\t\t<\/div>\n\t\t\t\t<\/div>\n\t\t\t\t<\/div>","protected":false},"excerpt":{"rendered":"<p>Espace priv\u00e9 Le contenu de cette page est une information exclusive pour les membres de l'ANMOPYC. Login Login. Connectez-vous avec votre email et votre mot de passe pour acc\u00e9der \u00e0 : Demander votre mot de passe : Si vous \u00eates membre de l'ANMOPYC et que vous ne l'avez pas encore fait Enregistrez-vous ici R\u00e9cup\u00e9rer votre mot de passe : si vous l'avez oubli\u00e9 cliquez ici\u00a0<\/p>","protected":false},"author":1,"featured_media":44,"parent":0,"menu_order":2,"comment_status":"closed","ping_status":"closed","template":"elementor_header_footer","meta":{"_acf_changed":false,"_joinchat":[],"footnotes":""},"class_list":["post-16254","page","type-page","status-publish","has-post-thumbnail","hentry"],"acf":[],"yoast_head":"<!-- This site is optimized with the Yoast SEO plugin v27.2 - https:\/\/yoast.com\/product\/yoast-seo-wordpress\/ -->\n<title>Iniciar sesi\u00f3n - Anmopyc<\/title>\n<meta name=\"description\" content=\"Accede a tu \u00e1rea privada de ANMOPYC para gestionar servicios, consultar informaci\u00f3n del sector y acceder a recursos exclusivos para asociados.\" \/>\n<meta name=\"robots\" content=\"index, follow, max-snippet:-1, max-image-preview:large, max-video-preview:-1\" \/>\n<link rel=\"canonical\" href=\"https:\/\/anmopyc.es\/fr\/se-connecter\/\" \/>\n<meta property=\"og:locale\" content=\"fr_FR\" \/>\n<meta property=\"og:type\" content=\"article\" \/>\n<meta property=\"og:title\" content=\"Iniciar sesi\u00f3n - Anmopyc\" \/>\n<meta property=\"og:description\" content=\"Accede a tu \u00e1rea privada de ANMOPYC para gestionar servicios, consultar informaci\u00f3n del sector y acceder a recursos exclusivos para asociados.\" \/>\n<meta property=\"og:url\" content=\"https:\/\/anmopyc.es\/fr\/se-connecter\/\" \/>\n<meta property=\"og:site_name\" content=\"Anmopyc\" \/>\n<meta property=\"article:publisher\" content=\"https:\/\/www.facebook.com\/anmopyc.red\" \/>\n<meta property=\"article:modified_time\" content=\"2026-03-24T14:39:14+00:00\" \/>\n<meta name=\"twitter:card\" content=\"summary_large_image\" \/>\n<meta name=\"twitter:label1\" content=\"Dur\u00e9e de lecture estim\u00e9e\" \/>\n\t<meta name=\"twitter:data1\" content=\"1 minute\" \/>\n<script type=\"application\/ld+json\" class=\"yoast-schema-graph\">{\"@context\":\"https:\/\/schema.org\",\"@graph\":[{\"@type\":\"WebPage\",\"@id\":\"https:\/\/anmopyc.es\/iniciar-sesion\/\",\"url\":\"https:\/\/anmopyc.es\/iniciar-sesion\/\",\"name\":\"Iniciar sesi\u00f3n - Anmopyc\",\"isPartOf\":{\"@id\":\"https:\/\/anmopyc.es\/#website\"},\"primaryImageOfPage\":{\"@id\":\"https:\/\/anmopyc.es\/iniciar-sesion\/#primaryimage\"},\"image\":{\"@id\":\"https:\/\/anmopyc.es\/iniciar-sesion\/#primaryimage\"},\"thumbnailUrl\":\"https:\/\/anmopyc.es\/wp-content\/uploads\/2025\/10\/anmopyc-correctoAZUL.svg\",\"datePublished\":\"2026-02-02T10:26:55+00:00\",\"dateModified\":\"2026-03-24T14:39:14+00:00\",\"description\":\"Accede a tu \u00e1rea privada de ANMOPYC para gestionar servicios, consultar informaci\u00f3n del sector y acceder a recursos exclusivos para asociados.\",\"breadcrumb\":{\"@id\":\"https:\/\/anmopyc.es\/iniciar-sesion\/#breadcrumb\"},\"inLanguage\":\"fr-FR\",\"potentialAction\":[{\"@type\":\"ReadAction\",\"target\":[\"https:\/\/anmopyc.es\/iniciar-sesion\/\"]}]},{\"@type\":\"ImageObject\",\"inLanguage\":\"fr-FR\",\"@id\":\"https:\/\/anmopyc.es\/iniciar-sesion\/#primaryimage\",\"url\":\"https:\/\/anmopyc.es\/wp-content\/uploads\/2025\/10\/anmopyc-correctoAZUL.svg\",\"contentUrl\":\"https:\/\/anmopyc.es\/wp-content\/uploads\/2025\/10\/anmopyc-correctoAZUL.svg\",\"width\":372,\"height\":129},{\"@type\":\"BreadcrumbList\",\"@id\":\"https:\/\/anmopyc.es\/iniciar-sesion\/#breadcrumb\",\"itemListElement\":[{\"@type\":\"ListItem\",\"position\":1,\"name\":\"Home\",\"item\":\"https:\/\/anmopyc.es\/\"},{\"@type\":\"ListItem\",\"position\":2,\"name\":\"Iniciar sesi\u00f3n\"}]},{\"@type\":\"WebSite\",\"@id\":\"https:\/\/anmopyc.es\/#website\",\"url\":\"https:\/\/anmopyc.es\/\",\"name\":\"Anmopyc\",\"description\":\"\",\"publisher\":{\"@id\":\"https:\/\/anmopyc.es\/#organization\"},\"potentialAction\":[{\"@type\":\"SearchAction\",\"target\":{\"@type\":\"EntryPoint\",\"urlTemplate\":\"https:\/\/anmopyc.es\/?s={search_term_string}\"},\"query-input\":{\"@type\":\"PropertyValueSpecification\",\"valueRequired\":true,\"valueName\":\"search_term_string\"}}],\"inLanguage\":\"fr-FR\"},{\"@type\":\"Organization\",\"@id\":\"https:\/\/anmopyc.es\/#organization\",\"name\":\"Anmopyc\",\"url\":\"https:\/\/anmopyc.es\/\",\"logo\":{\"@type\":\"ImageObject\",\"inLanguage\":\"fr-FR\",\"@id\":\"https:\/\/anmopyc.es\/#\/schema\/logo\/image\/\",\"url\":\"https:\/\/anmopyc.es\/wp-content\/uploads\/2025\/10\/anmopyc-correctoAZUL.svg\",\"contentUrl\":\"https:\/\/anmopyc.es\/wp-content\/uploads\/2025\/10\/anmopyc-correctoAZUL.svg\",\"width\":372,\"height\":129,\"caption\":\"Anmopyc\"},\"image\":{\"@id\":\"https:\/\/anmopyc.es\/#\/schema\/logo\/image\/\"},\"sameAs\":[\"https:\/\/www.facebook.com\/anmopyc.red\"]}]}<\/script>\n<!-- \/ Yoast SEO plugin. -->","yoast_head_json":{"title":"Connexion - Anmopyc","description":"Accede a tu \u00e1rea privada de ANMOPYC para gestionar servicios, consultar informaci\u00f3n del sector y acceder a recursos exclusivos para asociados.","robots":{"index":"index","follow":"follow","max-snippet":"max-snippet:-1","max-image-preview":"max-image-preview:large","max-video-preview":"max-video-preview:-1"},"canonical":"https:\/\/anmopyc.es\/fr\/se-connecter\/","og_locale":"fr_FR","og_type":"article","og_title":"Iniciar sesi\u00f3n - Anmopyc","og_description":"Accede a tu \u00e1rea privada de ANMOPYC para gestionar servicios, consultar informaci\u00f3n del sector y acceder a recursos exclusivos para asociados.","og_url":"https:\/\/anmopyc.es\/fr\/se-connecter\/","og_site_name":"Anmopyc","article_publisher":"https:\/\/www.facebook.com\/anmopyc.red","article_modified_time":"2026-03-24T14:39:14+00:00","twitter_card":"summary_large_image","twitter_misc":{"Dur\u00e9e de lecture estim\u00e9e":"1 minute"},"schema":{"@context":"https:\/\/schema.org","@graph":[{"@type":"WebPage","@id":"https:\/\/anmopyc.es\/iniciar-sesion\/","url":"https:\/\/anmopyc.es\/iniciar-sesion\/","name":"Connexion - Anmopyc","isPartOf":{"@id":"https:\/\/anmopyc.es\/#website"},"primaryImageOfPage":{"@id":"https:\/\/anmopyc.es\/iniciar-sesion\/#primaryimage"},"image":{"@id":"https:\/\/anmopyc.es\/iniciar-sesion\/#primaryimage"},"thumbnailUrl":"https:\/\/anmopyc.es\/wp-content\/uploads\/2025\/10\/anmopyc-correctoAZUL.svg","datePublished":"2026-02-02T10:26:55+00:00","dateModified":"2026-03-24T14:39:14+00:00","description":"Accede a tu \u00e1rea privada de ANMOPYC para gestionar servicios, consultar informaci\u00f3n del sector y acceder a recursos exclusivos para asociados.","breadcrumb":{"@id":"https:\/\/anmopyc.es\/iniciar-sesion\/#breadcrumb"},"inLanguage":"fr-FR","potentialAction":[{"@type":"ReadAction","target":["https:\/\/anmopyc.es\/iniciar-sesion\/"]}]},{"@type":"ImageObject","inLanguage":"fr-FR","@id":"https:\/\/anmopyc.es\/iniciar-sesion\/#primaryimage","url":"https:\/\/anmopyc.es\/wp-content\/uploads\/2025\/10\/anmopyc-correctoAZUL.svg","contentUrl":"https:\/\/anmopyc.es\/wp-content\/uploads\/2025\/10\/anmopyc-correctoAZUL.svg","width":372,"height":129},{"@type":"BreadcrumbList","@id":"https:\/\/anmopyc.es\/iniciar-sesion\/#breadcrumb","itemListElement":[{"@type":"ListItem","position":1,"name":"Home","item":"https:\/\/anmopyc.es\/"},{"@type":"ListItem","position":2,"name":"Iniciar sesi\u00f3n"}]},{"@type":"WebSite","@id":"https:\/\/anmopyc.es\/#website","url":"https:\/\/anmopyc.es\/","name":"Anmopyc","description":"","publisher":{"@id":"https:\/\/anmopyc.es\/#organization"},"potentialAction":[{"@type":"SearchAction","target":{"@type":"EntryPoint","urlTemplate":"https:\/\/anmopyc.es\/?s={search_term_string}"},"query-input":{"@type":"PropertyValueSpecification","valueRequired":true,"valueName":"search_term_string"}}],"inLanguage":"fr-FR"},{"@type":"Organization","@id":"https:\/\/anmopyc.es\/#organization","name":"Anmopyc","url":"https:\/\/anmopyc.es\/","logo":{"@type":"ImageObject","inLanguage":"fr-FR","@id":"https:\/\/anmopyc.es\/#\/schema\/logo\/image\/","url":"https:\/\/anmopyc.es\/wp-content\/uploads\/2025\/10\/anmopyc-correctoAZUL.svg","contentUrl":"https:\/\/anmopyc.es\/wp-content\/uploads\/2025\/10\/anmopyc-correctoAZUL.svg","width":372,"height":129,"caption":"Anmopyc"},"image":{"@id":"https:\/\/anmopyc.es\/#\/schema\/logo\/image\/"},"sameAs":["https:\/\/www.facebook.com\/anmopyc.red"]}]}},"_links":{"self":[{"href":"https:\/\/anmopyc.es\/fr\/wp-json\/wp\/v2\/pages\/16254","targetHints":{"allow":["GET"]}}],"collection":[{"href":"https:\/\/anmopyc.es\/fr\/wp-json\/wp\/v2\/pages"}],"about":[{"href":"https:\/\/anmopyc.es\/fr\/wp-json\/wp\/v2\/types\/page"}],"author":[{"embeddable":true,"href":"https:\/\/anmopyc.es\/fr\/wp-json\/wp\/v2\/users\/1"}],"replies":[{"embeddable":true,"href":"https:\/\/anmopyc.es\/fr\/wp-json\/wp\/v2\/comments?post=16254"}],"version-history":[{"count":37,"href":"https:\/\/anmopyc.es\/fr\/wp-json\/wp\/v2\/pages\/16254\/revisions"}],"predecessor-version":[{"id":17047,"href":"https:\/\/anmopyc.es\/fr\/wp-json\/wp\/v2\/pages\/16254\/revisions\/17047"}],"wp:featuredmedia":[{"embeddable":true,"href":"https:\/\/anmopyc.es\/fr\/wp-json\/wp\/v2\/media\/44"}],"wp:attachment":[{"href":"https:\/\/anmopyc.es\/fr\/wp-json\/wp\/v2\/media?parent=16254"}],"curies":[{"name":"wp","href":"https:\/\/api.w.org\/{rel}","templated":true}]}}